{"id":148964,"date":"2024-09-02T12:37:11","date_gmt":"2024-09-02T10:37:11","guid":{"rendered":"https:\/\/secureus.se\/assa-abloy-h100-aperio-lasare-for-hoger-handtag\/"},"modified":"2025-10-21T12:43:03","modified_gmt":"2025-10-21T10:43:03","slug":"assa-abloy-h100-aperio-lasare-for-hoger-handtag","status":"publish","type":"product","link":"https:\/\/secureus.se\/no\/assa-abloy-h100-aperio-lasare-for-hoger-handtag\/","title":{"rendered":"ASSA ABLOY H100 Aperio-leser for h\u00f8yre h\u00e5ndtak"},"content":{"rendered":"<h2 class=\"display-4 d-none d-md-block\">Produktinformasjon<\/h2>\n<div id=\"collapseProductInformation\" class=\"product-presentation__accordion collapse d-md-block\">\n<div class=\"mb-3\">DBL362 er en fremtidssikker kompakt d\u00f8rbladleser som h\u00e5ndterer 13,56 MHz-teknologier: MIFARE Classic, MIFARE Plus (niv\u00e5 1 og 3), MIFARE DESFire EV1+2, iCLASS og SEOS. Leseren har ogs\u00e5 st\u00f8tte for \u00e5 kunne oppgradere til fremtidige 13,56 MHz-teknologier i fremtiden.<br \/>\nLeseren er manipulasjonssikker da den har all intelligensen trygt p\u00e5 innsiden og kun antennedelen p\u00e5 utsiden.<br \/>\nDBL362-leseren best\u00e5r av en leserenhet og en ABLOY elektrisk l\u00e5s EL981 med delt spindelfunksjon, trykkf\u00f8ling og d\u00f8rposisjonsindikering.<\/div>\n<div class=\"mb-3\">Det er ikke n\u00f8dvendig \u00e5 bore ekstra hull i d\u00f8ren for montering av l\u00e5sehus eller leserenhet n\u00e5r kabelen er plassert innenfor eller utenfor d\u00f8ren.<\/div>\n<div class=\"mb-3\">Aggregatet kan suppleres med trykk- og l\u00e5sesylinder etter \u00f8nske.<br \/>\nDBL362 brukes hovedsakelig p\u00e5 innerd\u00f8rer som sprengningssikring, eksempler p\u00e5 slike lokaler er garderober, innvendige boder, innerd\u00f8rer, kjellerd\u00f8rer og kontorer.<br \/>\nAll programmering av systemet gj\u00f8res via ARX eller RX WEB programvare og alle konfigurasjonsdata lagres i en sentral database.<\/div>\n<div class=\"mb-3\">Fordelene med sentralkoblede d\u00f8rbladlesere er mange. Administrasjonen av autorisasjoner er enkel da individuelle kort umiddelbart kan sperres i systemet. De siste hendelsene lagres i en loggfil i systemet.<br \/>\nDBL360 har innebygget d\u00f8rkontrollenhet (DAC), som muliggj\u00f8r enkel installasjon da den kobles direkte til sentralenheten i tilgangssystemet.<\/div>\n<\/div>","protected":false},"excerpt":{"rendered":"<p>ASSA ABLOY H100 Aperio-leser for h\u00f8yre h\u00e5ndtak<\/p>","protected":false},"featured_media":136267,"template":"","meta":{"_acf_changed":false},"product_brand":[],"product_cat":[4124],"product_tag":[4418,4863],"class_list":{"0":"post-148964","1":"product","2":"type-product","3":"status-publish","4":"has-post-thumbnail","6":"product_cat-dorrhandtag-innerdorr","7":"product_tag-assa-passer-lasare-port","8":"product_tag-pf","9":"product_shipping_class-tunga-paket","10":"pa_brands-abloy","11":"tm-no-options","13":"first","14":"instock","15":"sale","16":"taxable","17":"shipping-taxable","18":"purchasable","19":"product-type-simple"},"acf":[],"_links":{"self":[{"href":"https:\/\/secureus.se\/no\/wp-json\/wp\/v2\/product\/148964","targetHints":{"allow":["GET"]}}],"collection":[{"href":"https:\/\/secureus.se\/no\/wp-json\/wp\/v2\/product"}],"about":[{"href":"https:\/\/secureus.se\/no\/wp-json\/wp\/v2\/types\/product"}],"wp:featuredmedia":[{"embeddable":true,"href":"https:\/\/secureus.se\/no\/wp-json\/wp\/v2\/media\/136267"}],"wp:attachment":[{"href":"https:\/\/secureus.se\/no\/wp-json\/wp\/v2\/media?parent=148964"}],"wp:term":[{"taxonomy":"product_brand","embeddable":true,"href":"https:\/\/secureus.se\/no\/wp-json\/wp\/v2\/product_brand?post=148964"},{"taxonomy":"product_cat","embeddable":true,"href":"https:\/\/secureus.se\/no\/wp-json\/wp\/v2\/product_cat?post=148964"},{"taxonomy":"product_tag","embeddable":true,"href":"https:\/\/secureus.se\/no\/wp-json\/wp\/v2\/product_tag?post=148964"}],"curies":[{"name":"wp","href":"https:\/\/api.w.org\/{rel}","templated":true}]}}