{"id":149059,"date":"2025-03-18T14:41:47","date_gmt":"2025-03-18T13:41:47","guid":{"rendered":"https:\/\/secureus.se\/ajax-psu-stromforsorjningskort-12v-24v-for-hub2-hub2plus-rex-2\/"},"modified":"2026-03-30T23:38:16","modified_gmt":"2026-03-30T21:38:16","slug":"ajax-psu-stromforsorjningskort-12v-24v-for-hub2-hub2plus-rex-2","status":"publish","type":"product","link":"https:\/\/secureus.se\/no\/ajax-psu-stromforsorjningskort-12v-24v-for-hub2-hub2plus-rex-2\/","title":{"rendered":"Ajax PSU str\u00f8mforsyningskort 12V-24V for Hub2, Hub2Plus, ReX 2"},"content":{"rendered":"<div class=\"mb-3\">\n<p>Str\u00f8mforsyningskort som er installert i Hub 2, Hub2Plus og ReX 2 for \u00e5 kunne forsyne dem med 12-24VDC. Perfekt hvis du f.eks. \u00f8nsker \u00e5 alarmere b\u00e5ten eller bobilen\/campingvognen eller koble til en ekstern str\u00f8mforsyning.<\/p>\n<p>Kompatibilitet: Hub 2, Hub2Plus og ReX 2<\/p>\n<p>Inngangsspenning: 8-32VDC<br \/>\nStr\u00f8minngang: &lt;1A<br \/>\nStikkontakt: 6,5 x 2 mm<br \/>\nDC-plugg: 5,5 x 2,1 mm med skruterminal (inkludert)<\/p>\n<\/div>","protected":false},"excerpt":{"rendered":"<p>En alternativ str\u00f8mforsyningsenhet som kobler Ajax-huber og rekkeviddeforlengere til lavspenningskilder. Erstatter den innebygde 110\/230 VAC str\u00f8mforsyningsenheten.<\/p>\n<p>Hovedfunksjoner<br \/>\nKompatibel med Hub 2 og Hub 2 Plus<br \/>\nRekkeviddeforlenger ReX 2<br \/>\nStandard stikkontakt som kobler til st\u00f8pselet og en terminaladapter i settet<\/p>","protected":false},"featured_media":151889,"template":"","meta":{"_acf_changed":false},"product_brand":[],"product_cat":[3171],"product_tag":[4863],"class_list":{"0":"post-149059","1":"product","2":"type-product","3":"status-publish","4":"has-post-thumbnail","6":"product_cat-psu-stromforsorjning","7":"product_tag-pf","8":"product_shipping_class-postnord-varubrev","9":"pa_brands-ajax-systems","10":"tm-no-options","12":"first","13":"instock","14":"sale","15":"taxable","16":"shipping-taxable","17":"purchasable","18":"product-type-simple"},"acf":[],"_links":{"self":[{"href":"https:\/\/secureus.se\/no\/wp-json\/wp\/v2\/product\/149059","targetHints":{"allow":["GET"]}}],"collection":[{"href":"https:\/\/secureus.se\/no\/wp-json\/wp\/v2\/product"}],"about":[{"href":"https:\/\/secureus.se\/no\/wp-json\/wp\/v2\/types\/product"}],"wp:featuredmedia":[{"embeddable":true,"href":"https:\/\/secureus.se\/no\/wp-json\/wp\/v2\/media\/151889"}],"wp:attachment":[{"href":"https:\/\/secureus.se\/no\/wp-json\/wp\/v2\/media?parent=149059"}],"wp:term":[{"taxonomy":"product_brand","embeddable":true,"href":"https:\/\/secureus.se\/no\/wp-json\/wp\/v2\/product_brand?post=149059"},{"taxonomy":"product_cat","embeddable":true,"href":"https:\/\/secureus.se\/no\/wp-json\/wp\/v2\/product_cat?post=149059"},{"taxonomy":"product_tag","embeddable":true,"href":"https:\/\/secureus.se\/no\/wp-json\/wp\/v2\/product_tag?post=149059"}],"curies":[{"name":"wp","href":"https:\/\/api.w.org\/{rel}","templated":true}]}}