{"id":149262,"date":"2025-03-25T11:25:58","date_gmt":"2025-03-25T10:25:58","guid":{"rendered":"https:\/\/secureus.se\/varning-for-hunden-skylt-hund-aluminium-a4-210-x-297-mm\/"},"modified":"2026-03-05T08:13:34","modified_gmt":"2026-03-05T07:13:34","slug":"varning-for-hunden-skylt-hund-aluminium-a4-210-x-297-mm","status":"publish","type":"product","link":"https:\/\/secureus.se\/no\/varning-for-hunden-skylt-hund-aluminium-a4-210-x-297-mm\/","title":{"rendered":"ADVARSEL FOR HUNDER \u2013 Hundeskilt \u2013 Aluminium (A4 \u2013 210 x 297 mm)"},"content":{"rendered":"<p class=\"\" data-start=\"516\" data-end=\"873\"><strong data-start=\"516\" data-end=\"577\">ADVARSEL FOR HUNDER \u2013 Aluminiumsskilt (A4, 210 \u00d7 297 mm)<\/strong><br data-start=\"577\" data-end=\"580\" \/>Gi en klar beskjed til uvelkomne bes\u00f8kende og gj\u00f8r det lettere for gjester som er redde for hunder med dette robuste og h\u00f8ykvalitets aluminiumsskiltet. Designet viser en hundesilhuett mot gul bakgrunn, sammen med teksten &quot;ADVARSEL FOR HUND&quot; i svart, noe som gj\u00f8r skiltet b\u00e5de i\u00f8ynefallende og informativt.<\/p>\n<h3 class=\"\" data-start=\"875\" data-end=\"918\"><strong data-start=\"879\" data-end=\"918\">Hvorfor et advarsel om hund-tegn?<\/strong><\/h3>\n<ul data-start=\"919\" data-end=\"1344\">\n<li class=\"\" data-start=\"919\" data-end=\"1045\">\n<p class=\"\" data-start=\"921\" data-end=\"1045\"><strong data-start=\"921\" data-end=\"947\">Avskrekker inntrengere:<\/strong> Ved \u00e5 tydelig signalisere at en hund er i omr\u00e5det, reduserer du risikoen for uvelkomne bes\u00f8k.<\/p>\n<\/li>\n<li class=\"\" data-start=\"1046\" data-end=\"1195\">\n<p class=\"\" data-start=\"1048\" data-end=\"1195\"><strong data-start=\"1048\" data-end=\"1074\">Hensyn til hundeeiere:<\/strong> Bes\u00f8kende f\u00e5r tidlig indikasjon p\u00e5 at en hund er tilstede, noe som skaper trygghet og reduserer overraskelser.<\/p>\n<\/li>\n<li class=\"\" data-start=\"1196\" data-end=\"1344\">\n<p class=\"\" data-start=\"1198\" data-end=\"1344\"><strong data-start=\"1198\" data-end=\"1222\">Beskytter eiendommen din:<\/strong> Et varselskilt er et enkelt, men effektivt sikkerhetstiltak, spesielt i kombinasjon med andre alarm- og sikkerhetsl\u00f8sninger.<\/p>\n<\/li>\n<\/ul>\n<h3 class=\"\" data-start=\"1346\" data-end=\"1379\"><strong data-start=\"1350\" data-end=\"1379\">Robust og v\u00e6rbestandig<\/strong><\/h3>\n<ul data-start=\"1380\" data-end=\"1848\">\n<li class=\"\" data-start=\"1380\" data-end=\"1509\">\n<p class=\"\" data-start=\"1382\" data-end=\"1509\"><strong data-start=\"1382\" data-end=\"1410\">Laget av aluminium:<\/strong> Motst\u00e5r rust og korrosjon, noe som gj\u00f8r den egnet for t\u00f8ffe skandinaviske klimaforhold.<\/p>\n<\/li>\n<li class=\"\" data-start=\"1510\" data-end=\"1638\">\n<p class=\"\" data-start=\"1512\" data-end=\"1638\"><strong data-start=\"1512\" data-end=\"1538\">UV- og fuktbestandig:<\/strong> Fargene falmer ikke og skiltet forblir i god stand selv i skiftende temperaturer og v\u00e6r.<\/p>\n<\/li>\n<li class=\"\" data-start=\"1639\" data-end=\"1848\">\n<p class=\"\" data-start=\"1641\" data-end=\"1848\"><strong data-start=\"1641\" data-end=\"1661\">Enkel montering:<\/strong> Utstyrt med sterk klebende bakside (3M tape) eller forh\u00e5ndsborede hull (hvis du \u00f8nsker \u00e5 skru), og gir flere muligheter for \u00e5 feste skiltet til porter, d\u00f8rer, gjerder eller andre overflater.<\/p>\n<\/li>\n<\/ul>\n<h3 class=\"\" data-start=\"1850\" data-end=\"1876\"><strong data-start=\"1854\" data-end=\"1876\">Bruksomr\u00e5der<\/strong><\/h3>\n<ul data-start=\"1877\" data-end=\"2262\">\n<li class=\"\" data-start=\"1877\" data-end=\"2019\">\n<p class=\"\" data-start=\"1879\" data-end=\"2019\"><strong data-start=\"1879\" data-end=\"1898\">Private boliger:<\/strong> Plasser skiltet ved inngangsd\u00f8ren, porten eller gjerdet for \u00e5 informere gjester og avskrekke potensielle inntrengere.<\/p>\n<\/li>\n<li class=\"\" data-start=\"2020\" data-end=\"2126\">\n<p class=\"\" data-start=\"2022\" data-end=\"2126\"><strong data-start=\"2022\" data-end=\"2050\">Hundel\u00f8p og hager:<\/strong> Merk tydelig at det er hund i omr\u00e5det, slik at bes\u00f8kende er forberedt.<\/p>\n<\/li>\n<li class=\"\" data-start=\"2127\" data-end=\"2262\">\n<p class=\"\" data-start=\"2129\" data-end=\"2262\"><strong data-start=\"2129\" data-end=\"2154\">Bedrifter og foreninger:<\/strong> Ogs\u00e5 nyttig i lokaler eller klubber der hunder oppholder seg, for \u00e5 holde ansatte og medlemmer informert.<\/p>\n<\/li>\n<\/ul>\n<h3 class=\"\" data-start=\"2264\" data-end=\"2294\"><strong data-start=\"2268\" data-end=\"2294\">Produktspesifikasjoner<\/strong><\/h3>\n<ul data-start=\"2295\" data-end=\"2544\">\n<li class=\"\" data-start=\"2295\" data-end=\"2326\">\n<p class=\"\" data-start=\"2297\" data-end=\"2326\"><strong data-start=\"2297\" data-end=\"2306\">M\u00e5le:<\/strong> A4 (210 \u00d7 297 mm)<\/p>\n<\/li>\n<li class=\"\" data-start=\"2327\" data-end=\"2385\">\n<p class=\"\" data-start=\"2329\" data-end=\"2385\"><strong data-start=\"2329\" data-end=\"2342\">Materiale:<\/strong> Aluminium (slitesterk og v\u00e6rbestandig)<\/p>\n<\/li>\n<li class=\"\" data-start=\"2386\" data-end=\"2479\">\n<p class=\"\" data-start=\"2388\" data-end=\"2479\"><strong data-start=\"2388\" data-end=\"2402\">Vedleggsmetode:<\/strong> Selvklebende bakside (3M) eller skruemontering (hull kan bores om n\u00f8dvendig)<\/p>\n<\/li>\n<li class=\"\" data-start=\"2480\" data-end=\"2544\">\n<p class=\"\" data-start=\"2482\" data-end=\"2544\"><strong data-start=\"2482\" data-end=\"2500\">Farge og design:<\/strong> Gul bakgrunn, svart tekst og hundesilhuett<\/p>\n<\/li>\n<\/ul>\n<p class=\"\" data-start=\"2546\" data-end=\"2575\"><strong data-start=\"2546\" data-end=\"2575\">Innhold i pakken:<\/strong><\/p>\n<ul data-start=\"2576\" data-end=\"2626\">\n<li class=\"\" data-start=\"2576\" data-end=\"2626\">\n<p class=\"\" data-start=\"2578\" data-end=\"2626\">1 stk <em data-start=\"2583\" data-end=\"2603\">ADVARSEL FOR HUNDEN<\/em>-aluminiumsskilt (A4)<\/p>\n<\/li>\n<\/ul>\n<hr class=\"\" data-start=\"2628\" data-end=\"2631\" \/>\n<p class=\"\" data-start=\"2633\" data-end=\"2821\">Med denne <em data-start=\"2643\" data-end=\"2663\">ADVARSEL FOR HUNDEN<\/em>-aluminiumsskilt gir deg en holdbar, klar og langvarig l\u00f8sning som hjelper til med \u00e5 holde u\u00f8nskede gjester unna og informerer bes\u00f8kende om hundens tilstedev\u00e6relse.<\/p>","protected":false},"excerpt":{"rendered":"<p><strong data-start=\"192\" data-end=\"239\">ADVARSEL FOR HUNDER \u2013 Aluminiumsskilt (A4)<\/strong><br data-start=\"239\" data-end=\"242\" \/>Beskytt hjemmet ditt og hunden din med et tydelig og holdbart varselskilt i A4-format. Laget av aluminium for \u00e5 t\u00e5le t\u00f8ffe v\u00e6rforhold, perfekt for utend\u00f8rs bruk. Avskrekke inntrengere og informere bes\u00f8kende om at det er en hund p\u00e5 stedet.<\/p>","protected":false},"featured_media":156006,"template":"","meta":{"_acf_changed":false},"product_brand":[],"product_cat":[1323],"product_tag":[],"class_list":{"0":"post-149262","1":"product","2":"type-product","3":"status-publish","4":"has-post-thumbnail","6":"product_cat-larmdekaler","7":"product_shipping_class-postnord-varubrev","8":"pa_brands-secureus","9":"pa_storlek-a4-21x29-7cm","10":"tm-no-options","12":"first","13":"instock","14":"sale","15":"taxable","16":"shipping-taxable","17":"purchasable","18":"product-type-simple"},"acf":[],"_links":{"self":[{"href":"https:\/\/secureus.se\/no\/wp-json\/wp\/v2\/product\/149262","targetHints":{"allow":["GET"]}}],"collection":[{"href":"https:\/\/secureus.se\/no\/wp-json\/wp\/v2\/product"}],"about":[{"href":"https:\/\/secureus.se\/no\/wp-json\/wp\/v2\/types\/product"}],"wp:featuredmedia":[{"embeddable":true,"href":"https:\/\/secureus.se\/no\/wp-json\/wp\/v2\/media\/156006"}],"wp:attachment":[{"href":"https:\/\/secureus.se\/no\/wp-json\/wp\/v2\/media?parent=149262"}],"wp:term":[{"taxonomy":"product_brand","embeddable":true,"href":"https:\/\/secureus.se\/no\/wp-json\/wp\/v2\/product_brand?post=149262"},{"taxonomy":"product_cat","embeddable":true,"href":"https:\/\/secureus.se\/no\/wp-json\/wp\/v2\/product_cat?post=149262"},{"taxonomy":"product_tag","embeddable":true,"href":"https:\/\/secureus.se\/no\/wp-json\/wp\/v2\/product_tag?post=149262"}],"curies":[{"name":"wp","href":"https:\/\/api.w.org\/{rel}","templated":true}]}}