{"id":149264,"date":"2025-03-25T11:26:19","date_gmt":"2025-03-25T10:26:19","guid":{"rendered":"https:\/\/secureus.se\/varning-for-hunden-skylt-hund-aluminium-a5-14-8x21cm\/"},"modified":"2026-03-27T11:20:45","modified_gmt":"2026-03-27T10:20:45","slug":"varning-for-hunden-skylt-hund-aluminium-a5-14-8x21cm","status":"publish","type":"product","link":"https:\/\/secureus.se\/no\/varning-for-hunden-skylt-hund-aluminium-a5-14-8x21cm\/","title":{"rendered":"ADVARSEL FOR HUNDER \u2013 Hundeskilt \u2013 Aluminium (A5 \u2013 14,8x21cm)"},"content":{"rendered":"<p class=\"\" data-start=\"556\" data-end=\"848\"><strong data-start=\"556\" data-end=\"617\">ADVARSEL FOR HUNDER \u2013 Aluminiumsskilt (A5, 148 \u00d7 210 mm)<\/strong><br data-start=\"617\" data-end=\"620\" \/>V\u00e6r tydelig p\u00e5 at det er en hund i omr\u00e5det og frar\u00e5d uvelkomne gjester. Dette skiltet i A5-st\u00f8rrelse er laget av slitesterk aluminium og er perfekt for de som \u00f8nsker en litt mindre, men fortsatt synlig advarsel.<\/p>\n<h3 class=\"\" data-start=\"850\" data-end=\"904\"><strong data-start=\"854\" data-end=\"904\">Hvorfor et advarselshundskilt?<\/strong><\/h3>\n<ul data-start=\"905\" data-end=\"1259\">\n<li class=\"\" data-start=\"905\" data-end=\"1030\">\n<p class=\"\" data-start=\"907\" data-end=\"1030\"><strong data-start=\"907\" data-end=\"931\">Avskrekkende effekt:<\/strong> Signaliser tydelig at en hund er i n\u00e6rheten og reduser risikoen for innbrudd og u\u00f8nsket bes\u00f8k.<\/p>\n<\/li>\n<li class=\"\" data-start=\"1031\" data-end=\"1135\">\n<p class=\"\" data-start=\"1033\" data-end=\"1135\"><strong data-start=\"1033\" data-end=\"1056\">Informer bes\u00f8kende:<\/strong> Gj\u00f8r gjester som er redde for hunder eller ikke er vant til dem oppmerksomme p\u00e5 at det er en hund til stede.<\/p>\n<\/li>\n<li class=\"\" data-start=\"1136\" data-end=\"1259\">\n<p class=\"\" data-start=\"1138\" data-end=\"1259\"><strong data-start=\"1138\" data-end=\"1157\">Fleksibelt format:<\/strong> A5 (148 \u00d7 210 mm) er mindre enn A4 og passer godt p\u00e5 porter, d\u00f8rer og gjerder med begrenset plass.<\/p>\n<\/li>\n<\/ul>\n<h3 class=\"\" data-start=\"1261\" data-end=\"1292\"><strong data-start=\"1265\" data-end=\"1292\">H\u00f8ykvalitets aluminium<\/strong><\/h3>\n<ul data-start=\"1293\" data-end=\"1663\">\n<li class=\"\" data-start=\"1293\" data-end=\"1419\">\n<p class=\"\" data-start=\"1295\" data-end=\"1419\"><strong data-start=\"1295\" data-end=\"1329\">Rust- og korrosjonsbestandig:<\/strong> Aluminiumskonstruksjonen garanterer lang levetid selv under t\u00f8ffe utend\u00f8rsforhold.<\/p>\n<\/li>\n<li class=\"\" data-start=\"1420\" data-end=\"1535\">\n<p class=\"\" data-start=\"1422\" data-end=\"1535\"><strong data-start=\"1422\" data-end=\"1450\">V\u00e6r- og UV-bestandig:<\/strong> Fargen falmer ikke i solen, og skiltet t\u00e5ler regn, kulde og varme uten problemer.<\/p>\n<\/li>\n<li class=\"\" data-start=\"1536\" data-end=\"1663\">\n<p class=\"\" data-start=\"1538\" data-end=\"1663\"><strong data-start=\"1538\" data-end=\"1558\">Enkel montering:<\/strong> Utstyrt med selvklebende bakside (3M tape) eller skrumonteringsalternativ (hvis du \u00f8nsker \u00e5 bore hull).<\/p>\n<\/li>\n<\/ul>\n<h3 class=\"\" data-start=\"1665\" data-end=\"1691\"><strong data-start=\"1669\" data-end=\"1691\">Bruksomr\u00e5der<\/strong><\/h3>\n<ul data-start=\"1692\" data-end=\"1974\">\n<li class=\"\" data-start=\"1692\" data-end=\"1763\">\n<p class=\"\" data-start=\"1694\" data-end=\"1763\"><strong data-start=\"1694\" data-end=\"1711\">Privat bolig:<\/strong> Plasser skiltet p\u00e5 inngangsd\u00f8ren, porten eller gjerdet.<\/p>\n<\/li>\n<li class=\"\" data-start=\"1764\" data-end=\"1862\">\n<p class=\"\" data-start=\"1766\" data-end=\"1862\"><strong data-start=\"1766\" data-end=\"1794\">Hundeg\u00e5rd eller hage:<\/strong> Merk tydelig hvor hunden skal oppholde seg for \u00e5 unng\u00e5 overraskelser.<\/p>\n<\/li>\n<li class=\"\" data-start=\"1863\" data-end=\"1974\">\n<p class=\"\" data-start=\"1865\" data-end=\"1974\"><strong data-start=\"1865\" data-end=\"1890\">Bedrifter og foreninger:<\/strong> Perfekt for omr\u00e5der der hunder er tillatt, som klubbhus eller vakthundomr\u00e5der.<\/p>\n<\/li>\n<\/ul>\n<h3 class=\"\" data-start=\"1976\" data-end=\"2006\"><strong data-start=\"1980\" data-end=\"2006\">Produktspesifikasjoner<\/strong><\/h3>\n<ul data-start=\"2007\" data-end=\"2222\">\n<li class=\"\" data-start=\"2007\" data-end=\"2038\">\n<p class=\"\" data-start=\"2009\" data-end=\"2038\"><strong data-start=\"2009\" data-end=\"2018\">M\u00e5le:<\/strong> A5 (148 \u00d7 210 mm)<\/p>\n<\/li>\n<li class=\"\" data-start=\"2039\" data-end=\"2066\">\n<p class=\"\" data-start=\"2041\" data-end=\"2066\"><strong data-start=\"2041\" data-end=\"2054\">Materiale:<\/strong> Aluminium<\/p>\n<\/li>\n<li class=\"\" data-start=\"2067\" data-end=\"2134\">\n<p class=\"\" data-start=\"2069\" data-end=\"2134\"><strong data-start=\"2069\" data-end=\"2087\">Farge og design:<\/strong> Gul bakgrunn med svart tekst og hundesilhuett<\/p>\n<\/li>\n<li class=\"\" data-start=\"2135\" data-end=\"2222\">\n<p class=\"\" data-start=\"2137\" data-end=\"2222\"><strong data-start=\"2137\" data-end=\"2151\">Vedleggsmetode:<\/strong> Selvklebende bakside (3M) eller skruemontering (hull bores om n\u00f8dvendig)<\/p>\n<\/li>\n<\/ul>\n<p class=\"\" data-start=\"2224\" data-end=\"2253\"><strong data-start=\"2224\" data-end=\"2253\">Pakken inneholder:<\/strong><\/p>\n<ul data-start=\"2254\" data-end=\"2304\">\n<li class=\"\" data-start=\"2254\" data-end=\"2304\">\n<p class=\"\" data-start=\"2256\" data-end=\"2304\">1 stk <em data-start=\"2261\" data-end=\"2281\">ADVARSEL FOR HUNDEN<\/em>-aluminiumsskilt (A5)<\/p>\n<\/li>\n<\/ul>\n<p class=\"\" data-start=\"2306\" data-end=\"2541\">Med et A5-skilt f\u00e5r du en praktisk st\u00f8rrelse som fortsatt er tydelig og effektiv til \u00e5 informere og avskrekke. Ved \u00e5 kombinere en robust konstruksjon med et i\u00f8ynefallende design, blir dette et p\u00e5litelig sikkerhetstiltak for ethvert milj\u00f8.<\/p>","protected":false},"excerpt":{"rendered":"<p><strong data-start=\"224\" data-end=\"271\">ADVARSEL FOR HUNDER \u2013 Aluminiumsskilt (A5)<\/strong><br data-start=\"271\" data-end=\"274\" \/>Beskytt hjemmet ditt og hunden din med et tydelig og holdbart varselskilt i A5-format. Laget av aluminium for \u00e5 t\u00e5le t\u00f8ffe v\u00e6rforhold, perfekt for utend\u00f8rs bruk. Avskrekke inntrengere og informere bes\u00f8kende om at det er en hund p\u00e5 stedet.<\/p>","protected":false},"featured_media":156006,"template":"","meta":{"_acf_changed":false},"product_brand":[],"product_cat":[1323],"product_tag":[],"class_list":{"0":"post-149264","1":"product","2":"type-product","3":"status-publish","4":"has-post-thumbnail","6":"product_cat-larmdekaler","7":"product_shipping_class-postnord-varubrev","8":"pa_brands-secureus","9":"pa_storlek-a5-14-8x21cm","10":"tm-no-options","12":"first","13":"instock","14":"sale","15":"taxable","16":"shipping-taxable","17":"purchasable","18":"product-type-simple"},"acf":[],"_links":{"self":[{"href":"https:\/\/secureus.se\/no\/wp-json\/wp\/v2\/product\/149264","targetHints":{"allow":["GET"]}}],"collection":[{"href":"https:\/\/secureus.se\/no\/wp-json\/wp\/v2\/product"}],"about":[{"href":"https:\/\/secureus.se\/no\/wp-json\/wp\/v2\/types\/product"}],"wp:featuredmedia":[{"embeddable":true,"href":"https:\/\/secureus.se\/no\/wp-json\/wp\/v2\/media\/156006"}],"wp:attachment":[{"href":"https:\/\/secureus.se\/no\/wp-json\/wp\/v2\/media?parent=149264"}],"wp:term":[{"taxonomy":"product_brand","embeddable":true,"href":"https:\/\/secureus.se\/no\/wp-json\/wp\/v2\/product_brand?post=149264"},{"taxonomy":"product_cat","embeddable":true,"href":"https:\/\/secureus.se\/no\/wp-json\/wp\/v2\/product_cat?post=149264"},{"taxonomy":"product_tag","embeddable":true,"href":"https:\/\/secureus.se\/no\/wp-json\/wp\/v2\/product_tag?post=149264"}],"curies":[{"name":"wp","href":"https:\/\/api.w.org\/{rel}","templated":true}]}}