{"id":149268,"date":"2025-03-25T11:43:49","date_gmt":"2025-03-25T10:43:49","guid":{"rendered":"https:\/\/secureus.se\/?post_type=product&#038;p=149268"},"modified":"2026-01-11T14:12:36","modified_gmt":"2026-01-11T13:12:36","slug":"warning-varning-hund-skylt-aluminium-a4-210-x-297-mm","status":"publish","type":"product","link":"https:\/\/secureus.se\/no\/warning-varning-hund-skylt-aluminium-a4-210-x-297-mm\/","title":{"rendered":"ADVARSEL \u2013 Advarsel hundeskilt \u2013 aluminium (A4 \u2013 210 x 297 mm)"},"content":{"rendered":"<p class=\"\" data-start=\"560\" data-end=\"852\"><strong data-start=\"560\" data-end=\"623\">ADVARSEL \u2013 Advarsel hundeskilt i aluminium (A4, 21 \u00d7 29,7 cm)<\/strong><br data-start=\"623\" data-end=\"626\" \/>Gi et tydelig og profesjonelt inntrykk av at det er en hund i omr\u00e5det. Dette A4-aluminiumsskiltet er st\u00f8rre enn v\u00e5r A5-variant og fanger derfor oppmerksomhet enda lettere, og avskrekker effektivt u\u00f8nskede bes\u00f8kende.<\/p>\n<h3 class=\"\" data-start=\"854\" data-end=\"892\"><strong data-start=\"858\" data-end=\"892\">Klar og avskrekkende design<\/strong><\/h3>\n<ul data-start=\"893\" data-end=\"1118\">\n<li class=\"\" data-start=\"893\" data-end=\"1030\">\n<p class=\"\" data-start=\"895\" data-end=\"1030\"><strong data-start=\"895\" data-end=\"913\">Sterk advarsel:<\/strong> Den knallgule bakgrunnen, sammen med teksten &quot;ADVARSEL&quot; og en hundesilhuett, skaper et umiddelbar varselsignal.<\/p>\n<\/li>\n<li class=\"\" data-start=\"1031\" data-end=\"1118\">\n<p class=\"\" data-start=\"1033\" data-end=\"1118\"><strong data-start=\"1033\" data-end=\"1053\">Advarsel til hund:<\/strong> Reduserer risikoen for innbrudd og overrasker ikke gjester som er redde for hunder.<\/p>\n<\/li>\n<\/ul>\n<h3 class=\"\" data-start=\"1120\" data-end=\"1151\"><strong data-start=\"1124\" data-end=\"1151\">H\u00f8ykvalitets aluminium<\/strong><\/h3>\n<ul data-start=\"1152\" data-end=\"1374\">\n<li class=\"\" data-start=\"1152\" data-end=\"1283\">\n<p class=\"\" data-start=\"1154\" data-end=\"1283\"><strong data-start=\"1154\" data-end=\"1188\">Rust- og korrosjonsbestandig:<\/strong> T\u00e5ler skandinavisk klima med regn, sn\u00f8 og sterkt solskinn uten \u00e5 miste farge eller form.<\/p>\n<\/li>\n<li class=\"\" data-start=\"1284\" data-end=\"1374\">\n<p class=\"\" data-start=\"1286\" data-end=\"1374\"><strong data-start=\"1286\" data-end=\"1305\">Lang levetid:<\/strong> En holdbar investering som holder seg fin og oversiktlig i mange \u00e5r.<\/p>\n<\/li>\n<\/ul>\n<h3 class=\"\" data-start=\"1376\" data-end=\"1402\"><strong data-start=\"1380\" data-end=\"1402\">Enkel installasjon<\/strong><\/h3>\n<ul data-start=\"1403\" data-end=\"1574\">\n<li class=\"\" data-start=\"1403\" data-end=\"1476\">\n<p class=\"\" data-start=\"1405\" data-end=\"1476\"><strong data-start=\"1405\" data-end=\"1431\">Selvklebende 3M tape:<\/strong> Monteres raskt og enkelt p\u00e5 glatte overflater.<\/p>\n<\/li>\n<li class=\"\" data-start=\"1477\" data-end=\"1574\">\n<p class=\"\" data-start=\"1479\" data-end=\"1574\"><strong data-start=\"1479\" data-end=\"1498\">Skruemontering:<\/strong> \u00d8nsker du ekstra stabilitet kan du bore hull og feste skiltet med skruer.<\/p>\n<\/li>\n<\/ul>\n<h3 class=\"\" data-start=\"1576\" data-end=\"1613\"><strong data-start=\"1580\" data-end=\"1613\">Allsidige applikasjoner<\/strong><\/h3>\n<ul data-start=\"1614\" data-end=\"1879\">\n<li class=\"\" data-start=\"1614\" data-end=\"1707\">\n<p class=\"\" data-start=\"1616\" data-end=\"1707\"><strong data-start=\"1616\" data-end=\"1635\">Private boliger:<\/strong> Plasser ved inngangsd\u00f8rer, porter eller gjerder for \u00e5 advare bes\u00f8kende.<\/p>\n<\/li>\n<li class=\"\" data-start=\"1708\" data-end=\"1775\">\n<p class=\"\" data-start=\"1710\" data-end=\"1775\"><strong data-start=\"1710\" data-end=\"1738\">Hager og hundel\u00f8p:<\/strong> Merk tydelig hvor hunden oppholder seg.<\/p>\n<\/li>\n<li class=\"\" data-start=\"1776\" data-end=\"1879\">\n<p class=\"\" data-start=\"1778\" data-end=\"1879\"><strong data-start=\"1778\" data-end=\"1798\">Bedrift og lager:<\/strong> Ogs\u00e5 nyttig i profesjonelle milj\u00f8er med vakthunder eller begrensede omr\u00e5der.<\/p>\n<\/li>\n<\/ul>\n<h4 class=\"\" data-start=\"1881\" data-end=\"1912\"><strong data-start=\"1886\" data-end=\"1912\">Produktspesifikasjoner<\/strong><\/h4>\n<ul data-start=\"1913\" data-end=\"2147\">\n<li class=\"\" data-start=\"1913\" data-end=\"1944\">\n<p class=\"\" data-start=\"1915\" data-end=\"1944\"><strong data-start=\"1915\" data-end=\"1924\">M\u00e5le:<\/strong> A4 (21 \u00d7 29,7 cm)<\/p>\n<\/li>\n<li class=\"\" data-start=\"1945\" data-end=\"2003\">\n<p class=\"\" data-start=\"1947\" data-end=\"2003\"><strong data-start=\"1947\" data-end=\"1960\">Materiale:<\/strong> Aluminium (slitesterk og v\u00e6rbestandig)<\/p>\n<\/li>\n<li class=\"\" data-start=\"2004\" data-end=\"2071\">\n<p class=\"\" data-start=\"2006\" data-end=\"2071\"><strong data-start=\"2006\" data-end=\"2017\">Design:<\/strong> Gul bakgrunn, svart tekst &quot;ADVARSEL&quot; og hundesilhuett<\/p>\n<\/li>\n<li class=\"\" data-start=\"2072\" data-end=\"2147\">\n<p class=\"\" data-start=\"2074\" data-end=\"2147\"><strong data-start=\"2074\" data-end=\"2088\">Montering:<\/strong> Selvklebende 3M tape eller skruer (hull bores om n\u00f8dvendig)<\/p>\n<\/li>\n<\/ul>\n<hr class=\"\" data-start=\"2149\" data-end=\"2152\" \/>\n<p class=\"\" data-start=\"2154\" data-end=\"2324\">Med sin st\u00f8rre st\u00f8rrelse og robuste design er dette A4-skiltet en effektiv l\u00f8sning for \u00e5 \u00f8ke sikkerheten og varsle alle bes\u00f8kende om tilstedev\u00e6relsen av en hund i n\u00e6rheten.<\/p>","protected":false},"excerpt":{"rendered":"<p><strong data-start=\"205\" data-end=\"253\">ADVARSEL \u2013 Advarsel hundeskilt (A4, aluminium)<\/strong><br data-start=\"253\" data-end=\"256\" \/>Et st\u00f8rre, robust og v\u00e6rbestandig skilt i A4-format for \u00e5 advare mot hunder. Laget av aluminium med et i\u00f8ynefallende design p\u00e5 gul bakgrunn. Leveres med selvklebende 3M tape for enkel montering, men kan ogs\u00e5 skrus fast. Perfekt for porter, d\u00f8rer og gjerder.<\/p>","protected":false},"featured_media":156007,"template":"","meta":{"_acf_changed":false},"product_brand":[],"product_cat":[1323],"product_tag":[],"class_list":{"0":"post-149268","1":"product","2":"type-product","3":"status-publish","4":"has-post-thumbnail","6":"product_cat-larmdekaler","7":"product_shipping_class-postnord-varubrev","8":"pa_brands-secureus","9":"pa_storlek-a4-21x29-7cm","10":"tm-no-options","12":"first","13":"instock","14":"sale","15":"taxable","16":"shipping-taxable","17":"purchasable","18":"product-type-simple"},"acf":[],"_links":{"self":[{"href":"https:\/\/secureus.se\/no\/wp-json\/wp\/v2\/product\/149268","targetHints":{"allow":["GET"]}}],"collection":[{"href":"https:\/\/secureus.se\/no\/wp-json\/wp\/v2\/product"}],"about":[{"href":"https:\/\/secureus.se\/no\/wp-json\/wp\/v2\/types\/product"}],"wp:featuredmedia":[{"embeddable":true,"href":"https:\/\/secureus.se\/no\/wp-json\/wp\/v2\/media\/156007"}],"wp:attachment":[{"href":"https:\/\/secureus.se\/no\/wp-json\/wp\/v2\/media?parent=149268"}],"wp:term":[{"taxonomy":"product_brand","embeddable":true,"href":"https:\/\/secureus.se\/no\/wp-json\/wp\/v2\/product_brand?post=149268"},{"taxonomy":"product_cat","embeddable":true,"href":"https:\/\/secureus.se\/no\/wp-json\/wp\/v2\/product_cat?post=149268"},{"taxonomy":"product_tag","embeddable":true,"href":"https:\/\/secureus.se\/no\/wp-json\/wp\/v2\/product_tag?post=149268"}],"curies":[{"name":"wp","href":"https:\/\/api.w.org\/{rel}","templated":true}]}}