{"id":149387,"date":"2022-07-04T07:52:43","date_gmt":"2022-07-04T05:52:43","guid":{"rendered":"https:\/\/secureus.se\/motorlas-6300\/"},"modified":"2026-01-12T13:17:53","modified_gmt":"2026-01-12T12:17:53","slug":"motorlas-6300","status":"publish","type":"product","link":"https:\/\/secureus.se\/no\/motorlas-6300\/","title":{"rendered":"Safetron Motorl\u00e5s 6300"},"content":{"rendered":"<p>Motorl\u00e5s 6300 i smalprofildesign utl\u00f8ses p\u00e5 0,2 sekunder og derfor er det normalt ikke n\u00f8dvendig med egen dagl\u00e5s p\u00e5 h\u00f8yfrekvente d\u00f8rer. Typiske bruksomr\u00e5der er dag-, natt- og sikkerhetsl\u00e5sing i handel, kontor og industri og hvor det stilles h\u00f8ye til sv\u00e6rt h\u00f8ye krav til sikkerhet. Motorl\u00e5s 6300 er tilpasset for \u00e5 fungere sammen med d\u00f8rautomatikk.<\/p>\n<p>Styreenhet CU2 har markedets bredeste bruksomr\u00e5de, samtidig som den er mest brukervennlig. Med CU2 kan to motorl\u00e5ser kobles til uten begrensninger i signalutveksling, dette betyr at CU2 i praksis er to styreenheter i en. Det er ogs\u00e5 mulig \u00e5 programmere AUX-releer for \u00f8nsket funksjon, f.eks. full kontroll for d\u00f8rautomatisering eller essensiell funksjon.<\/p>\n<p>Kontrollenhet CU2 har automatisk skanning, som gj\u00f8r installasjonen plug-and-play. Ingen igangsetting er n\u00f8dvendig, men sammenkobling mellom enheter skjer automatisk etter 12t, da settes ogs\u00e5 installasjonsdatoen digitalt i enhetene, fra hvilken garantiperioden begynner \u00e5 gjelde.<\/p>\n<p>B\u00e5de l\u00e5sehuset og kontrollenheten har innebygget navigerbart display, som muliggj\u00f8r justering av konfigurasjonen samt informasjonshenting av f.eks. arrangementer og installasjonsdatoer.<\/p>\n<p>\u2022 Sertifisert i henhold til SSF-3522 l\u00e5s klasse 3, 4 og 5 og SS-EN 14846 Grade 7<\/p>\n<p>\u2022 Krokregel<\/p>\n<p>\u2022 Tilpasset d\u00f8rautomatikk<\/p>\n<p>\u2022 Opptil 100m kabel<\/p>\n<p>\u2022 Automatisk initialisering<\/p>\n<p>\u2022 Dorndybde 35mm<\/p>\n<p>\u2022 Deaktiverer i 0,2 sekunder<\/p>\n<p>\u2022 Kan \u00e5pnes med n\u00f8kkel\/knott (90 graders rotasjon)<\/p>\n<p>\u2022 Servicemodul i styreenhet<\/p>\n<p>\u2022 Hendelseslogg<\/p>\n<p>\u2022 Feilkodelogg<\/p>\n<p>\u2022 Seriekobling, opptil to motorl\u00e5ser til en kontrollenhet<\/p>\n<p>\u2022 Spenning: 10-48VDC, 8-35VAC, 60-300 mA<\/p>\n<p>\u2022 Temperatur: -30\u00b0C til +70\u00b0C<\/p>\n<p>\u2022 Passer til skandinaviske ovale og runde sylindre<\/p>","protected":false},"excerpt":{"rendered":"<p>Motorl\u00e5s 6300 i smalprofilutf\u00f6rande fr\u00e5nreglar under 0.2 sekunder och d\u00e4rf\u00f6r beh\u00f6vs normalt sett inget separat dagl\u00e5s p\u00e5 h\u00f6gfrekventa d\u00f6rrar. Typiska anv\u00e4ndningsomr\u00e5den \u00e4r dag-, natt- och s\u00e4kerhetsl\u00e5sning inom handel, kontor och<\/p>","protected":false},"featured_media":142821,"template":"","meta":{"_acf_changed":false},"product_brand":[],"product_cat":[2874],"product_tag":[4542,4500,4866,4501],"class_list":{"0":"post-149387","1":"product","2":"type-product","3":"status-publish","4":"has-post-thumbnail","6":"product_cat-motorlas","7":"product_tag-panikutrymning-nej","8":"product_tag-rel-safetron-motorlas","9":"product_tag-safetron-20","10":"product_tag-safetron-motorlas","11":"product_shipping_class-tunga-paket","12":"pa_brands-7safetron","13":"tm-no-options","15":"first","16":"instock","17":"sale","18":"featured","19":"taxable","20":"shipping-taxable","21":"purchasable","22":"product-type-simple"},"acf":[],"_links":{"self":[{"href":"https:\/\/secureus.se\/no\/wp-json\/wp\/v2\/product\/149387","targetHints":{"allow":["GET"]}}],"collection":[{"href":"https:\/\/secureus.se\/no\/wp-json\/wp\/v2\/product"}],"about":[{"href":"https:\/\/secureus.se\/no\/wp-json\/wp\/v2\/types\/product"}],"wp:featuredmedia":[{"embeddable":true,"href":"https:\/\/secureus.se\/no\/wp-json\/wp\/v2\/media\/142821"}],"wp:attachment":[{"href":"https:\/\/secureus.se\/no\/wp-json\/wp\/v2\/media?parent=149387"}],"wp:term":[{"taxonomy":"product_brand","embeddable":true,"href":"https:\/\/secureus.se\/no\/wp-json\/wp\/v2\/product_brand?post=149387"},{"taxonomy":"product_cat","embeddable":true,"href":"https:\/\/secureus.se\/no\/wp-json\/wp\/v2\/product_cat?post=149387"},{"taxonomy":"product_tag","embeddable":true,"href":"https:\/\/secureus.se\/no\/wp-json\/wp\/v2\/product_tag?post=149387"}],"curies":[{"name":"wp","href":"https:\/\/api.w.org\/{rel}","templated":true}]}}