{"id":149394,"date":"2022-07-04T09:56:45","date_gmt":"2022-07-04T07:56:45","guid":{"rendered":"https:\/\/secureus.se\/styrenhet-5000\/"},"modified":"2026-01-12T13:24:41","modified_gmt":"2026-01-12T12:24:41","slug":"styrenhet-5000","status":"publish","type":"product","link":"https:\/\/secureus.se\/no\/styrenhet-5000\/","title":{"rendered":"Safetron kontrollenhet 5000"},"content":{"rendered":"<p>Styreenhet 5000 standard fungerer sammen med motorl\u00e5sbokser 5150, 5188, 5250, 5350, 5450, 5328, 5335 og oppfyller kravene iht bl.a. WEE og RoHS. Styreenheten er utstyrt med doble rel\u00e9utganger for maksimal signalutveksling. Det er tre separate innganger for aktivering av l\u00e5sen, potensialfri stenging, timer og str\u00f8mimpuls. Alarmutgang og sabotasjemikrobryter. Prosessoren er programmert slik at alarmen utl\u00f8ses ved kabelbrudd, dette for \u00f8kt sikkerhet. svensk laget.<br \/>\n<br \/>\n?Oppfyller kravene etter bl.a. WEE og RoHS<br \/>\n<br \/>\n?Rel\u00e9utganger:<br \/>\n<br \/>\n Dagblokkering<br \/>\n<br \/>\n N\u00f8d\u00e5pning \/ tidskontroll<br \/>\n<br \/>\n Utvendig d\u00f8rmagnetkontakt<br \/>\n<br \/>\n Alarm<br \/>\n<br \/>\n D\u00f8r lukket<br \/>\n<br \/>\n D\u00f8r \u00e5pen<br \/>\n<br \/>\n Foralarm<br \/>\n<br \/>\n Herske p\u00e5 innsiden<br \/>\n<br \/>\n utelukke<br \/>\n<br \/>\n Impulssignal<br \/>\n<br \/>\n \u00c5pningsimpuls, potensialfri<br \/>\n<br \/>\n \u00c5pningsimpuls, spenning<br \/>\n<br \/>\n Beskyttende jord<br \/>\n<br \/>\n?Sabotasjemikrobryter<br \/>\n<br \/>\n? Kortslutning beskyttet<br \/>\n<br \/>\nSpenning: 10-35VDC\/8-24VAC, 50-350mA<br \/>\n<br \/>\nM\u00e5l: (hxb) 220\u00d7108 mm<\/p>","protected":false},"excerpt":{"rendered":"<p>Styrenhet 5000 standard fungererar tillsammans med motorl\u00e5skistorna 5150, 5188, 5250, 5350, 5450, 5328, 5335 och uppfyller kraven enligt bl.a. WEE och RoHS. Styrenheten \u00e4r f\u00f6rsedd med dubbla rel\u00e4utg\u00e5ngar f\u00f6r maximalt<\/p>","protected":false},"featured_media":142061,"template":"","meta":{"_acf_changed":false},"product_brand":[],"product_cat":[2834],"product_tag":[4508,4866,4503],"class_list":{"0":"post-149394","1":"product","2":"type-product","3":"status-publish","4":"has-post-thumbnail","6":"product_cat-ellas-motorlastillbehor","7":"product_tag-ellas-tillbehor-styrenheter","8":"product_tag-safetron-20","9":"product_tag-safetron-tillbehor-motorlas-5000-serien","10":"product_shipping_class-tunga-paket","11":"pa_brands-7safetron","12":"tm-has-options","14":"first","15":"instock","16":"featured","17":"taxable","18":"shipping-taxable","19":"purchasable","20":"product-type-simple"},"acf":[],"_links":{"self":[{"href":"https:\/\/secureus.se\/no\/wp-json\/wp\/v2\/product\/149394","targetHints":{"allow":["GET"]}}],"collection":[{"href":"https:\/\/secureus.se\/no\/wp-json\/wp\/v2\/product"}],"about":[{"href":"https:\/\/secureus.se\/no\/wp-json\/wp\/v2\/types\/product"}],"wp:featuredmedia":[{"embeddable":true,"href":"https:\/\/secureus.se\/no\/wp-json\/wp\/v2\/media\/142061"}],"wp:attachment":[{"href":"https:\/\/secureus.se\/no\/wp-json\/wp\/v2\/media?parent=149394"}],"wp:term":[{"taxonomy":"product_brand","embeddable":true,"href":"https:\/\/secureus.se\/no\/wp-json\/wp\/v2\/product_brand?post=149394"},{"taxonomy":"product_cat","embeddable":true,"href":"https:\/\/secureus.se\/no\/wp-json\/wp\/v2\/product_cat?post=149394"},{"taxonomy":"product_tag","embeddable":true,"href":"https:\/\/secureus.se\/no\/wp-json\/wp\/v2\/product_tag?post=149394"}],"curies":[{"name":"wp","href":"https:\/\/api.w.org\/{rel}","templated":true}]}}