{"id":149395,"date":"2022-07-04T10:04:07","date_gmt":"2022-07-04T08:04:07","guid":{"rendered":"https:\/\/secureus.se\/relakort-rec\/"},"modified":"2025-09-25T17:52:42","modified_gmt":"2025-09-25T15:52:42","slug":"relakort-rec","status":"publish","type":"product","link":"https:\/\/secureus.se\/no\/relakort-rec\/","title":{"rendered":"Safetron rel\u00e9kort REC"},"content":{"rendered":"<p>SAFETRON REC er et rel\u00e9kort som h\u00e5ndterer gjeninnlegg i kombinasjon med SAFETRON SL621 eller SAFETRON SL630 n\u00e5r disse brukes med n\u00f8devakueringsarmatur 794. <\/p>\n<p>Trykkfunksjonen i SL621 og SL630 har reversfunksjon og derved aktiveres omhus ved \u00e5 bryte ned spenningen til d\u00f8rmilj\u00f8et. Havariet kan gj\u00f8res ved aktivert brannalarm eller ved aktivert n\u00f8darmatur 794 som kobles til SAFETRON REC. <\/p>\n<p>Aktiveringen til trykket kobles via rel\u00e9kortet REC, mikrobryteren til n\u00f8devakueringsenheten er koblet til rel\u00e9kortet. N\u00e5r r\u00f8mningsbeslaget aktiveres, bryter l\u00e5serel\u00e9et, noe som bryter spenningen til trykket, som deretter settes i en mekanisk tilkoblet posisjon og dermed tillater gjeninntak. <\/p>\n<p>Tilbakestilling skjer ved potensialfri tilkobling til rel\u00e9kortet. SAFETRON REC har alarmutganger NO\/NC for \u00e5 signalisere aktivert omhus.<\/p>","protected":false},"excerpt":{"rendered":"<p>SAFETRON REC \u00e4r ett rel\u00e4kort vilket hanterar \u00e5terinrymning i kombination med SAFETRON SL621 eller SAFETRON SL630 n\u00e4r dessa anv\u00e4nds med n\u00f6dutrymningsbeslag 794. Tryckesfunktionen i SL621 och SL630 har omv\u00e4nd funktion<\/p>","protected":false},"featured_media":141950,"template":"","meta":{"_acf_changed":false},"product_brand":[],"product_cat":[2834],"product_tag":[4508,4866,4505],"class_list":{"0":"post-149395","1":"product","2":"type-product","3":"status-publish","4":"has-post-thumbnail","6":"product_cat-ellas-motorlastillbehor","7":"product_tag-ellas-tillbehor-styrenheter","8":"product_tag-safetron-20","9":"product_tag-safetron-tillbehor-600-serien","10":"product_shipping_class-tunga-paket","11":"pa_brands-7safetron","12":"tm-no-options","14":"first","15":"instock","16":"sale","17":"featured","18":"taxable","19":"shipping-taxable","20":"purchasable","21":"product-type-simple"},"acf":[],"_links":{"self":[{"href":"https:\/\/secureus.se\/no\/wp-json\/wp\/v2\/product\/149395","targetHints":{"allow":["GET"]}}],"collection":[{"href":"https:\/\/secureus.se\/no\/wp-json\/wp\/v2\/product"}],"about":[{"href":"https:\/\/secureus.se\/no\/wp-json\/wp\/v2\/types\/product"}],"wp:featuredmedia":[{"embeddable":true,"href":"https:\/\/secureus.se\/no\/wp-json\/wp\/v2\/media\/141950"}],"wp:attachment":[{"href":"https:\/\/secureus.se\/no\/wp-json\/wp\/v2\/media?parent=149395"}],"wp:term":[{"taxonomy":"product_brand","embeddable":true,"href":"https:\/\/secureus.se\/no\/wp-json\/wp\/v2\/product_brand?post=149395"},{"taxonomy":"product_cat","embeddable":true,"href":"https:\/\/secureus.se\/no\/wp-json\/wp\/v2\/product_cat?post=149395"},{"taxonomy":"product_tag","embeddable":true,"href":"https:\/\/secureus.se\/no\/wp-json\/wp\/v2\/product_tag?post=149395"}],"curies":[{"name":"wp","href":"https:\/\/api.w.org\/{rel}","templated":true}]}}