{"id":149402,"date":"2022-07-04T07:49:46","date_gmt":"2022-07-04T05:49:46","guid":{"rendered":"https:\/\/secureus.se\/motorlas-5328-kpl\/"},"modified":"2026-01-12T13:16:32","modified_gmt":"2026-01-12T12:16:32","slug":"motorlas-5328-kpl","status":"publish","type":"product","link":"https:\/\/secureus.se\/no\/motorlas-5328-kpl\/","title":{"rendered":"Safetron Motorl\u00e5s 5328 kpl"},"content":{"rendered":"<p>SAFETRON motorl\u00e5s 5328 i settemballasje. Settpakken inneholder: motorl\u00e5s 5328, styreenhet 5000, tilkoblingskabel C01 (10m), endeplate 102 og rammeoverf\u00f8ring CT81.<\/p>\n<p>SAFETRON motorl\u00e5s 5328 i smalprofildesign utl\u00f8ses p\u00e5 0,3 sekunder og derfor er det normalt ikke n\u00f8dvendig med egen dagl\u00e5s p\u00e5 h\u00f8yfrekvente d\u00f8rer. Motorl\u00e5sen fungerer perfekt sammen med automatiske d\u00f8r\u00e5pnere.<\/p>\n<p>Typiske bruksomr\u00e5der er dag-, natt- og sikkerhetsl\u00e5s i handel, kontor og industri. L\u00e5sen oppfyller krav tilsvarende SS 3079 l\u00e5s klasse 3. Motorl\u00e5sen er utstyrt med et forsterket rett stempel for maksimal styrke.<\/p>\n<p>\u2022 Dorndybde: 28 mm<\/p>\n<p>\u2022 Hekt regelstempel<\/p>\n<p>\u2022 Deaktiveres i 0,3 sekunder<\/p>\n<p>\u2022 Tilpasset d\u00f8rautomatikk<\/p>\n<p>\u2022 Sertifisert i henhold til SS-EN 14846<\/p>\n<p>Styreenheten har doble terminalrekker (NC\/NO) og f\u00f8lgende rel\u00e9funksjon:<\/p>\n<p>\u2022 Potensialfri \u00e5pningsimpuls<\/p>\n<p>\u2022 Timer\/n\u00f8d\u00e5pning<\/p>\n<p>\u2022 Utvendig d\u00f8rmagnet<\/p>\n<p>\u2022 Alarm<\/p>\n<p>\u2022 D\u00f8r lukket<\/p>\n<p>\u2022 Utelukk<\/p>\n<p>\u2022 Stille inn \u00e5pningstid 1-25 s<\/p>\n<p>\u2022 Alarm ved kabeltap<\/p>\n<p>\u2022 \u00c5pningsimpulsspenning<\/p>\n<p>\u2022 Dagsblokkering<\/p>\n<p>\u2022 D\u00f8r \u00e5pen<\/p>\n<p>\u2022 Alarmknappfunksjon<\/p>\n<p>\u2022 Herske p\u00e5 innsiden<\/p>\n<p>\u2022 Impulssignal<\/p>\n<p>\u2022 Spenning: 10-35 VDC\/ 8-24 VAC<\/p>\n<p>\u2022 Str\u00f8mforbruk: 50-350 mA<\/p>","protected":false},"excerpt":{"rendered":"<p>SAFETRON motorl\u00e5s 5328 i satsf\u00f6rpackning. Satsf\u00f6rpackningen inneh\u00e5ller: motorl\u00e5s 5328, styrenhet 5000, anslutningskabel C01 (10m), slutbleck 102 samt karm\u00f6verf\u00f6ring CT81. SAFETRON motorl\u00e5s 5328 i smalprofilutf\u00f6rande fr\u00e5nreglar under 0.3 sekunder och d\u00e4rf\u00f6r<\/p>","protected":false},"featured_media":142119,"template":"","meta":{"_acf_changed":false},"product_brand":[],"product_cat":[2874],"product_tag":[4512,4500,4866,4511],"class_list":{"0":"post-149402","1":"product","2":"type-product","3":"status-publish","4":"has-post-thumbnail","6":"product_cat-motorlas","7":"product_tag-motorlas-komplett-kpl","8":"product_tag-rel-safetron-motorlas","9":"product_tag-safetron-20","10":"product_tag-safetron-eltryckeslas","11":"product_shipping_class-tunga-paket","12":"pa_brands-7safetron","13":"tm-no-options","15":"first","16":"instock","17":"sale","18":"featured","19":"taxable","20":"shipping-taxable","21":"purchasable","22":"product-type-simple"},"acf":[],"_links":{"self":[{"href":"https:\/\/secureus.se\/no\/wp-json\/wp\/v2\/product\/149402","targetHints":{"allow":["GET"]}}],"collection":[{"href":"https:\/\/secureus.se\/no\/wp-json\/wp\/v2\/product"}],"about":[{"href":"https:\/\/secureus.se\/no\/wp-json\/wp\/v2\/types\/product"}],"wp:featuredmedia":[{"embeddable":true,"href":"https:\/\/secureus.se\/no\/wp-json\/wp\/v2\/media\/142119"}],"wp:attachment":[{"href":"https:\/\/secureus.se\/no\/wp-json\/wp\/v2\/media?parent=149402"}],"wp:term":[{"taxonomy":"product_brand","embeddable":true,"href":"https:\/\/secureus.se\/no\/wp-json\/wp\/v2\/product_brand?post=149402"},{"taxonomy":"product_cat","embeddable":true,"href":"https:\/\/secureus.se\/no\/wp-json\/wp\/v2\/product_cat?post=149402"},{"taxonomy":"product_tag","embeddable":true,"href":"https:\/\/secureus.se\/no\/wp-json\/wp\/v2\/product_tag?post=149402"}],"curies":[{"name":"wp","href":"https:\/\/api.w.org\/{rel}","templated":true}]}}