{"id":149413,"date":"2022-07-04T07:50:05","date_gmt":"2022-07-04T05:50:05","guid":{"rendered":"https:\/\/secureus.se\/ellas-sl621-omvand\/"},"modified":"2026-01-12T15:22:28","modified_gmt":"2026-01-12T14:22:28","slug":"ellas-sl621-omvand","status":"publish","type":"product","link":"https:\/\/secureus.se\/no\/ellas-sl621-omvand\/","title":{"rendered":"Safetron elektrisk l\u00e5s SL621 vendbart l\u00e5shus"},"content":{"rendered":"<h1>Safetron elektrisk l\u00e5s SL621 vendbart l\u00e5shus<\/h1>\n<p>SAFETRON SL621 er neste generasjons multifunksjonelle elektriske trykkl\u00e5s med delt funksjon og patentert hybridteknologi.<\/p>\n<p>Typiske bruksomr\u00e5der er innvendig l\u00e5sing av h\u00f8yfrekvente d\u00f8rer i n\u00e6ringsbygg, sykehus, skoler, industri og flerfamilieboliger der h\u00f8y driftssikkerhet er n\u00f8dvendig.<\/p>\n<p>Indikasjon for forrigling, trykknappbevegelse og d\u00f8rstatus gis via en magnetkontakt og en knottindikasjon. Knotindikasjonen gj\u00f8r det mulig \u00e5 utl\u00f8se en alarm ved uautorisert sylinderpassasje.<\/p>\n<p>SL621 har reversfunksjon.<\/p>\n<p>SAFETRON SL621 har en patentert hybridteknologi som tillater endring av stempelplassering.<\/p>\n<p>Dette betyr at l\u00e5sen kan brukes sammen med sluttstykker og karmutsparinger tilpasset b\u00e5de ASSA connect- og ASSA classic-modulseriene.<\/p>\n<p>Dette gjelder b\u00e5de eldre og nyproduserte d\u00f8rmilj\u00f8er. Det er enkelt \u00e5 justere stempelplasseringen, like enkelt som en tradisjonell stempelreversering.<\/p>\n<p>SAFETRON SL621 er justerbar mellom enkeltfunksjon som gir elektrisk aktivering fra begge sider (doble kortlesere) og delt funksjon som betyr at den utvendige trykknappen styres elektrisk mens den innvendige trykknappen alltid er mekanisk aktivert og dermed alltid tillater en mekanisk utgang.<\/p>\n<p>Ved \u00e5 bruke l\u00e5sefunksjonen i delt posisjon elimineres behovet for en \u00e5pningsknapp eller adgangskontroll p\u00e5 innsiden.<\/p>\n<div class=\"tabRow\"><span class=\"bold\">Spenning<\/span>12\u201324 VDC (-10%\/+15%)<\/div>\n<div class=\"tabRow\"><span class=\"bold\">Str\u00f8mforbruk<\/span>12VDC: 70mA<br \/>\n24VDC: 40mA<\/div>\n<div class=\"tabRow\"><span class=\"bold\">Temperaturspenn<\/span>-20\u00b0C \u2013 +40\u00b0C<\/div>\n<div class=\"tabRow\"><span class=\"bold\">Trekk<\/span>Invers funksjon<\/div>\n<div class=\"tabRow\"><span class=\"bold\">Brannklassifisering<\/span>Ja (E\/EI 120)<\/div>\n<div class=\"tabRow\"><span class=\"bold\">Signaler<\/span>Forrigling, trykknappbevegelse, d\u00f8rstatus, sylinder<\/div>","protected":false},"excerpt":{"rendered":"<p>Safetron Ell\u00e5s SL621 omv\u00e4ndbart l\u00e5shus SAFETRON SL621 \u00e4r n\u00e4sta generationens multifunktionella eltryckesl\u00e5s med split funktion och patenterad hybridteknologi. Typiska anv\u00e4ndningsomr\u00e5den \u00e4r intern l\u00e5sning av h\u00f6gfrekventa d\u00f6rrar i aff\u00e4rsbyggnader, sjukhus, skolor,<\/p>","protected":false},"featured_media":141986,"template":"","meta":{"_acf_changed":false},"product_brand":[],"product_cat":[2429],"product_tag":[2286,4510,4866,4511],"class_list":{"0":"post-149413","1":"product","2":"type-product","3":"status-publish","4":"has-post-thumbnail","6":"product_cat-ellas","7":"product_tag-ellas-eltryckeslas","8":"product_tag-rel-safetron-eltryckeslas","9":"product_tag-safetron-20","10":"product_tag-safetron-eltryckeslas","11":"product_shipping_class-tunga-paket","12":"tm-no-options","14":"first","15":"instock","16":"sale","17":"featured","18":"taxable","19":"shipping-taxable","20":"purchasable","21":"product-type-simple"},"acf":[],"_links":{"self":[{"href":"https:\/\/secureus.se\/no\/wp-json\/wp\/v2\/product\/149413","targetHints":{"allow":["GET"]}}],"collection":[{"href":"https:\/\/secureus.se\/no\/wp-json\/wp\/v2\/product"}],"about":[{"href":"https:\/\/secureus.se\/no\/wp-json\/wp\/v2\/types\/product"}],"wp:featuredmedia":[{"embeddable":true,"href":"https:\/\/secureus.se\/no\/wp-json\/wp\/v2\/media\/141986"}],"wp:attachment":[{"href":"https:\/\/secureus.se\/no\/wp-json\/wp\/v2\/media?parent=149413"}],"wp:term":[{"taxonomy":"product_brand","embeddable":true,"href":"https:\/\/secureus.se\/no\/wp-json\/wp\/v2\/product_brand?post=149413"},{"taxonomy":"product_cat","embeddable":true,"href":"https:\/\/secureus.se\/no\/wp-json\/wp\/v2\/product_cat?post=149413"},{"taxonomy":"product_tag","embeddable":true,"href":"https:\/\/secureus.se\/no\/wp-json\/wp\/v2\/product_tag?post=149413"}],"curies":[{"name":"wp","href":"https:\/\/api.w.org\/{rel}","templated":true}]}}