{"id":149425,"date":"2025-03-28T15:13:48","date_gmt":"2025-03-28T14:13:48","guid":{"rendered":"https:\/\/secureus.se\/?post_type=product&#038;p=149425"},"modified":"2026-03-25T15:31:35","modified_gmt":"2026-03-25T14:31:35","slug":"eltryckeslas-step-132-modern-multi","status":"publish","type":"product","link":"https:\/\/secureus.se\/no\/eltryckeslas-step-132-modern-multi\/","title":{"rendered":"Elektrisk skyvel\u00e5s STEP 132 Modern Multi"},"content":{"rendered":"<p>\nSTEP 132 er en elektrisk trykkl\u00e5s med et unikt automatisk stempel som gir dobbel funksjon. Det gj\u00f8r at l\u00e5sen kan \u00e5pnes b\u00e5de elektrisk med trykk- og d\u00f8rautomatikk.<\/p>\n<div>Denne elektriske trykkl\u00e5sen er selvf\u00f8lgelig ogs\u00e5 utstyrt med v\u00e5r patenterte stripetrykkteknologi, som sikrer at l\u00e5sen t\u00e5ler et meget h\u00f8yt stripetrykk. Takket v\u00e6re disse egenskapene er STEP 132 et opplagt valg for d\u00f8rmilj\u00f8er med d\u00f8rautomatikk, brann- og evakueringskrav, hvor man samtidig \u00f8nsker \u00e5 sikre en h\u00f8y driftssikkerhet.\u00a0<\/div>\n<div>STEP 132 har n\u00f8yaktig de samme fine egenskapene og teknologiene som STEP 112. Forskjellen mellom de to elektriske trykkl\u00e5sene er at STEP 132 har et automatisk stempel som foldes sammen n\u00e5r d\u00f8ren \u00e5pnes elektrisk. STEP 132 er derfor tilpasset d\u00f8rmilj\u00f8er hvor man \u00f8nsker \u00f8kt tilgjengelighet.<\/div>\n<div><\/div>\n<div><b>Den doble funksjonen til det automatiske stempelet<\/b><\/div>\n<div>Det automatiske stempelet gir den elektriske endeplaten en dobbel funksjon. N\u00e5r d\u00f8ren \u00e5pnes med trykk, fungerer STEP 132 akkurat som en vanlig elektrisk trykkl\u00e5s med fallstempel.<\/div>\n<div>N\u00e5r d\u00f8ren \u00e5pnes elektrisk, kan det automatiske stempelet foldes og muliggj\u00f8r dermed \u00e5pning med d\u00f8rautomatikk. Umiddelbart etter at d\u00f8ren er \u00e5pnet, strekker det automatiske stempelet seg ut, fester seg i sin posisjon og fungerer som et normalt fallstempel igjen. TRINN 132 er uten delt funksjon, som betyr at l\u00e5sen styres elektrisk fra begge sider.<\/div>\n<div><\/div>\n<div><b>Brannbestandighet og h\u00f8y slitestyrke<\/b><\/div>\n<div>Fordi det automatiske stempelet ser ut som et normalt fallstempel, kan det fordele slitemotstanden over hele overflaten. Den s\u00f8rger ogs\u00e5 for at brannsikringen opprettholdes, selv om det er et gap mellom stempelet og endeplaten. Dette, i kombinasjon med STEP Strip trykkteknologi, gj\u00f8r at STEP 132 t\u00e5ler et h\u00f8yt stripetrykk og sikrer h\u00f8y driftssikkerhet.<\/div>\n<div><b>Kjennetegn:<\/b><\/p>\n<ul>\n<li>Moderne stempelplassering.<\/li>\n<li>Unikt automatisk stempel<\/li>\n<li>Mikrobryter enpolet alternerende, maks. 30 V DC, 1 A<\/li>\n<li>Multispenning<\/li>\n<li>Uten delt funksjon<\/li>\n<li>Vendbar for \u00e5 passe h\u00f8yre og venstre d\u00f8rer<\/li>\n<li>Byttbar forover\/bakover funksjon.<\/li>\n<li>Godkjent n\u00f8devakuering med STEP Exit n\u00f8devakueringstilbeh\u00f8r. Sertifisert i henhold til SS-EN 179:2008.<\/li>\n<li>Med STEP List-utskriftsteknologi<\/li>\n<li>Innebygd patentert DirectDrive\u00ae-funksjon gir direkte kontroll over trykket<\/li>\n<li>Innebygde mikrobrytere indikerer lukkede og l\u00e5ste posisjoner samt trykkaktivering<\/li>\n<li>Innebygd beskyttelsesdiode.<\/li>\n<li>Innebygd re-house funksjon<\/li>\n<li>Tilpasset for runde og ovale skandinaviske sylindre<\/li>\n<li>Dorndybde 50 mm<\/li>\n<li>Tilbakeslagstrykk anbefales<\/li>\n<li>Halogenfri kabel<\/li>\n<li>Patents\u00f8kt<\/li>\n<\/ul>\n<\/div>\n<div><b>Trekk:<\/b><\/p>\n<ul>\n<li>Det automatiske stempelet l\u00e5ser\/l\u00e5ser opp elektrisk via \u00e5pent signal fra adgangssystem, kodel\u00e5s, trykknapp eller lignende.<\/li>\n<li>Det automatiske stempelet trekkes inn mekanisk via sylinderroeren med n\u00f8kkel fra utsiden eller n\u00f8kkel\/knott fra innsiden.<\/li>\n<li>Trykket p\u00e5 inn- og utsiden aktiveres elektrisk via et passsystem, kodel\u00e5s eller lignende og trekker inn det automatiske stempelet.<\/li>\n<\/ul>\n<\/div>","protected":false},"excerpt":{"rendered":"<p>STEP 132 er en elektrisk trykkl\u00e5s med et unikt automatisk stempel som gir dobbel funksjon. Det gj\u00f8r at l\u00e5sen kan \u00e5pnes b\u00e5de elektrisk med trykk- og d\u00f8rautomatikk. Selvf\u00f8lgelig er dette ogs\u00e5<\/p>","protected":false},"featured_media":149424,"template":"","meta":{"_acf_changed":false},"product_brand":[],"product_cat":[2429],"product_tag":[],"class_list":{"0":"post-149425","1":"product","2":"type-product","3":"status-publish","4":"has-post-thumbnail","6":"product_cat-ellas","7":"pa_brands-step","8":"tm-no-options","10":"first","11":"instock","12":"sale","13":"taxable","14":"shipping-taxable","15":"purchasable","16":"product-type-simple"},"acf":[],"_links":{"self":[{"href":"https:\/\/secureus.se\/no\/wp-json\/wp\/v2\/product\/149425","targetHints":{"allow":["GET"]}}],"collection":[{"href":"https:\/\/secureus.se\/no\/wp-json\/wp\/v2\/product"}],"about":[{"href":"https:\/\/secureus.se\/no\/wp-json\/wp\/v2\/types\/product"}],"wp:featuredmedia":[{"embeddable":true,"href":"https:\/\/secureus.se\/no\/wp-json\/wp\/v2\/media\/149424"}],"wp:attachment":[{"href":"https:\/\/secureus.se\/no\/wp-json\/wp\/v2\/media?parent=149425"}],"wp:term":[{"taxonomy":"product_brand","embeddable":true,"href":"https:\/\/secureus.se\/no\/wp-json\/wp\/v2\/product_brand?post=149425"},{"taxonomy":"product_cat","embeddable":true,"href":"https:\/\/secureus.se\/no\/wp-json\/wp\/v2\/product_cat?post=149425"},{"taxonomy":"product_tag","embeddable":true,"href":"https:\/\/secureus.se\/no\/wp-json\/wp\/v2\/product_tag?post=149425"}],"curies":[{"name":"wp","href":"https:\/\/api.w.org\/{rel}","templated":true}]}}