{"id":149429,"date":"2025-03-28T15:13:50","date_gmt":"2025-03-28T14:13:50","guid":{"rendered":"https:\/\/secureus.se\/?post_type=product&#038;p=149429"},"modified":"2026-03-25T15:31:08","modified_gmt":"2026-03-25T14:31:08","slug":"eltryckeslas-step-122-klassisk-sats-12-24v","status":"publish","type":"product","link":"https:\/\/secureus.se\/no\/eltryckeslas-step-122-klassisk-sats-12-24v\/","title":{"rendered":"Elektrisk skyvel\u00e5s STEP 122 Classic Sett 12-24V"},"content":{"rendered":"<h1>Elektrisk skyvel\u00e5s STEP 122 Classic Sett 12-24V<\/h1>\n<div>STEP 122 er en slitesterk elektrisk skyvel\u00e5s i rustfritt st\u00e5l med klassisk stempelplassering og flere fleksible funksjoner.<\/div>\n<div>Designet er utviklet med STEPs anerkjente h\u00f8ye kvalitetskrav, som sikrer kraftig ytelse med h\u00f8y driftssikkerhet.<\/div>\n<div>L\u00e5sen kan brukes i d\u00f8rmilj\u00f8er med b\u00e5de brann- og evakueringskrav og er tilpasset bruk sammen med elektriske sluttplater.<\/div>\n<div>CE-merket i henhold til SS-EN 14846:2008 i brannklasse E\/EI120.<\/p>\n<p><b>Settet inneholder:<\/b><br \/>\nElektrisk skyvel\u00e5s Step 122 24V, tilkoblingskabel (10 m), og rammeoverf\u00f8ring.<\/div>\n<div><\/div>\n<div><b>Kjennetegn:<\/b><\/div>\n<div>\n<ul>\n<li>Klassisk stempelplassering.<\/li>\n<li>Sertifisert for brannmotstand opp til klasse E\/EI 120.<\/li>\n<li>Mikrobryter enpolet alternerende, maks. 30 V DC, 1 A.<\/li>\n<li>Innebygde mikrobrytere indikerer lukkede og l\u00e5ste posisjoner samt trykkaktivering.<\/li>\n<li>Innebygd beskyttelsesdiode.<\/li>\n<li>Vendbar for \u00e5 passe h\u00f8yre og venstre d\u00f8rer.<\/li>\n<li>Byttbar forover\/bakover funksjon.<\/li>\n<li>Omkoblingsbar elektrisk\/mekanisk betjent side.<\/li>\n<li>Tilpasset for runde og ovale skandinaviske sylindre.<\/li>\n<li>Dorndybde 50 mm.<\/li>\n<li>Tilbakeslagstrykk anbefales.<\/li>\n<\/ul>\n<\/div>\n<div><\/div>\n<div><b>Tekniske data:<\/b><\/div>\n<div>\n<ul>\n<li>Driftsspenning: 24 V DC + 15 % \u2013 10 %.<\/li>\n<li>Str\u00f8mforbruk: Maks 60 mA.<\/li>\n<li>Holdbarhet: Grad X i henhold til SS-EN 14846.<\/li>\n<\/ul>\n<\/div>","protected":false},"excerpt":{"rendered":"<p>Eltryckesl\u00e5s STEP 122 Klassisk Sats 12-24V STEP 122 \u00e4r ett slitstarkt eltryckesl\u00e5s i rostfritt st\u00e5l med klassisk kolvplacering och flera flexibla egenskaper. Konstruktionen \u00e4r framtagen med STEPs erk\u00e4nt h\u00f6ga kvalitetskrav<\/p>","protected":false},"featured_media":149428,"template":"","meta":{"_acf_changed":false},"product_brand":[],"product_cat":[2429],"product_tag":[2290],"class_list":{"0":"post-149429","1":"product","2":"type-product","3":"status-publish","4":"has-post-thumbnail","6":"product_cat-ellas","7":"product_tag-ellas-komplett-sats-kpl","8":"pa_brands-step","9":"tm-no-options","11":"first","12":"onbackorder","13":"sale","14":"taxable","15":"shipping-taxable","16":"purchasable","17":"product-type-simple"},"acf":[],"_links":{"self":[{"href":"https:\/\/secureus.se\/no\/wp-json\/wp\/v2\/product\/149429","targetHints":{"allow":["GET"]}}],"collection":[{"href":"https:\/\/secureus.se\/no\/wp-json\/wp\/v2\/product"}],"about":[{"href":"https:\/\/secureus.se\/no\/wp-json\/wp\/v2\/types\/product"}],"wp:featuredmedia":[{"embeddable":true,"href":"https:\/\/secureus.se\/no\/wp-json\/wp\/v2\/media\/149428"}],"wp:attachment":[{"href":"https:\/\/secureus.se\/no\/wp-json\/wp\/v2\/media?parent=149429"}],"wp:term":[{"taxonomy":"product_brand","embeddable":true,"href":"https:\/\/secureus.se\/no\/wp-json\/wp\/v2\/product_brand?post=149429"},{"taxonomy":"product_cat","embeddable":true,"href":"https:\/\/secureus.se\/no\/wp-json\/wp\/v2\/product_cat?post=149429"},{"taxonomy":"product_tag","embeddable":true,"href":"https:\/\/secureus.se\/no\/wp-json\/wp\/v2\/product_tag?post=149429"}],"curies":[{"name":"wp","href":"https:\/\/api.w.org\/{rel}","templated":true}]}}