{"id":149438,"date":"2025-03-28T15:13:50","date_gmt":"2025-03-28T14:13:50","guid":{"rendered":"https:\/\/secureus.se\/?post_type=product&#038;p=149438"},"modified":"2026-04-08T15:11:00","modified_gmt":"2026-04-08T13:11:00","slug":"eltryckeslas-step-130-modern-split-multi","status":"publish","type":"product","link":"https:\/\/secureus.se\/no\/eltryckeslas-step-130-modern-split-multi\/","title":{"rendered":"Elektrisk skyvel\u00e5s STEP 130 Modern Split Multi"},"content":{"rendered":"<h1>Elektrisk skyvel\u00e5s STEP 130 Modern Split Multi<\/h1>\n<p>STEP 130 er en elektrisk skyvel\u00e5s med et unikt automatisk stempel som gir en dobbel funksjon.<\/p>\n<p>Dette gj\u00f8r at l\u00e5sen kan \u00e5pnes b\u00e5de elektrisk med trykknapp og med automatisk d\u00f8r\u00e5pning.<\/p>\n<div>Denne elektriske skyvel\u00e5sen er selvf\u00f8lgelig ogs\u00e5 utstyrt med v\u00e5r patenterte stripetrykkteknologi, som sikrer at l\u00e5sen t\u00e5ler sv\u00e6rt h\u00f8yt stripetrykk.<\/div>\n<div>Takket v\u00e6re disse egenskapene er STEP 130 et opplagt valg for d\u00f8rmilj\u00f8er med automatiske d\u00f8rsystemer, brann- og evakueringskrav, hvor man ogs\u00e5 \u00f8nsker \u00e5 sikre h\u00f8y driftssikkerhet.<\/div>\n<div>STEP 130 har n\u00f8yaktig de samme flotte funksjonene og teknologiene som STEP 110.<\/div>\n<div>Forskjellen p\u00e5 de to elektriske trykknappl\u00e5sene er at STEP 130 har et automatisk stempel som foldes sammen n\u00e5r d\u00f8ren \u00e5pnes elektrisk.<\/div>\n<div>STEP 130 er derfor tilpasset d\u00f8rmilj\u00f8er hvor man \u00f8nsker \u00f8kt tilgjengelighet og\/eller handikaptilpasning.<\/div>\n<div><\/div>\n<div><b>Den doble funksjonen til det automatiske stempelet<\/b><\/div>\n<div>Det automatiske stempelet gir den elektriske endeplaten en dobbel funksjon.<\/div>\n<div>N\u00e5r d\u00f8ren \u00e5pnes med trykk, fungerer STEP 130 akkurat som en vanlig elektrisk trykkl\u00e5s med fallstempel.<\/div>\n<div>N\u00e5r d\u00f8ren \u00e5pnes elektrisk, kan det automatiske stempelet foldes, og dermed \u00e5pnes med automatisk d\u00f8rdrift.<\/div>\n<div>Umiddelbart etter at d\u00f8ren er \u00e5pnet, forlenges det automatiske stempelet, l\u00e5ses i posisjon og fungerer som et vanlig fallstempel igjen.<\/div>\n<div><\/div>\n<div><b>Brannbestandighet og h\u00f8y slitestyrke<\/b><\/div>\n<div>Fordi det automatiske stempelet ser ut som et vanlig fallstempel, kan det fordele slitestyrken over hele overflaten.<\/div>\n<div>Den s\u00f8rger ogs\u00e5 for at brannsikringen opprettholdes, selv om det skulle oppst\u00e5 et gap mellom stempelet og slagplaten.<\/div>\n<div>Dette i kombinasjon med STEP Strip Pressure Technology gj\u00f8r at STEP 130 t\u00e5ler h\u00f8yt stripetrykk og sikrer h\u00f8y driftssikkerhet.<\/div>\n<div><\/div>\n<div><b>Med delt funksjon<\/b><\/div>\n<div>STEP 130 er utstyrt med en split-funksjon, som gj\u00f8r at du kan la hvilken som helst side av l\u00e5sen skje med en mekanisk utgang.<\/div>\n<div>\n<p>Plass og h\u00f8y slitestyrke sikres ved at den mekanisk styrte siden har et solid innfesting hvor splittfunksjonen er sikret av rustfrie og herdede detaljer.<\/p>\n<p><b>Kjennetegn:<\/b><\/p>\n<ul>\n<li>Moderne stempelplassering.<\/li>\n<li>Unikt automatisk stempel<\/li>\n<li>Mikrobryter enpolet alternerende, maks. 30 V DC, 1 A<\/li>\n<li>Multispenning<\/li>\n<li>Vendbar for \u00e5 passe h\u00f8yre og venstre d\u00f8rer<\/li>\n<li>Byttbar forover\/bakover funksjon.<\/li>\n<li>Godkjent n\u00f8devakuering med STEP Exit n\u00f8devakueringstilbeh\u00f8r. Sertifisert i henhold til SS-EN 179:2008.<\/li>\n<li>Med delt funksjon. Omkoblingsbar elektrisk\/mekanisk betjent side<\/li>\n<li>Med STEP List-utskriftsteknologi<\/li>\n<li>Innebygd patentert DirectDrive\u00ae-funksjon gir direkte kontroll over trykket<\/li>\n<li>Innebygde mikrobrytere indikerer lukkede og l\u00e5ste posisjoner samt trykkaktivering<\/li>\n<li>Innebygd beskyttelsesdiode.<\/li>\n<li>Innebygd re-house funksjon<\/li>\n<li>Tilpasset for runde og ovale skandinaviske sylindre<\/li>\n<li>Dorndybde 50 mm<\/li>\n<li>Tilbakeslagstrykk anbefales<\/li>\n<li>Halogenfri kabel<\/li>\n<li>Patents\u00f8kt<\/li>\n<\/ul>\n<\/div>\n<div>\n<p><b>Trekk:<\/b><\/p>\n<ul>\n<li>Det automatiske stempelet l\u00e5ser\/l\u00e5ser opp elektrisk via \u00e5pent signal fra adgangssystem, kodel\u00e5s, trykknapp eller lignende.<\/li>\n<li>Det automatiske stempelet trekkes inn mekanisk via sylinderroeren med n\u00f8kkel fra utsiden eller n\u00f8kkel\/knott fra innsiden.<\/li>\n<li>Trykket p\u00e5 utsiden aktiveres elektrisk via adgangssystem, kodel\u00e5s eller lignende og trekker inn det automatiske stempelet.<\/li>\n<li>Trykket p\u00e5 innsiden er alltid mekanisk aktivt og trekker det automatiske stempelet inn.<\/li>\n<\/ul>\n<\/div>","protected":false},"excerpt":{"rendered":"<p>Elektrisk trykkl\u00e5s STEP 130 Modern Split Multi STEP 130 er en elektrisk trykkl\u00e5s med et unikt automatisk stempel som gir en dobbel funksjon. Dette gj\u00f8r at l\u00e5sen kan \u00e5pnes b\u00e5de elektrisk med en trykknapp.<\/p>","protected":false},"featured_media":149436,"template":"","meta":{"_acf_changed":false},"product_brand":[],"product_cat":[2429],"product_tag":[],"class_list":{"0":"post-149438","1":"product","2":"type-product","3":"status-publish","4":"has-post-thumbnail","6":"product_cat-ellas","7":"pa_brands-step","8":"tm-no-options","10":"first","11":"instock","12":"sale","13":"taxable","14":"shipping-taxable","15":"purchasable","16":"product-type-simple"},"acf":[],"_links":{"self":[{"href":"https:\/\/secureus.se\/no\/wp-json\/wp\/v2\/product\/149438","targetHints":{"allow":["GET"]}}],"collection":[{"href":"https:\/\/secureus.se\/no\/wp-json\/wp\/v2\/product"}],"about":[{"href":"https:\/\/secureus.se\/no\/wp-json\/wp\/v2\/types\/product"}],"wp:featuredmedia":[{"embeddable":true,"href":"https:\/\/secureus.se\/no\/wp-json\/wp\/v2\/media\/149436"}],"wp:attachment":[{"href":"https:\/\/secureus.se\/no\/wp-json\/wp\/v2\/media?parent=149438"}],"wp:term":[{"taxonomy":"product_brand","embeddable":true,"href":"https:\/\/secureus.se\/no\/wp-json\/wp\/v2\/product_brand?post=149438"},{"taxonomy":"product_cat","embeddable":true,"href":"https:\/\/secureus.se\/no\/wp-json\/wp\/v2\/product_cat?post=149438"},{"taxonomy":"product_tag","embeddable":true,"href":"https:\/\/secureus.se\/no\/wp-json\/wp\/v2\/product_tag?post=149438"}],"curies":[{"name":"wp","href":"https:\/\/api.w.org\/{rel}","templated":true}]}}