{"id":149465,"date":"2025-03-28T15:13:50","date_gmt":"2025-03-28T14:13:50","guid":{"rendered":"https:\/\/secureus.se\/?post_type=product&#038;p=149465"},"modified":"2026-03-25T15:30:25","modified_gmt":"2026-03-25T14:30:25","slug":"eltryckeslas-step-110-modern-split-12-24v","status":"publish","type":"product","link":"https:\/\/secureus.se\/no\/eltryckeslas-step-110-modern-split-12-24v\/","title":{"rendered":"Elektrisk trykkl\u00e5s STEP 110 Modern Split 12-24V"},"content":{"rendered":"<h1>Elektrisk trykkl\u00e5s STEP 110 Modern Split 12-24V<\/h1>\n<div>STEP 110 er en slitesterk elektrisk skyvel\u00e5s med splitfunksjon. Patents\u00f8kt direktedrift, s\u00e5kalt Direct Drive TM.<\/div>\n<div>Dette resulterer i en veldig myk og responsiv opplevelse n\u00e5r du bruker utskriften.<\/div>\n<div>Den stilige l\u00e5sen har en moderne stempelplassering med sylinderl\u00e5sen plassert i midten av l\u00e5skassen.<\/div>\n<div>Designet er utviklet med STEPs anerkjente h\u00f8ye kvalitetskrav, som sikrer kraftig ytelse med h\u00f8y driftssikkerhet.<\/div>\n<div>Den egner seg veldig godt til bruk med elektriske metallplater.<\/div>\n<div>CE-merket etter SS-EN 14846:2008 i brannklasse E\/EI120 og sertifisert etter SS-EN 179:2008 sammen med STEP Exit n\u00f8devakueringsbeslag ST17901, ST17902, ST17903 og ST17904.<\/div>\n<div><\/div>\n<div><b>Kjennetegn:\u00a0<\/b><\/div>\n<div>\n<ul>\n<li>Moderne stempelplassering tilsvarer Assas Connect<\/li>\n<li>Split funksjon<\/li>\n<li>Testet og sertifisert for brannmotstand opp til klasse FE\/EI 120.<\/li>\n<li>Mikrobryter enpolet alternerende, maks. 30 V DC, 1 A.<\/li>\n<li>Innebygd, patents\u00f8kt Direct DriveTM \u2013 funksjon som gir direkte kontroll av trykket.<\/li>\n<li>Innebygde mikrobrytere indikerer lukkede og l\u00e5ste posisjoner samt trykkaktivering.<\/li>\n<li>Beskyttelsesdiode er innebygd.<\/li>\n<li>Vendbar for \u00e5 passe h\u00f8yre og venstre d\u00f8rer.<\/li>\n<li>Byttbar forover\/bakover funksjon.<\/li>\n<li>Omkoblingsbar elektrisk\/mekanisk betjent side.<\/li>\n<li>Tilpasset for runde og ovale skandinaviske sylindre.<\/li>\n<li>Dorndybde 50 mm.<\/li>\n<li>B\u00e5de fj\u00e6rende trykk og ikke-fj\u00e6rende trykk kan brukes.<\/li>\n<li>Halogenfri kabel.<\/li>\n<\/ul>\n<\/div>\n<div><\/div>\n<div><b>Tekniske data:<\/b><\/div>\n<div>\n<ul>\n<li>Driftsspenning: 24 V DC + 15 % \u2013 10 %.<\/li>\n<li>Str\u00f8mforbruk: Maks 60 mA.<\/li>\n<li>Holdbarhet: Grad X i henhold til SS-EN 14846.<\/li>\n<\/ul>\n<div><\/div>\n<\/div>","protected":false},"excerpt":{"rendered":"<p>Elektrisk trykkl\u00e5s STEP 110 Modern Split 12\u201324V STEP 110 er en slitesterk elektrisk trykkl\u00e5s med splittfunksjon. Patents\u00f8kt direktedrift, s\u00e5kalt Direct Drive\u2122. Dette resulterer i en veldig myk og smidig opplevelse rundt<\/p>","protected":false},"featured_media":149460,"template":"","meta":{"_acf_changed":false},"product_brand":[],"product_cat":[2429],"product_tag":[],"class_list":{"0":"post-149465","1":"product","2":"type-product","3":"status-publish","4":"has-post-thumbnail","6":"product_cat-ellas","7":"pa_brands-step","8":"tm-no-options","10":"first","11":"instock","12":"sale","13":"taxable","14":"shipping-taxable","15":"purchasable","16":"product-type-simple"},"acf":[],"_links":{"self":[{"href":"https:\/\/secureus.se\/no\/wp-json\/wp\/v2\/product\/149465","targetHints":{"allow":["GET"]}}],"collection":[{"href":"https:\/\/secureus.se\/no\/wp-json\/wp\/v2\/product"}],"about":[{"href":"https:\/\/secureus.se\/no\/wp-json\/wp\/v2\/types\/product"}],"wp:featuredmedia":[{"embeddable":true,"href":"https:\/\/secureus.se\/no\/wp-json\/wp\/v2\/media\/149460"}],"wp:attachment":[{"href":"https:\/\/secureus.se\/no\/wp-json\/wp\/v2\/media?parent=149465"}],"wp:term":[{"taxonomy":"product_brand","embeddable":true,"href":"https:\/\/secureus.se\/no\/wp-json\/wp\/v2\/product_brand?post=149465"},{"taxonomy":"product_cat","embeddable":true,"href":"https:\/\/secureus.se\/no\/wp-json\/wp\/v2\/product_cat?post=149465"},{"taxonomy":"product_tag","embeddable":true,"href":"https:\/\/secureus.se\/no\/wp-json\/wp\/v2\/product_tag?post=149465"}],"curies":[{"name":"wp","href":"https:\/\/api.w.org\/{rel}","templated":true}]}}