{"id":149552,"date":"2022-03-10T15:40:00","date_gmt":"2022-03-10T14:40:00","guid":{"rendered":"https:\/\/secureus.se\/abloy-motorlas-el595-50-22mm-2\/"},"modified":"2026-04-17T14:42:38","modified_gmt":"2026-04-17T12:42:38","slug":"abloy-motorlas-el595-50-22mm","status":"publish","type":"product","link":"https:\/\/secureus.se\/no\/abloy-motorlas-el595-50-22mm\/","title":{"rendered":"Abloy motorl\u00e5s EL595 50\/22mm"},"content":{"rendered":"<div>\n<h3>Bruksomr\u00e5de<\/h3>\n<p>ABLOY EL595 er en motorl\u00e5s med fallstempel. Dette betyr en unik mulighet til \u00e5 kombinere krav til tilgjengelighet, brannsikring og evakuering. De robuste r\u00f8mningsbeslagene oppfyller kravene i SS-EN 179. D\u00f8rer med denne l\u00e5stypen \u00e5pnes med d\u00f8r\u00e5pner eller ved hjelp av trekkh\u00e5ndtak\/trykkplate alternativt trykk. L\u00e5sene styres av signaler fra bl.a. et passsystem.<\/p>\n<h3>Trekk<\/h3>\n<p>Dropstemplet drives for \u00e5 l\u00e5se opp av den innebygde motoren. L\u00e5sing skjer automatisk\/mekanisk uavhengig av elektrisk kraft, noe som sikrer bruk i d\u00f8rer i brannceller. EL595 har et fallstempel med fj\u00e6rl\u00e5s som betyr at den l\u00e5ser ut til 20 mm. Hvis EL595 brukes i branncellegrensen, m\u00e5 fallstempelet settes i 14 mm posisjon. L\u00e5sen er innstilt slik at r\u00f8mningsbeslaget alltid er i inngrep. Dette er en forutsetning for SS-EN 179.<\/p>\n<h3>Mekaniske egenskaper<\/h3>\n<p>EL595 har en dordybde p\u00e5 50 mm og et CC-m\u00e5l p\u00e5 105 mm. Dette er det samme som modulen og Connect lock-serien. EL595 avviker imidlertid i h\u00f8ydem\u00e5let, se tegning.<\/p>\n<p>EL595 har et justerbart fallstempel, 14 mm eller 20 mm fremspring. I brannd\u00f8rer benyttes kun 14 mm posisjon.<\/p>\n<h3>Elektriske egenskaper<\/h3>\n<p>L\u00e5sen har innebygd kontroller og krever permanent str\u00f8mforsyning til l\u00e5shuset. Ul\u00e5st tid er 1,7 sekunder.<\/p>\n<h3>Tekniske data EL595<\/h3>\n<ul>\n<li>Spenning 12 (-10%) til 24 (+15%) V DC Stab<\/li>\n<li>Str\u00f8m 12 V DC Maks 1 700 mA Drift 600 mA (ved 50N stripetrykk) Hvile 50 mA 24 V DC Maks 700 mA Drift 250 mA (ved 50 N stripetrykk) Hvile 25 mA<\/li>\n<li>Indikasjoner Forriglet (l\u00e5st) Ul\u00e5st (\u00e5pnes) Trykkbevegelse Knott eller sylinderbevegelse (alternativ, se nedenfor)<\/li>\n<li>Mikrobryter Maks 30 V AC\/DC 100 mA resistiv belastning, 3<\/li>\n<li>Milj\u00f8krav -20 til + 60 \u02da C 20-90% relativ fuktighet, ikke-kondenserende<\/li>\n<li>Tilkoblingskabel EA 227 (10 m)<\/li>\n<\/ul>\n<\/div>","protected":false},"excerpt":{"rendered":"<p>Bruksomr\u00e5de ABLOY EL595 er en motorl\u00e5s med fallstempel. Dette betyr en unik mulighet til \u00e5 kombinere krav til tilgjengelighet, brannsikring og evakuering. De robuste r\u00f8mningsbeslagene oppfyller kravene i SS-EN 179. D\u00f8rer med<\/p>","protected":false},"featured_media":144994,"template":"","meta":{"_acf_changed":false},"product_brand":[],"product_cat":[2874,1324],"product_tag":[2286,2417],"class_list":{"0":"post-149552","1":"product","2":"type-product","3":"status-publish","4":"has-post-thumbnail","6":"product_cat-motorlas","7":"product_cat-outlet","8":"product_tag-ellas-eltryckeslas","9":"product_tag-rel-abloy-ellas","10":"product_shipping_class-tunga-paket","11":"pa_brands-abloy","12":"tm-no-options","14":"first","15":"instock","16":"sale","17":"featured","18":"taxable","19":"shipping-taxable","20":"purchasable","21":"product-type-simple"},"acf":[],"_links":{"self":[{"href":"https:\/\/secureus.se\/no\/wp-json\/wp\/v2\/product\/149552","targetHints":{"allow":["GET"]}}],"collection":[{"href":"https:\/\/secureus.se\/no\/wp-json\/wp\/v2\/product"}],"about":[{"href":"https:\/\/secureus.se\/no\/wp-json\/wp\/v2\/types\/product"}],"wp:featuredmedia":[{"embeddable":true,"href":"https:\/\/secureus.se\/no\/wp-json\/wp\/v2\/media\/144994"}],"wp:attachment":[{"href":"https:\/\/secureus.se\/no\/wp-json\/wp\/v2\/media?parent=149552"}],"wp:term":[{"taxonomy":"product_brand","embeddable":true,"href":"https:\/\/secureus.se\/no\/wp-json\/wp\/v2\/product_brand?post=149552"},{"taxonomy":"product_cat","embeddable":true,"href":"https:\/\/secureus.se\/no\/wp-json\/wp\/v2\/product_cat?post=149552"},{"taxonomy":"product_tag","embeddable":true,"href":"https:\/\/secureus.se\/no\/wp-json\/wp\/v2\/product_tag?post=149552"}],"curies":[{"name":"wp","href":"https:\/\/api.w.org\/{rel}","templated":true}]}}