{"id":149866,"date":"2025-04-03T14:21:11","date_gmt":"2025-04-03T12:21:11","guid":{"rendered":"https:\/\/secureus.se\/apollo-pp5067-intelligent-testutrustning-for-soteria-serien\/"},"modified":"2026-04-09T11:23:52","modified_gmt":"2026-04-09T09:23:52","slug":"apollo-pp5067-intelligent-testutrustning-for-soteria-serien","status":"publish","type":"product","link":"https:\/\/secureus.se\/no\/apollo-pp5067-intelligent-testutrustning-for-soteria-serien\/","title":{"rendered":"Apollo PP5067 intelligent testutstyr for Soteria-serien"},"content":{"rendered":"<h1>Apollo PP5067 intelligent testutstyr for Soteria-serien<\/h1>\n<p class=\"\" data-start=\"443\" data-end=\"816\">Apollo PP5067 Intelligent Test Equipment er en b\u00e6rbar testenhet med en 7-tommers LCD-ber\u00f8ringsskjerm som lar brukeren enkelt samhandle, kontrollere og vedlikeholde alle enheter som er koblet til enheten.<\/p>\n<p class=\"\" data-start=\"443\" data-end=\"816\">Den fungerer for b\u00e5de individuelle enheter og hele kretser av analoge adresserbare enheter i Apollo-serien, inkludert CoreProtocol, Discovery og XP95.<\/p>\n<p class=\"\" data-start=\"818\" data-end=\"1193\">Denne enheten muliggj\u00f8r sl\u00f8yfeintegritetstesting og diagnostikk, noe som er avgj\u00f8rende b\u00e5de under igangkj\u00f8ring og l\u00f8pende vedlikehold.<\/p>\n<p class=\"\" data-start=\"818\" data-end=\"1193\">Utstyret st\u00f8tter oppdateringer via USB og tilbyr flerspr\u00e5klig st\u00f8tte for \u00e5 dekke ulike regionale behov.<\/p>\n<p class=\"\" data-start=\"818\" data-end=\"1193\">Den kommer i en solid b\u00e6reveske med en universallader, tilkoblingskabel og en intelligent XPERT8 monteringsbase.<\/p>\n<p class=\"\" data-start=\"1195\" data-end=\"1215\"><strong data-start=\"1195\" data-end=\"1214\">Spesifikasjoner<\/strong>:<\/p>\n<ul data-start=\"1216\" data-end=\"1656\">\n<li class=\"\" data-start=\"1216\" data-end=\"1291\">\n<p class=\"\" data-start=\"1218\" data-end=\"1291\"><strong data-start=\"1218\" data-end=\"1232\">Str\u00f8mkilde<\/strong>: Litium-ion batteripakke eller 12 V str\u00f8mforsyningsenhet<\/p>\n<\/li>\n<li class=\"\" data-start=\"1292\" data-end=\"1333\">\n<p class=\"\" data-start=\"1294\" data-end=\"1333\"><strong data-start=\"1294\" data-end=\"1317\">Batteriladetid<\/strong>: Omtrent 3 timer<\/p>\n<\/li>\n<li class=\"\" data-start=\"1334\" data-end=\"1370\">\n<p class=\"\" data-start=\"1336\" data-end=\"1370\"><strong data-start=\"1336\" data-end=\"1355\">Driftstemperatur<\/strong>: 0\u00baC til 40\u00baC<\/p>\n<\/li>\n<li class=\"\" data-start=\"1371\" data-end=\"1435\">\n<p class=\"\" data-start=\"1373\" data-end=\"1435\"><strong data-start=\"1373\" data-end=\"1386\">Fuktighet<\/strong>: 10 til 95 % RH (uten kondens eller ising)<\/p>\n<\/li>\n<li class=\"\" data-start=\"1436\" data-end=\"1478\">\n<p class=\"\" data-start=\"1438\" data-end=\"1478\"><strong data-start=\"1438\" data-end=\"1453\">Dimensjoner<\/strong>: 215 mm x 165 mm x 50 mm<\/p>\n<\/li>\n<li class=\"\" data-start=\"1479\" data-end=\"1496\">\n<p class=\"\" data-start=\"1481\" data-end=\"1496\"><strong data-start=\"1481\" data-end=\"1489\">Vekt<\/strong>: 935g<\/p>\n<\/li>\n<li class=\"\" data-start=\"1497\" data-end=\"1531\">\n<p class=\"\" data-start=\"1499\" data-end=\"1531\"><strong data-start=\"1499\" data-end=\"1510\">Vise<\/strong>: 7-tommers LCD-ber\u00f8ringsskjerm<\/p>\n<\/li>\n<li class=\"\" data-start=\"1532\" data-end=\"1592\">\n<p class=\"\" data-start=\"1534\" data-end=\"1592\"><strong data-start=\"1534\" data-end=\"1562\">Programvareoppdateringer<\/strong>: Via USB og Apollo-nettstedet<\/p>\n<\/li>\n<li class=\"\" data-start=\"1593\" data-end=\"1656\">\n<p class=\"\" data-start=\"1595\" data-end=\"1656\"><strong data-start=\"1595\" data-end=\"1613\">Kompatibilitet<\/strong>: XP95, Discovery og CoreProtocol-serien<\/p>\n<\/li>\n<\/ul>","protected":false},"excerpt":{"rendered":"<p>Apollo PP5067 intelligent testutstyr for Soteria-serien muliggj\u00f8r sl\u00f8yfeintegritetstesting og diagnostikk under igangkj\u00f8ring og vedlikehold.<\/p>\n<p>Den b\u00e6rbare ber\u00f8ringsskjermen viser enhetsinformasjon og kontrollerer driftsmoduser for individuelle enheter eller sammensatte kretser av analoge adresserbare enheter i Apollo-serien.<\/p>","protected":false},"featured_media":149865,"template":"","meta":{"_acf_changed":false},"product_brand":[],"product_cat":[4750],"product_tag":[],"class_list":{"0":"post-149866","1":"product","2":"type-product","3":"status-publish","4":"has-post-thumbnail","6":"product_cat-soteria-serien","7":"pa_brands-apollo-fire-detectors","8":"tm-no-options","10":"first","11":"instock","12":"taxable","13":"shipping-taxable","14":"purchasable","15":"product-type-simple"},"acf":[],"_links":{"self":[{"href":"https:\/\/secureus.se\/no\/wp-json\/wp\/v2\/product\/149866","targetHints":{"allow":["GET"]}}],"collection":[{"href":"https:\/\/secureus.se\/no\/wp-json\/wp\/v2\/product"}],"about":[{"href":"https:\/\/secureus.se\/no\/wp-json\/wp\/v2\/types\/product"}],"wp:featuredmedia":[{"embeddable":true,"href":"https:\/\/secureus.se\/no\/wp-json\/wp\/v2\/media\/149865"}],"wp:attachment":[{"href":"https:\/\/secureus.se\/no\/wp-json\/wp\/v2\/media?parent=149866"}],"wp:term":[{"taxonomy":"product_brand","embeddable":true,"href":"https:\/\/secureus.se\/no\/wp-json\/wp\/v2\/product_brand?post=149866"},{"taxonomy":"product_cat","embeddable":true,"href":"https:\/\/secureus.se\/no\/wp-json\/wp\/v2\/product_cat?post=149866"},{"taxonomy":"product_tag","embeddable":true,"href":"https:\/\/secureus.se\/no\/wp-json\/wp\/v2\/product_tag?post=149866"}],"curies":[{"name":"wp","href":"https:\/\/api.w.org\/{rel}","templated":true}]}}