{"id":149872,"date":"2025-04-03T14:21:06","date_gmt":"2025-04-03T12:21:06","guid":{"rendered":"https:\/\/secureus.se\/apollo-pp2517-soteria-series-varmedetektor-vit\/"},"modified":"2026-04-23T13:12:08","modified_gmt":"2026-04-23T11:12:08","slug":"apollo-pp2517-soteria-series-varmedetektor-vit","status":"publish","type":"product","link":"https:\/\/secureus.se\/no\/apollo-pp2517-soteria-series-varmedetektor-vit\/","title":{"rendered":"Apollo PP2517 Soteria Series varmedetektor, hvit"},"content":{"rendered":"<h1>Apollo PP2517 Soteria Series varmedetektor, hvit<\/h1>\n<p class=\"\" data-start=\"374\" data-end=\"874\">Apollo PP2517 Soteria-seriens varmedetektor tilbyr h\u00f8yytelses branndeteksjon med sine to sideplasserte varmesensorer som sikrer n\u00f8yaktig varmedeteksjon i alle retninger.<\/p>\n<p class=\"\" data-start=\"374\" data-end=\"874\">CoreProtocol digital kommunikasjon muliggj\u00f8r avanserte branndeteksjonsfunksjoner og sikrer kompatibilitet med b\u00e5de XP95 og Discovery-systemer.<\/p>\n<p class=\"\" data-start=\"374\" data-end=\"874\">Varmedetektoren har ogs\u00e5 en trefarget LED-statusindikator for \u00e5 vise brannstatus, feil og isolasjonsstatus.<\/p>\n<p class=\"\" data-start=\"876\" data-end=\"1279\">Enheten er mekanisk kompatibel med eksisterende baser og er tilgjengelig med eller uten en integrert bryterbar isolator.<\/p>\n<p class=\"\" data-start=\"876\" data-end=\"1279\">For \u00e5 lette raskere detektortesting har den ogs\u00e5 FastTest\u00ae-funksjonalitet, noe som gj\u00f8r vedlikehold og installasjon enklere og raskere.<\/p>\n<p class=\"\" data-start=\"876\" data-end=\"1279\">Den er grundig testet for \u00e5 overg\u00e5 EN 54-5-standarden og tilbyr p\u00e5litelig branndeteksjon i en rekke milj\u00f8er.<\/p>\n<p class=\"\" data-start=\"1281\" data-end=\"1301\"><strong data-start=\"1281\" data-end=\"1300\">Spesifikasjoner<\/strong>:<\/p>\n<ul data-start=\"1302\" data-end=\"1735\">\n<li class=\"\" data-start=\"1302\" data-end=\"1329\">\n<p class=\"\" data-start=\"1304\" data-end=\"1329\"><strong data-start=\"1304\" data-end=\"1318\">Str\u00f8mkilde<\/strong>: 17\u201335V DC<\/p>\n<\/li>\n<li class=\"\" data-start=\"1330\" data-end=\"1404\">\n<p class=\"\" data-start=\"1332\" data-end=\"1404\"><strong data-start=\"1332\" data-end=\"1359\">Kommunikasjonsprotokoll<\/strong>: CoreProtocol, XP95 og Discovery-kompatibel<\/p>\n<\/li>\n<li class=\"\" data-start=\"1405\" data-end=\"1438\">\n<p class=\"\" data-start=\"1407\" data-end=\"1438\"><strong data-start=\"1407\" data-end=\"1419\">Sensorer<\/strong>: Oppvarming (termistor)<\/p>\n<\/li>\n<li class=\"\" data-start=\"1439\" data-end=\"1466\">\n<p class=\"\" data-start=\"1441\" data-end=\"1466\"><strong data-start=\"1441\" data-end=\"1449\">M\u00e5le<\/strong>: \u00d8100mm x 38mm<\/p>\n<\/li>\n<li class=\"\" data-start=\"1467\" data-end=\"1483\">\n<p class=\"\" data-start=\"1469\" data-end=\"1483\"><strong data-start=\"1469\" data-end=\"1477\">Vekt<\/strong>: 83g<\/p>\n<\/li>\n<li class=\"\" data-start=\"1484\" data-end=\"1502\">\n<p class=\"\" data-start=\"1486\" data-end=\"1502\"><strong data-start=\"1486\" data-end=\"1494\">Farge<\/strong>: S\u00f8lv<\/p>\n<\/li>\n<li class=\"\" data-start=\"1503\" data-end=\"1523\">\n<p class=\"\" data-start=\"1505\" data-end=\"1523\"><strong data-start=\"1505\" data-end=\"1517\">IP-klasse<\/strong>: IP54<\/p>\n<\/li>\n<li class=\"\" data-start=\"1524\" data-end=\"1557\">\n<p class=\"\" data-start=\"1526\" data-end=\"1557\"><strong data-start=\"1526\" data-end=\"1540\">Temperatur<\/strong>: \u201340\u00b0C til 70\u00b0C<\/p>\n<\/li>\n<li class=\"\" data-start=\"1558\" data-end=\"1615\">\n<p class=\"\" data-start=\"1560\" data-end=\"1615\"><strong data-start=\"1560\" data-end=\"1573\">Fuktighet<\/strong>: 0\u201395% RH (uten kondens eller ising)<\/p>\n<\/li>\n<li class=\"\" data-start=\"1616\" data-end=\"1655\">\n<p class=\"\" data-start=\"1618\" data-end=\"1655\"><strong data-start=\"1618\" data-end=\"1629\">Garanti<\/strong>: Begrenset 10 \u00e5rs garanti<\/p>\n<\/li>\n<li class=\"\" data-start=\"1656\" data-end=\"1703\">\n<p class=\"\" data-start=\"1658\" data-end=\"1703\"><strong data-start=\"1658\" data-end=\"1676\">Kompatibilitet<\/strong>: XP95 og Discovery-systemer<\/p>\n<\/li>\n<li class=\"\" data-start=\"1704\" data-end=\"1735\">\n<p class=\"\" data-start=\"1706\" data-end=\"1735\"><strong data-start=\"1706\" data-end=\"1727\">Tilkoblingsteknologi<\/strong>: Gjenget<\/p>\n<\/li>\n<\/ul>","protected":false},"excerpt":{"rendered":"<p>Apollo PP2517 Soteria-varmedetektoren bruker to sideplasserte varmesensorer for \u00e5 sikre n\u00f8yaktig varmedeteksjon i alle retninger.<\/p>\n<p>Den er utstyrt med CoreProtocol digital kommunikasjon og er kompatibel med XP95 og Discovery-systemer.<\/p>","protected":false},"featured_media":149871,"template":"","meta":{"_acf_changed":false},"product_brand":[],"product_cat":[4750,4157],"product_tag":[],"class_list":{"0":"post-149872","1":"product","2":"type-product","3":"status-publish","4":"has-post-thumbnail","6":"product_cat-soteria-serien","7":"product_cat-varmedetektor","8":"pa_brands-apollo-fire-detectors","9":"tm-no-options","11":"first","12":"instock","13":"taxable","14":"shipping-taxable","15":"purchasable","16":"product-type-simple"},"acf":[],"_links":{"self":[{"href":"https:\/\/secureus.se\/no\/wp-json\/wp\/v2\/product\/149872","targetHints":{"allow":["GET"]}}],"collection":[{"href":"https:\/\/secureus.se\/no\/wp-json\/wp\/v2\/product"}],"about":[{"href":"https:\/\/secureus.se\/no\/wp-json\/wp\/v2\/types\/product"}],"wp:featuredmedia":[{"embeddable":true,"href":"https:\/\/secureus.se\/no\/wp-json\/wp\/v2\/media\/149871"}],"wp:attachment":[{"href":"https:\/\/secureus.se\/no\/wp-json\/wp\/v2\/media?parent=149872"}],"wp:term":[{"taxonomy":"product_brand","embeddable":true,"href":"https:\/\/secureus.se\/no\/wp-json\/wp\/v2\/product_brand?post=149872"},{"taxonomy":"product_cat","embeddable":true,"href":"https:\/\/secureus.se\/no\/wp-json\/wp\/v2\/product_cat?post=149872"},{"taxonomy":"product_tag","embeddable":true,"href":"https:\/\/secureus.se\/no\/wp-json\/wp\/v2\/product_tag?post=149872"}],"curies":[{"name":"wp","href":"https:\/\/api.w.org\/{rel}","templated":true}]}}