{"id":149880,"date":"2025-04-03T14:19:25","date_gmt":"2025-04-03T12:19:25","guid":{"rendered":"https:\/\/secureus.se\/apollo-55000-127apo-65-series-br-varmedetektor-vit\/"},"modified":"2026-04-01T15:48:34","modified_gmt":"2026-04-01T13:48:34","slug":"apollo-55000-127apo-65-series-br-varmedetektor-vit","status":"publish","type":"product","link":"https:\/\/secureus.se\/no\/apollo-55000-127apo-65-series-br-varmedetektor-vit\/","title":{"rendered":"Apollo 55000-127APO 65 Series, BR varmedetektor, hvit"},"content":{"rendered":"<h1>Apollo 55000-127APO 65 Series, BR varmedetektor, hvit<\/h1>\n<p class=\"\" data-start=\"358\" data-end=\"887\">Apollo 55000-127APO 65 Series BR varmedetektor er designet for \u00e5 overv\u00e5ke lufttemperaturen gjennom et dobbelt termistornettverk. Dette nettverket gir en spenningsutgang som er proporsjonal med den eksterne lufttemperaturen, slik at detektoren kan reagere p\u00e5 raske temperatur\u00f8kninger. Den er spesielt nyttig i milj\u00f8er der r\u00f8ykvarslere ikke kan brukes effektivt, for eksempel i skitne eller r\u00f8ykfylte omr\u00e5der. Den brede driftsspenningen p\u00e5 9-33V gj\u00f8r den kompatibel med en lang rekke systemer.<\/p>\n<p class=\"\" data-start=\"889\" data-end=\"909\"><strong data-start=\"889\" data-end=\"908\">Spesifikasjoner<\/strong>:<\/p>\n<ul data-start=\"910\" data-end=\"1241\">\n<li class=\"\" data-start=\"910\" data-end=\"936\">\n<p class=\"\" data-start=\"912\" data-end=\"936\"><strong data-start=\"912\" data-end=\"926\">Str\u00f8mkilde<\/strong>: 9\u201333V DC<\/p>\n<\/li>\n<li class=\"\" data-start=\"937\" data-end=\"964\">\n<p class=\"\" data-start=\"939\" data-end=\"964\"><strong data-start=\"939\" data-end=\"947\">M\u00e5le<\/strong>: \u00d8100mm x 42mm<\/p>\n<\/li>\n<li class=\"\" data-start=\"965\" data-end=\"981\">\n<p class=\"\" data-start=\"967\" data-end=\"981\"><strong data-start=\"967\" data-end=\"975\">Vekt<\/strong>: 80g<\/p>\n<\/li>\n<li class=\"\" data-start=\"982\" data-end=\"997\">\n<p class=\"\" data-start=\"984\" data-end=\"997\"><strong data-start=\"984\" data-end=\"992\">Farge<\/strong>: Hvit<\/p>\n<\/li>\n<li class=\"\" data-start=\"998\" data-end=\"1032\">\n<p class=\"\" data-start=\"1000\" data-end=\"1032\"><strong data-start=\"1000\" data-end=\"1014\">Temperatur<\/strong>: \u201320\u00b0C til +65\u00b0C<\/p>\n<\/li>\n<li class=\"\" data-start=\"1033\" data-end=\"1096\">\n<p class=\"\" data-start=\"1035\" data-end=\"1096\"><strong data-start=\"1035\" data-end=\"1048\">Fuktighet<\/strong>: 0% til 95% RH (uten kondens eller ising)<\/p>\n<\/li>\n<li class=\"\" data-start=\"1097\" data-end=\"1117\">\n<p class=\"\" data-start=\"1099\" data-end=\"1117\"><strong data-start=\"1099\" data-end=\"1111\">IP-klasse<\/strong>: IP54<\/p>\n<\/li>\n<li class=\"\" data-start=\"1118\" data-end=\"1157\">\n<p class=\"\" data-start=\"1120\" data-end=\"1157\"><strong data-start=\"1120\" data-end=\"1131\">Garanti<\/strong>: Begrenset 10 \u00e5rs garanti<\/p>\n<\/li>\n<li class=\"\" data-start=\"1158\" data-end=\"1209\">\n<p class=\"\" data-start=\"1160\" data-end=\"1209\"><strong data-start=\"1160\" data-end=\"1178\">Kompatibilitet<\/strong>: Serie 60 og Serie 65 baser<\/p>\n<\/li>\n<li class=\"\" data-start=\"1210\" data-end=\"1241\">\n<p class=\"\" data-start=\"1212\" data-end=\"1241\"><strong data-start=\"1212\" data-end=\"1233\">Tilkoblingsteknologi<\/strong>: Gjenget<\/p>\n<\/li>\n<\/ul>","protected":false},"excerpt":{"rendered":"<p>Apollo 55000-127APO 65 Series BR varmedetektor er ideell for bruk der r\u00f8ykdetektorer er uegnet, for eksempel skitne eller r\u00f8ykfylte omgivelser.<\/p>\n<p>Den bruker et dobbelt termistornettverk for \u00e5 overv\u00e5ke temperaturen og har en bred driftsspenning.<\/p>","protected":false},"featured_media":149879,"template":"","meta":{"_acf_changed":false},"product_brand":[],"product_cat":[4747,4157],"product_tag":[],"class_list":{"0":"post-149880","1":"product","2":"type-product","3":"status-publish","4":"has-post-thumbnail","6":"product_cat-65-serien","7":"product_cat-varmedetektor","8":"pa_brands-apollo-fire-detectors","9":"tm-no-options","11":"first","12":"instock","13":"taxable","14":"shipping-taxable","15":"purchasable","16":"product-type-simple"},"acf":[],"_links":{"self":[{"href":"https:\/\/secureus.se\/no\/wp-json\/wp\/v2\/product\/149880","targetHints":{"allow":["GET"]}}],"collection":[{"href":"https:\/\/secureus.se\/no\/wp-json\/wp\/v2\/product"}],"about":[{"href":"https:\/\/secureus.se\/no\/wp-json\/wp\/v2\/types\/product"}],"wp:featuredmedia":[{"embeddable":true,"href":"https:\/\/secureus.se\/no\/wp-json\/wp\/v2\/media\/149879"}],"wp:attachment":[{"href":"https:\/\/secureus.se\/no\/wp-json\/wp\/v2\/media?parent=149880"}],"wp:term":[{"taxonomy":"product_brand","embeddable":true,"href":"https:\/\/secureus.se\/no\/wp-json\/wp\/v2\/product_brand?post=149880"},{"taxonomy":"product_cat","embeddable":true,"href":"https:\/\/secureus.se\/no\/wp-json\/wp\/v2\/product_cat?post=149880"},{"taxonomy":"product_tag","embeddable":true,"href":"https:\/\/secureus.se\/no\/wp-json\/wp\/v2\/product_tag?post=149880"}],"curies":[{"name":"wp","href":"https:\/\/api.w.org\/{rel}","templated":true}]}}