{"id":149882,"date":"2025-04-03T14:19:23","date_gmt":"2025-04-03T12:19:23","guid":{"rendered":"https:\/\/secureus.se\/apollo-29600-458-intelligent-basmonterad-flamdetektor-med-monteringsbox-for-dackhuvud\/"},"modified":"2026-04-23T13:12:20","modified_gmt":"2026-04-23T11:12:20","slug":"apollo-29600-458-intelligent-basmonterad-flamdetektor-med-monteringsbox-for-dackhuvud","status":"publish","type":"product","link":"https:\/\/secureus.se\/no\/apollo-29600-458-intelligent-basmonterad-flamdetektor-med-monteringsbox-for-dackhuvud\/","title":{"rendered":"Apollo 29600-458 Intelligent basemontert flammedetektor med dekkhodemonteringsboks"},"content":{"rendered":"<h1>Apollo 29600-458 Intelligent basemontert flammedetektor med dekkhodemonteringsboks<\/h1>\n<p class=\"\" data-start=\"378\" data-end=\"778\">Apollo 29600-458 er en intelligent basemontert flammedetektor som inkluderer en robust brakett og en monteringsboks designet for dekkhoder.<\/p>\n<p class=\"\" data-start=\"378\" data-end=\"778\">Denne flammedetektoren er designet for raskt og effektivt \u00e5 identifisere brann ved \u00e5 oppdage flammesignaturer.<\/p>\n<p class=\"\" data-start=\"378\" data-end=\"778\">Det brukes ofte i industrielle og kommersielle applikasjoner der det er n\u00f8dvendig \u00e5 reagere raskt p\u00e5 brannforhold.<\/p>\n<p class=\"\" data-start=\"780\" data-end=\"1127\">De st\u00f8ttede enhetene inkluderer spesifikt flammedetektorer. Det er viktig \u00e5 merke seg at den innvendige monteringsbasen selges separat.<\/p>\n<p class=\"\" data-start=\"780\" data-end=\"1127\">Den er laget av rustfritt st\u00e5l, noe som sikrer langvarig holdbarhet og korrosjonsbestandighet i t\u00f8ffe milj\u00f8er.<\/p>\n<p class=\"\" data-start=\"780\" data-end=\"1127\">Den har ogs\u00e5 CE-merket, som sikrer at den oppfyller europeiske sikkerhetsstandarder.<\/p>\n<p class=\"\" data-start=\"1129\" data-end=\"1149\"><strong data-start=\"1129\" data-end=\"1148\">Spesifikasjoner<\/strong>:<\/p>\n<ul data-start=\"1150\" data-end=\"1357\">\n<li class=\"\" data-start=\"1150\" data-end=\"1180\">\n<p class=\"\" data-start=\"1152\" data-end=\"1180\"><strong data-start=\"1152\" data-end=\"1164\">Materiale<\/strong>: Rustfritt st\u00e5l<\/p>\n<\/li>\n<li class=\"\" data-start=\"1181\" data-end=\"1196\">\n<p class=\"\" data-start=\"1183\" data-end=\"1196\"><strong data-start=\"1183\" data-end=\"1191\">Farge<\/strong>: Gr\u00e5<\/p>\n<\/li>\n<li class=\"\" data-start=\"1197\" data-end=\"1234\">\n<p class=\"\" data-start=\"1199\" data-end=\"1234\"><strong data-start=\"1199\" data-end=\"1220\">St\u00f8ttede enheter<\/strong>: Flammedetektor<\/p>\n<\/li>\n<li class=\"\" data-start=\"1235\" data-end=\"1266\">\n<p class=\"\" data-start=\"1237\" data-end=\"1266\"><strong data-start=\"1237\" data-end=\"1253\">Sertifisering<\/strong>: CE-merking<\/p>\n<\/li>\n<li class=\"\" data-start=\"1267\" data-end=\"1301\">\n<p class=\"\" data-start=\"1269\" data-end=\"1301\"><strong data-start=\"1269\" data-end=\"1286\">Monteringsboks<\/strong>: For dekkhode<\/p>\n<\/li>\n<li class=\"\" data-start=\"1302\" data-end=\"1357\">\n<p class=\"\" data-start=\"1304\" data-end=\"1357\"><strong data-start=\"1304\" data-end=\"1321\">Monteringsbase<\/strong>: Intern monteringssokkel selges separat<\/p>\n<\/li>\n<\/ul>","protected":false},"excerpt":{"rendered":"<p>Apollo 29600-458 Intelligent Base Mount Flame Detector kommer med en brakett og dekkhodemonteringsboks, perfekt for bruk i industrielle milj\u00f8er der flammedeteksjon er kritisk.<\/p>\n<p>Monteringsbasen selges separat.<\/p>","protected":false},"featured_media":149881,"template":"","meta":{"_acf_changed":false},"product_brand":[],"product_cat":[4747],"product_tag":[],"class_list":{"0":"post-149882","1":"product","2":"type-product","3":"status-publish","4":"has-post-thumbnail","6":"product_cat-65-serien","7":"pa_brands-apollo-fire-detectors","8":"tm-no-options","10":"first","11":"instock","12":"taxable","13":"shipping-taxable","14":"purchasable","15":"product-type-simple"},"acf":[],"_links":{"self":[{"href":"https:\/\/secureus.se\/no\/wp-json\/wp\/v2\/product\/149882","targetHints":{"allow":["GET"]}}],"collection":[{"href":"https:\/\/secureus.se\/no\/wp-json\/wp\/v2\/product"}],"about":[{"href":"https:\/\/secureus.se\/no\/wp-json\/wp\/v2\/types\/product"}],"wp:featuredmedia":[{"embeddable":true,"href":"https:\/\/secureus.se\/no\/wp-json\/wp\/v2\/media\/149881"}],"wp:attachment":[{"href":"https:\/\/secureus.se\/no\/wp-json\/wp\/v2\/media?parent=149882"}],"wp:term":[{"taxonomy":"product_brand","embeddable":true,"href":"https:\/\/secureus.se\/no\/wp-json\/wp\/v2\/product_brand?post=149882"},{"taxonomy":"product_cat","embeddable":true,"href":"https:\/\/secureus.se\/no\/wp-json\/wp\/v2\/product_cat?post=149882"},{"taxonomy":"product_tag","embeddable":true,"href":"https:\/\/secureus.se\/no\/wp-json\/wp\/v2\/product_tag?post=149882"}],"curies":[{"name":"wp","href":"https:\/\/api.w.org\/{rel}","templated":true}]}}