{"id":149886,"date":"2025-04-03T14:19:22","date_gmt":"2025-04-03T12:19:22","guid":{"rendered":"https:\/\/secureus.se\/apollo-53546-021apo-monteringslada-for-kanaldetektor-s-65\/"},"modified":"2026-04-01T15:46:57","modified_gmt":"2026-04-01T13:46:57","slug":"apollo-53546-021apo-monteringslada-for-kanaldetektor-s-65","status":"publish","type":"product","link":"https:\/\/secureus.se\/no\/apollo-53546-021apo-monteringslada-for-kanaldetektor-s-65\/","title":{"rendered":"Apollo 53546-021APO Monteringsboks for kanaldetektor S 65"},"content":{"rendered":"<h1>Apollo 53546-021APO Monteringsboks for kanaldetektor S 65<\/h1>\n<p class=\"\" data-start=\"439\" data-end=\"882\">Apollo 53546-021APO kanaldetektormonteringsboks S 65 er designet for bruk med 65- eller Orbis-detektorer og tilbyr en p\u00e5litelig l\u00f8sning for \u00e5 oppdage r\u00f8yk i luftstr\u00f8mmen gjennom HVAC-systemer i kommersielle og industrielle milj\u00f8er.<\/p>\n<p class=\"\" data-start=\"439\" data-end=\"882\">Monteringsboksen gir tidlig oppdagelse av r\u00f8yk og hindrer resirkulering av r\u00f8yk fra et brannomr\u00e5de til andre deler av bygningen som ikke har v\u00e6rt ber\u00f8rt av brannen.<\/p>\n<p class=\"\" data-start=\"884\" data-end=\"1189\">Den integrerte r\u00f8yktestporten gj\u00f8r det enkelt \u00e5 sjekke detektorens funksjon, og det gjennomsiktige dekselet gir visuell tilgang til detektorhodets LED.<\/p>\n<p class=\"\" data-start=\"884\" data-end=\"1189\">Monteringsboksen er kompatibel med lufthastigheter fra 0,5 m\/s til 20 m\/s og tilbyr spenningsfrie kontakter for enkel integrering i systemet.<\/p>\n<p class=\"\" data-start=\"1191\" data-end=\"1211\"><strong data-start=\"1191\" data-end=\"1210\">Spesifikasjoner<\/strong>:<\/p>\n<ul data-start=\"1212\" data-end=\"1595\">\n<li class=\"\" data-start=\"1212\" data-end=\"1286\">\n<p class=\"\" data-start=\"1214\" data-end=\"1286\"><strong data-start=\"1214\" data-end=\"1232\">Kompatibilitet<\/strong>: For bruk med 65-serien eller Orbis-detektorer<\/p>\n<\/li>\n<li class=\"\" data-start=\"1287\" data-end=\"1339\">\n<p class=\"\" data-start=\"1289\" data-end=\"1339\"><strong data-start=\"1289\" data-end=\"1318\">Arbeider med lufthastigheter<\/strong>: 0,5 m\/s til 20 m\/s<\/p>\n<\/li>\n<li class=\"\" data-start=\"1340\" data-end=\"1404\">\n<p class=\"\" data-start=\"1342\" data-end=\"1404\"><strong data-start=\"1342\" data-end=\"1350\">Lokk<\/strong>: Gjennomsiktig deksel for visning av detektorhode-LED<\/p>\n<\/li>\n<li class=\"\" data-start=\"1405\" data-end=\"1450\">\n<p class=\"\" data-start=\"1407\" data-end=\"1450\"><strong data-start=\"1407\" data-end=\"1418\">R\u00f8yktest<\/strong>: Integrert \u00e5pning for r\u00f8yktest<\/p>\n<\/li>\n<li class=\"\" data-start=\"1451\" data-end=\"1486\">\n<p class=\"\" data-start=\"1453\" data-end=\"1486\"><strong data-start=\"1453\" data-end=\"1466\">Kontakter<\/strong>: Spenningsfrie kontakter<\/p>\n<\/li>\n<li class=\"\" data-start=\"1487\" data-end=\"1502\">\n<p class=\"\" data-start=\"1489\" data-end=\"1502\"><strong data-start=\"1489\" data-end=\"1497\">Farge<\/strong>: Gr\u00e5<\/p>\n<\/li>\n<li class=\"\" data-start=\"1503\" data-end=\"1525\">\n<p class=\"\" data-start=\"1505\" data-end=\"1525\"><strong data-start=\"1505\" data-end=\"1521\">Produktserie<\/strong>: 65<\/p>\n<\/li>\n<li class=\"\" data-start=\"1526\" data-end=\"1566\">\n<p class=\"\" data-start=\"1528\" data-end=\"1566\"><strong data-start=\"1528\" data-end=\"1552\">Produsentens delenummer<\/strong>: 53546-021APO<\/p>\n<\/li>\n<li class=\"\" data-start=\"1567\" data-end=\"1595\">\n<p class=\"\" data-start=\"1569\" data-end=\"1595\"><strong data-start=\"1569\" data-end=\"1582\">Varemerke<\/strong>: Apollo Brann<\/p>\n<\/li>\n<\/ul>","protected":false},"excerpt":{"rendered":"<p>Apollo 53546-021APO Monteringsboks for Kanaldetektor S 65 brukes sammen med detektorer fra 65-serien eller Orbis for \u00e5 effektivt detektere r\u00f8yk i varme- og ventilasjonskanaler (HVAC).<\/p>\n<p>Den har et gjennomsiktig deksel for visning av detektorhodets LED og opererer i lufthastigheter fra 0,5 m\/s til 20 m\/s.<\/p>","protected":false},"featured_media":149885,"template":"","meta":{"_acf_changed":false},"product_brand":[],"product_cat":[4747],"product_tag":[],"class_list":{"0":"post-149886","1":"product","2":"type-product","3":"status-publish","4":"has-post-thumbnail","6":"product_cat-65-serien","7":"pa_brands-apollo-fire-detectors","8":"tm-no-options","10":"first","11":"instock","12":"sale","13":"taxable","14":"shipping-taxable","15":"purchasable","16":"product-type-simple"},"acf":[],"_links":{"self":[{"href":"https:\/\/secureus.se\/no\/wp-json\/wp\/v2\/product\/149886","targetHints":{"allow":["GET"]}}],"collection":[{"href":"https:\/\/secureus.se\/no\/wp-json\/wp\/v2\/product"}],"about":[{"href":"https:\/\/secureus.se\/no\/wp-json\/wp\/v2\/types\/product"}],"wp:featuredmedia":[{"embeddable":true,"href":"https:\/\/secureus.se\/no\/wp-json\/wp\/v2\/media\/149885"}],"wp:attachment":[{"href":"https:\/\/secureus.se\/no\/wp-json\/wp\/v2\/media?parent=149886"}],"wp:term":[{"taxonomy":"product_brand","embeddable":true,"href":"https:\/\/secureus.se\/no\/wp-json\/wp\/v2\/product_brand?post=149886"},{"taxonomy":"product_cat","embeddable":true,"href":"https:\/\/secureus.se\/no\/wp-json\/wp\/v2\/product_cat?post=149886"},{"taxonomy":"product_tag","embeddable":true,"href":"https:\/\/secureus.se\/no\/wp-json\/wp\/v2\/product_tag?post=149886"}],"curies":[{"name":"wp","href":"https:\/\/api.w.org\/{rel}","templated":true}]}}