{"id":149888,"date":"2025-04-03T14:15:46","date_gmt":"2025-04-03T12:15:46","guid":{"rendered":"https:\/\/secureus.se\/apollo-58100-971mar-discovery-marine-manuell-anropspunkt-isolerande\/"},"modified":"2026-04-09T11:24:47","modified_gmt":"2026-04-09T09:24:47","slug":"apollo-58100-971mar-discovery-marine-manuell-anropspunkt-isolerande","status":"publish","type":"product","link":"https:\/\/secureus.se\/no\/apollo-58100-971mar-discovery-marine-manuell-anropspunkt-isolerande\/","title":{"rendered":"Apollo 58100-971MAR Discovery Marine manuell melder, isolerende"},"content":{"rendered":"<h1>Apollo 58100-971MAR Discovery Marine manuell melder, isolerende<\/h1>\n<p class=\"\" data-start=\"434\" data-end=\"805\">Apollo 58100-971MAR Discovery Marine Manual Call Point (MCP) er en del av Discovery-serien og er spesielt utviklet for bruk i marine innend\u00f8rsapplikasjoner.<\/p>\n<p class=\"\" data-start=\"434\" data-end=\"805\">Melderen har en syv-segments DIL-bryter for enkel adressering under igangkj\u00f8ring og bruker en rask responsmekanisme som avbryter normal protokoll ved aktivering.<\/p>\n<p class=\"\" data-start=\"807\" data-end=\"1177\">Den har en tofarget LED-indikator som viser isolasjon og normale tilstander, samt en r\u00f8d LED som lyser n\u00e5r melderen er aktivert.<\/p>\n<p class=\"\" data-start=\"807\" data-end=\"1177\">For \u00e5 lette installasjonen leveres melderen med klembare rekkeklemmer og en kontakt som muliggj\u00f8r kontinuitetstesting f\u00f8r installasjon.<\/p>\n<p class=\"\" data-start=\"807\" data-end=\"1177\">Den isolerte versjonen av melderen indikerer ogs\u00e5 en kortslutning i ledningen.<\/p>\n<p class=\"\" data-start=\"1179\" data-end=\"1473\">Den betjenes med et tilbakestillbart element og leveres med bakboks for overflatemontering.<\/p>\n<p class=\"\" data-start=\"1179\" data-end=\"1473\">For ekstra beskyttelse kan et gjennomsiktig hengslet lokk med l\u00e5semerke monteres for \u00e5 forhindre utilsiktet bruk, selv om dette kan p\u00e5virke samsvar med enkelte standarder n\u00e5r det er l\u00e5st.<\/p>\n<p class=\"\" data-start=\"1475\" data-end=\"1495\"><strong data-start=\"1475\" data-end=\"1494\">Spesifikasjoner<\/strong>:<\/p>\n<ul data-start=\"1496\" data-end=\"1970\">\n<li class=\"\" data-start=\"1496\" data-end=\"1534\">\n<p class=\"\" data-start=\"1498\" data-end=\"1534\"><strong data-start=\"1498\" data-end=\"1512\">Str\u00f8mkilde<\/strong>: 24V DC, 5V DC, 9V DC<\/p>\n<\/li>\n<li class=\"\" data-start=\"1535\" data-end=\"1620\">\n<p class=\"\" data-start=\"1537\" data-end=\"1620\"><strong data-start=\"1537\" data-end=\"1551\">Funksjoner<\/strong>: Tilbakestillbart element, LED-indikator, Plug &amp; Play, kontinuitetskobling<\/p>\n<\/li>\n<li class=\"\" data-start=\"1621\" data-end=\"1656\">\n<p class=\"\" data-start=\"1623\" data-end=\"1656\"><strong data-start=\"1623\" data-end=\"1650\">Maksimal driftstemperatur<\/strong>: 60\u00b0C<\/p>\n<\/li>\n<li class=\"\" data-start=\"1657\" data-end=\"1693\">\n<p class=\"\" data-start=\"1659\" data-end=\"1693\"><strong data-start=\"1659\" data-end=\"1686\">Minimum driftstemperatur<\/strong>: -20\u00b0C<\/p>\n<\/li>\n<li class=\"\" data-start=\"1694\" data-end=\"1729\">\n<p class=\"\" data-start=\"1696\" data-end=\"1729\"><strong data-start=\"1696\" data-end=\"1704\">M\u00e5le<\/strong>: Bredde 89 mm, Dybde 60 mm<\/p>\n<\/li>\n<li class=\"\" data-start=\"1730\" data-end=\"1745\">\n<p class=\"\" data-start=\"1732\" data-end=\"1745\"><strong data-start=\"1732\" data-end=\"1740\">Farge<\/strong>: R\u00f8d<\/p>\n<\/li>\n<li class=\"\" data-start=\"1746\" data-end=\"1779\">\n<p class=\"\" data-start=\"1748\" data-end=\"1779\"><strong data-start=\"1748\" data-end=\"1760\">Materiale<\/strong>: ABS, polykarbonat<\/p>\n<\/li>\n<li class=\"\" data-start=\"1780\" data-end=\"1827\">\n<p class=\"\" data-start=\"1782\" data-end=\"1827\"><strong data-start=\"1782\" data-end=\"1799\">Monteringstype<\/strong>: Innfelt montering, overflatemontering<\/p>\n<\/li>\n<li class=\"\" data-start=\"1828\" data-end=\"1867\">\n<p class=\"\" data-start=\"1830\" data-end=\"1867\"><strong data-start=\"1830\" data-end=\"1841\">Garanti<\/strong>: Begrenset 10 \u00e5rs garanti<\/p>\n<\/li>\n<li class=\"\" data-start=\"1868\" data-end=\"1905\">\n<p class=\"\" data-start=\"1870\" data-end=\"1905\"><strong data-start=\"1870\" data-end=\"1888\">Kompatibilitet<\/strong>: Discovery, XP95<\/p>\n<\/li>\n<li class=\"\" data-start=\"1906\" data-end=\"1936\">\n<p class=\"\" data-start=\"1908\" data-end=\"1936\"><strong data-start=\"1908\" data-end=\"1926\">Sertifiseringer<\/strong>: CE-merket<\/p>\n<\/li>\n<li class=\"\" data-start=\"1937\" data-end=\"1970\">\n<p class=\"\" data-start=\"1939\" data-end=\"1970\"><strong data-start=\"1939\" data-end=\"1953\">Bruk<\/strong>: Innend\u00f8rs, Marine<\/p>\n<\/li>\n<\/ul>","protected":false},"excerpt":{"rendered":"<p>Apollo 58100-971MAR Discovery Marine manuell melder er en rask og p\u00e5litelig l\u00f8sning for aktivering av brannalarmer i marine applikasjoner.<\/p>\n<p>Den har &quot;Plug and Play&quot;-terminaltilkoblinger for enkel installasjon, en kontinuitetskobling for kabeltesting og rapporterer en alarm p\u00e5 mindre enn 0,2 sekunder.<\/p>","protected":false},"featured_media":149887,"template":"","meta":{"_acf_changed":false},"product_brand":[],"product_cat":[4748],"product_tag":[],"class_list":{"0":"post-149888","1":"product","2":"type-product","3":"status-publish","4":"has-post-thumbnail","6":"product_cat-discovery-serien","7":"pa_brands-apollo-fire-detectors","8":"tm-no-options","10":"first","11":"instock","12":"taxable","13":"shipping-taxable","14":"purchasable","15":"product-type-simple"},"acf":[],"_links":{"self":[{"href":"https:\/\/secureus.se\/no\/wp-json\/wp\/v2\/product\/149888","targetHints":{"allow":["GET"]}}],"collection":[{"href":"https:\/\/secureus.se\/no\/wp-json\/wp\/v2\/product"}],"about":[{"href":"https:\/\/secureus.se\/no\/wp-json\/wp\/v2\/types\/product"}],"wp:featuredmedia":[{"embeddable":true,"href":"https:\/\/secureus.se\/no\/wp-json\/wp\/v2\/media\/149887"}],"wp:attachment":[{"href":"https:\/\/secureus.se\/no\/wp-json\/wp\/v2\/media?parent=149888"}],"wp:term":[{"taxonomy":"product_brand","embeddable":true,"href":"https:\/\/secureus.se\/no\/wp-json\/wp\/v2\/product_brand?post=149888"},{"taxonomy":"product_cat","embeddable":true,"href":"https:\/\/secureus.se\/no\/wp-json\/wp\/v2\/product_cat?post=149888"},{"taxonomy":"product_tag","embeddable":true,"href":"https:\/\/secureus.se\/no\/wp-json\/wp\/v2\/product_tag?post=149888"}],"curies":[{"name":"wp","href":"https:\/\/api.w.org\/{rel}","templated":true}]}}