{"id":149894,"date":"2025-04-03T14:15:42","date_gmt":"2025-04-03T12:15:42","guid":{"rendered":"https:\/\/secureus.se\/apollo-58000-300apo-discovery-series-kolmonoxiddetektor-vit\/"},"modified":"2026-04-09T11:24:07","modified_gmt":"2026-04-09T09:24:07","slug":"apollo-58000-300apo-discovery-series-kolmonoxiddetektor-vit","status":"publish","type":"product","link":"https:\/\/secureus.se\/no\/apollo-58000-300apo-discovery-series-kolmonoxiddetektor-vit\/","title":{"rendered":"Apollo 58000-300APO Discovery Series karbonmonoksiddetektor, hvit"},"content":{"rendered":"<h1>Apollo 58000-300APO Discovery Series karbonmonoksiddetektor<\/h1>\n<p class=\"\" data-start=\"426\" data-end=\"872\">Apollo 58000-300APO Discovery Series karbonmonoksiddetektor er en avansert branndetektor som bruker en elektrokjemisk sensor for \u00e5 oppdage karbonmonoksid (CO), noe som gj\u00f8r den spesielt effektiv til \u00e5 identifisere ulmende branner der r\u00f8ykdetektorer kan v\u00e6re mindre p\u00e5litelige.<\/p>\n<p class=\"\" data-start=\"426\" data-end=\"872\">Detektoren er sv\u00e6rt f\u00f8lsom for raske CO-\u00f8kninger, som ofte er forbundet med varme branner, og gir rask respons under disse forholdene.<\/p>\n<p class=\"\" data-start=\"874\" data-end=\"1279\">Med bred interoperabilitet, inkludert st\u00f8tte for XP95 og Discovery-systemer, er denne detektoren designet for \u00e5 gi tidlig varsling om farlige niv\u00e5er av CO i milj\u00f8et, og \u00f8ke sikkerheten i b\u00e5de bolig- og kommersielle milj\u00f8er.<\/p>\n<p class=\"\" data-start=\"874\" data-end=\"1279\">Detektoren er ogs\u00e5 mer motstandsdyktig mot falske alarmer fra vanlige damper eller partikler i luften, noe som gj\u00f8r den mer p\u00e5litelig i noen applikasjoner enn r\u00f8ykvarslere.<\/p>\n<p class=\"\" data-start=\"1281\" data-end=\"1301\"><strong data-start=\"1281\" data-end=\"1300\">Spesifikasjoner<\/strong>:<\/p>\n<ul data-start=\"1302\" data-end=\"1929\">\n<li class=\"\" data-start=\"1302\" data-end=\"1329\">\n<p class=\"\" data-start=\"1304\" data-end=\"1329\"><strong data-start=\"1304\" data-end=\"1318\">Str\u00f8mkilde<\/strong>: 17\u201328V DC<\/p>\n<\/li>\n<li class=\"\" data-start=\"1330\" data-end=\"1357\">\n<p class=\"\" data-start=\"1332\" data-end=\"1357\"><strong data-start=\"1332\" data-end=\"1340\">M\u00e5le<\/strong>: \u00d8100mm x 42mm<\/p>\n<\/li>\n<li class=\"\" data-start=\"1358\" data-end=\"1373\">\n<p class=\"\" data-start=\"1360\" data-end=\"1373\"><strong data-start=\"1360\" data-end=\"1368\">Farge<\/strong>: Hvit<\/p>\n<\/li>\n<li class=\"\" data-start=\"1374\" data-end=\"1391\">\n<p class=\"\" data-start=\"1376\" data-end=\"1391\"><strong data-start=\"1376\" data-end=\"1384\">Vekt<\/strong>: 105g<\/p>\n<\/li>\n<li class=\"\" data-start=\"1392\" data-end=\"1430\">\n<p class=\"\" data-start=\"1394\" data-end=\"1430\"><strong data-start=\"1394\" data-end=\"1413\">Detekterbar gass<\/strong>: Karbonmonoksid (CO)<\/p>\n<\/li>\n<li class=\"\" data-start=\"1431\" data-end=\"1504\">\n<p class=\"\" data-start=\"1433\" data-end=\"1504\"><strong data-start=\"1433\" data-end=\"1447\">Temperatur<\/strong>: \u201320\u00b0C til +50\u00b0C (forbig\u00e5ende tilstand: \u201320\u00b0C til +55\u00b0C)<\/p>\n<\/li>\n<li class=\"\" data-start=\"1505\" data-end=\"1537\">\n<p class=\"\" data-start=\"1507\" data-end=\"1537\"><strong data-start=\"1507\" data-end=\"1520\">Fuktighet<\/strong>: 15% til 90% RH<\/p>\n<\/li>\n<li class=\"\" data-start=\"1538\" data-end=\"1558\">\n<p class=\"\" data-start=\"1540\" data-end=\"1558\"><strong data-start=\"1540\" data-end=\"1552\">IP-klasse<\/strong>: IP44<\/p>\n<\/li>\n<li class=\"\" data-start=\"1559\" data-end=\"1610\">\n<p class=\"\" data-start=\"1561\" data-end=\"1610\"><strong data-start=\"1561\" data-end=\"1579\">Sertifiseringer<\/strong>: EN 54-11, EN 54-17, HLR, LPCB<\/p>\n<\/li>\n<li class=\"\" data-start=\"1611\" data-end=\"1666\">\n<p class=\"\" data-start=\"1613\" data-end=\"1666\"><strong data-start=\"1613\" data-end=\"1631\">Maksimalt trykk<\/strong>: Installasjon opp til 2000 m h\u00f8yde<\/p>\n<\/li>\n<li class=\"\" data-start=\"1667\" data-end=\"1738\">\n<p class=\"\" data-start=\"1669\" data-end=\"1738\"><strong data-start=\"1669\" data-end=\"1696\">Kommunikasjonsprotokoll<\/strong>: XP95, Discovery, CoreProtocol-kompatibel<\/p>\n<\/li>\n<li class=\"\" data-start=\"1739\" data-end=\"1763\">\n<p class=\"\" data-start=\"1741\" data-end=\"1763\"><strong data-start=\"1741\" data-end=\"1753\">Merking<\/strong>: CE-merket<\/p>\n<\/li>\n<li class=\"\" data-start=\"1764\" data-end=\"1806\">\n<p class=\"\" data-start=\"1766\" data-end=\"1806\"><strong data-start=\"1766\" data-end=\"1780\">Batteritid<\/strong>: 5 \u00e5r (cellelevetid)<\/p>\n<\/li>\n<li class=\"\" data-start=\"1807\" data-end=\"1853\">\n<p class=\"\" data-start=\"1809\" data-end=\"1853\"><strong data-start=\"1809\" data-end=\"1821\">Materiale<\/strong>: Polykarbonat (flammehemmende)<\/p>\n<\/li>\n<li class=\"\" data-start=\"1854\" data-end=\"1929\">\n<p class=\"\" data-start=\"1856\" data-end=\"1929\"><strong data-start=\"1856\" data-end=\"1870\">Funksjoner<\/strong>: Tilbakestillbart element, LED-indikator, Fjerntestfunksjon<\/p>\n<\/li>\n<\/ul>","protected":false},"excerpt":{"rendered":"<p>Apollo 58000-300APO Discovery Series karbonmonoksiddetektor er spesielt utviklet for \u00e5 oppdage ulmende branner og gi tidlig varsling, spesielt for gl\u00f8dende branner.<\/p>\n<p>Den er mindre f\u00f8lsom for falske alarmer fra damp enn r\u00f8ykvarslere og er ideell for bruk i milj\u00f8er der disse forholdene oppst\u00e5r.<\/p>","protected":false},"featured_media":149893,"template":"","meta":{"_acf_changed":false},"product_brand":[],"product_cat":[4748],"product_tag":[],"class_list":{"0":"post-149894","1":"product","2":"type-product","3":"status-publish","4":"has-post-thumbnail","6":"product_cat-discovery-serien","7":"pa_brands-apollo-fire-detectors","8":"tm-no-options","10":"first","11":"onbackorder","12":"taxable","13":"shipping-taxable","14":"purchasable","15":"product-type-simple"},"acf":[],"_links":{"self":[{"href":"https:\/\/secureus.se\/no\/wp-json\/wp\/v2\/product\/149894","targetHints":{"allow":["GET"]}}],"collection":[{"href":"https:\/\/secureus.se\/no\/wp-json\/wp\/v2\/product"}],"about":[{"href":"https:\/\/secureus.se\/no\/wp-json\/wp\/v2\/types\/product"}],"wp:featuredmedia":[{"embeddable":true,"href":"https:\/\/secureus.se\/no\/wp-json\/wp\/v2\/media\/149893"}],"wp:attachment":[{"href":"https:\/\/secureus.se\/no\/wp-json\/wp\/v2\/media?parent=149894"}],"wp:term":[{"taxonomy":"product_brand","embeddable":true,"href":"https:\/\/secureus.se\/no\/wp-json\/wp\/v2\/product_brand?post=149894"},{"taxonomy":"product_cat","embeddable":true,"href":"https:\/\/secureus.se\/no\/wp-json\/wp\/v2\/product_cat?post=149894"},{"taxonomy":"product_tag","embeddable":true,"href":"https:\/\/secureus.se\/no\/wp-json\/wp\/v2\/product_tag?post=149894"}],"curies":[{"name":"wp","href":"https:\/\/api.w.org\/{rel}","templated":true}]}}