{"id":149896,"date":"2025-04-03T14:15:41","date_gmt":"2025-04-03T12:15:41","guid":{"rendered":"https:\/\/secureus.se\/apollo-58000-400apo-discovery-series-varmedetektor-vit\/"},"modified":"2026-04-23T13:12:48","modified_gmt":"2026-04-23T11:12:48","slug":"apollo-58000-400apo-discovery-series-varmedetektor-vit","status":"publish","type":"product","link":"https:\/\/secureus.se\/no\/apollo-58000-400apo-discovery-series-varmedetektor-vit\/","title":{"rendered":"Apollo 58000-400APO Discovery Series, varmedetektor, hvit"},"content":{"rendered":"<h1>Apollo 58000-400APO Discovery Series varmedetektor<\/h1>\n<p class=\"\" data-start=\"397\" data-end=\"871\">Apollo 58000-400APO Discovery Series varmedetektor bruker en enkelt termistor for \u00e5 n\u00f8yaktig m\u00e5le lufttemperaturen p\u00e5 detektorens plassering.<\/p>\n<p class=\"\" data-start=\"397\" data-end=\"871\">Ved hjelp av et motstandsnettverk genereres en temperaturavhengig spenningsutgang som gir en line\u00e6r respons mellom 10\u00b0C og 80\u00b0C.<\/p>\n<p class=\"\" data-start=\"397\" data-end=\"871\">Detektoren er sv\u00e6rt n\u00f8yaktig og up\u00e5virket av eksterne faktorer som vind eller atmosf\u00e6risk trykk, noe som gj\u00f8r den spesielt egnet for bruk i milj\u00f8er som er skitne eller r\u00f8ykfylte.<\/p>\n<p class=\"\" data-start=\"873\" data-end=\"1239\">Den har fem ulike responsmoduser som er godkjent i henhold til EN54-5, som gj\u00f8r det mulig \u00e5 tilpasse f\u00f8lsomheten avhengig av applikasjonen.<\/p>\n<p class=\"\" data-start=\"873\" data-end=\"1239\">Varmedetektoren er kompatibel med b\u00e5de XP95 og Discovery-systemer og kan kobles til dem via to-leder tilkoblinger. Den har ogs\u00e5 en integrert testfunksjon som gj\u00f8r det enkelt \u00e5 teste detektorens funksjon fra kontrollpanelet.<\/p>\n<p class=\"\" data-start=\"1241\" data-end=\"1261\"><strong data-start=\"1241\" data-end=\"1260\">Spesifikasjoner<\/strong>:<\/p>\n<ul data-start=\"1262\" data-end=\"1824\">\n<li class=\"\" data-start=\"1262\" data-end=\"1289\">\n<p class=\"\" data-start=\"1264\" data-end=\"1289\"><strong data-start=\"1264\" data-end=\"1278\">Str\u00f8mkilde<\/strong>: 17\u201328V DC<\/p>\n<\/li>\n<li class=\"\" data-start=\"1290\" data-end=\"1317\">\n<p class=\"\" data-start=\"1292\" data-end=\"1317\"><strong data-start=\"1292\" data-end=\"1300\">M\u00e5le<\/strong>: \u00d8100mm x 42mm<\/p>\n<\/li>\n<li class=\"\" data-start=\"1318\" data-end=\"1333\">\n<p class=\"\" data-start=\"1320\" data-end=\"1333\"><strong data-start=\"1320\" data-end=\"1328\">Farge<\/strong>: Hvit<\/p>\n<\/li>\n<li class=\"\" data-start=\"1334\" data-end=\"1351\">\n<p class=\"\" data-start=\"1336\" data-end=\"1351\"><strong data-start=\"1336\" data-end=\"1344\">Vekt<\/strong>: 105g<\/p>\n<\/li>\n<li class=\"\" data-start=\"1352\" data-end=\"1425\">\n<p class=\"\" data-start=\"1354\" data-end=\"1425\"><strong data-start=\"1354\" data-end=\"1368\">Temperatur<\/strong>: \u201320\u00b0C til +50\u00b0C (forbig\u00e5ende tilstand: \u201320\u00b0C til +55\u00b0C)<\/p>\n<\/li>\n<li class=\"\" data-start=\"1426\" data-end=\"1489\">\n<p class=\"\" data-start=\"1428\" data-end=\"1489\"><strong data-start=\"1428\" data-end=\"1441\">Fuktighet<\/strong>: 0% til 95% RH (uten kondens eller ising)<\/p>\n<\/li>\n<li class=\"\" data-start=\"1490\" data-end=\"1510\">\n<p class=\"\" data-start=\"1492\" data-end=\"1510\"><strong data-start=\"1492\" data-end=\"1504\">IP-klasse<\/strong>: IP44<\/p>\n<\/li>\n<li class=\"\" data-start=\"1511\" data-end=\"1549\">\n<p class=\"\" data-start=\"1513\" data-end=\"1549\"><strong data-start=\"1513\" data-end=\"1531\">Kompatibilitet<\/strong>: XP95 og Soteria<\/p>\n<\/li>\n<li class=\"\" data-start=\"1550\" data-end=\"1624\">\n<p class=\"\" data-start=\"1552\" data-end=\"1624\"><strong data-start=\"1552\" data-end=\"1579\">Kommunikasjonsprotokoll<\/strong>: Discovery, XP95 og CoreProtocol-kompatibel<\/p>\n<\/li>\n<li class=\"\" data-start=\"1625\" data-end=\"1677\">\n<p class=\"\" data-start=\"1627\" data-end=\"1677\"><strong data-start=\"1627\" data-end=\"1645\">Sertifiseringer<\/strong>: EN 54-5, HLR, LPCB, VdS, BOSEC<\/p>\n<\/li>\n<li class=\"\" data-start=\"1678\" data-end=\"1728\">\n<p class=\"\" data-start=\"1680\" data-end=\"1728\"><strong data-start=\"1680\" data-end=\"1710\">Maksimal lagringstemperatur<\/strong>: \u201310\u00b0C til +30\u00b0C<\/p>\n<\/li>\n<li class=\"\" data-start=\"1729\" data-end=\"1777\">\n<p class=\"\" data-start=\"1731\" data-end=\"1777\"><strong data-start=\"1731\" data-end=\"1749\">Jordforbindelse<\/strong>: Ingen krav til sikker drift<\/p>\n<\/li>\n<li class=\"\" data-start=\"1778\" data-end=\"1824\">\n<p class=\"\" data-start=\"1780\" data-end=\"1824\"><strong data-start=\"1780\" data-end=\"1792\">Materiale<\/strong>: Polykarbonat (flammehemmende)<\/p>\n<\/li>\n<\/ul>","protected":false},"excerpt":{"rendered":"<p>Apollo 58000-400APO Discovery Series varmedetektor er ideell for bruk i milj\u00f8er der r\u00f8ykvarslere kan v\u00e6re uegnet, for eksempel skitne eller r\u00f8ykfylte omr\u00e5der.<\/p>\n<p>Den egner seg godt til varehus, lastebrygger og parkeringsplasser, og er up\u00e5virket av vind eller atmosf\u00e6risk trykk.<\/p>","protected":false},"featured_media":149895,"template":"","meta":{"_acf_changed":false},"product_brand":[],"product_cat":[4748],"product_tag":[],"class_list":{"0":"post-149896","1":"product","2":"type-product","3":"status-publish","4":"has-post-thumbnail","6":"product_cat-discovery-serien","7":"pa_brands-apollo-fire-detectors","8":"tm-no-options","10":"first","11":"instock","12":"taxable","13":"shipping-taxable","14":"purchasable","15":"product-type-simple"},"acf":[],"_links":{"self":[{"href":"https:\/\/secureus.se\/no\/wp-json\/wp\/v2\/product\/149896","targetHints":{"allow":["GET"]}}],"collection":[{"href":"https:\/\/secureus.se\/no\/wp-json\/wp\/v2\/product"}],"about":[{"href":"https:\/\/secureus.se\/no\/wp-json\/wp\/v2\/types\/product"}],"wp:featuredmedia":[{"embeddable":true,"href":"https:\/\/secureus.se\/no\/wp-json\/wp\/v2\/media\/149895"}],"wp:attachment":[{"href":"https:\/\/secureus.se\/no\/wp-json\/wp\/v2\/media?parent=149896"}],"wp:term":[{"taxonomy":"product_brand","embeddable":true,"href":"https:\/\/secureus.se\/no\/wp-json\/wp\/v2\/product_brand?post=149896"},{"taxonomy":"product_cat","embeddable":true,"href":"https:\/\/secureus.se\/no\/wp-json\/wp\/v2\/product_cat?post=149896"},{"taxonomy":"product_tag","embeddable":true,"href":"https:\/\/secureus.se\/no\/wp-json\/wp\/v2\/product_tag?post=149896"}],"curies":[{"name":"wp","href":"https:\/\/api.w.org\/{rel}","templated":true}]}}