{"id":149906,"date":"2025-04-03T14:12:35","date_gmt":"2025-04-03T12:12:35","guid":{"rendered":"https:\/\/secureus.se\/apollo-55100-021mar-konventionell-manuell-anropssignal-for-sjofarten-en-54-11-certifierad-rod\/"},"modified":"2026-04-23T13:12:53","modified_gmt":"2026-04-23T11:12:53","slug":"apollo-55100-021mar-konventionell-manuell-anropssignal-for-sjofarten-en-54-11-certifierad-rod","status":"publish","type":"product","link":"https:\/\/secureus.se\/no\/apollo-55100-021mar-konventionell-manuell-anropssignal-for-sjofarten-en-54-11-certifierad-rod\/","title":{"rendered":"Apollo 55100-021MAR Konvensjonelt manuelt marint kallesignal, EN 54-11-sertifisert, r\u00f8dt"},"content":{"rendered":"<h1>Apollo 55100-021MAR Konvensjonelt manuelt maritimt kallesignal<\/h1>\n<p class=\"\" data-start=\"403\" data-end=\"825\">Apollo 55100-021MAR konvensjonelle manuelle kallesignal er designet for bruk i marine branndeteksjonssystemer.<\/p>\n<p class=\"\" data-start=\"403\" data-end=\"825\">Den har en lett tilbakestillingsmekanisme i stedet for glass, noe som gj\u00f8r den mer holdbar og trygg for bruk p\u00e5 skip og marine anlegg.<\/p>\n<p class=\"\" data-start=\"403\" data-end=\"825\">Kallesignalet leveres med en overflatemontert bakboks og en &quot;Plug and Play&quot;-installasjon, noe som gj\u00f8r kablingen rask og effektiv.<\/p>\n<p class=\"\" data-start=\"827\" data-end=\"1168\">Denne enheten er utstyrt med en kontinuitetskobling som tillater kabeltesting f\u00f8r igangkj\u00f8ring, noe som forbedrer b\u00e5de sikkerhet og installasjonseffektivitet.<\/p>\n<p class=\"\" data-start=\"827\" data-end=\"1168\">N\u00e5r ringesignalet er aktivert, kan det tilbakestilles ved \u00e5 sette inn en testn\u00f8kkel i bunnen av enheten og klikke p\u00e5 plass.<\/p>\n<p class=\"\" data-start=\"827\" data-end=\"1168\">Den r\u00f8de indikatoren lyser n\u00e5r enheten er aktivert.<\/p>\n<p class=\"\" data-start=\"1170\" data-end=\"1327\">Dette kallesignalet er godkjent i henhold til EN 54-11 og Marine Equipment Directive 96\/98\/EC, noe som gj\u00f8r det p\u00e5litelig og trygt for bruk i marine milj\u00f8er.<\/p>\n<p class=\"\" data-start=\"1329\" data-end=\"1349\"><strong data-start=\"1329\" data-end=\"1348\">Spesifikasjoner<\/strong>:<\/p>\n<ul data-start=\"1350\" data-end=\"1869\">\n<li class=\"\" data-start=\"1350\" data-end=\"1374\">\n<p class=\"\" data-start=\"1352\" data-end=\"1374\"><strong data-start=\"1352\" data-end=\"1366\">Str\u00f8mkilde<\/strong>: 30V DC<\/p>\n<\/li>\n<li class=\"\" data-start=\"1375\" data-end=\"1402\">\n<p class=\"\" data-start=\"1377\" data-end=\"1402\"><strong data-start=\"1377\" data-end=\"1385\">M\u00e5le<\/strong>: 93 mm x 59,5 mm<\/p>\n<\/li>\n<li class=\"\" data-start=\"1403\" data-end=\"1418\">\n<p class=\"\" data-start=\"1405\" data-end=\"1418\"><strong data-start=\"1405\" data-end=\"1413\">Farge<\/strong>: R\u00f8d<\/p>\n<\/li>\n<li class=\"\" data-start=\"1419\" data-end=\"1436\">\n<p class=\"\" data-start=\"1421\" data-end=\"1436\"><strong data-start=\"1421\" data-end=\"1429\">Vekt<\/strong>: 180 g<\/p>\n<\/li>\n<li class=\"\" data-start=\"1437\" data-end=\"1505\">\n<p class=\"\" data-start=\"1439\" data-end=\"1505\"><strong data-start=\"1439\" data-end=\"1453\">Temperatur<\/strong>: Innend\u00f8rs \u201310\u00b0C til +55\u00b0C, utend\u00f8rs \u201325\u00b0C til +70\u00b0C<\/p>\n<\/li>\n<li class=\"\" data-start=\"1506\" data-end=\"1546\">\n<p class=\"\" data-start=\"1508\" data-end=\"1546\"><strong data-start=\"1508\" data-end=\"1521\">Fuktighet<\/strong>: 0-93% RH (uten kondens)<\/p>\n<\/li>\n<li class=\"\" data-start=\"1547\" data-end=\"1592\">\n<p class=\"\" data-start=\"1549\" data-end=\"1592\"><strong data-start=\"1549\" data-end=\"1561\">IP-klasse<\/strong>: Innend\u00f8rs: IP24D, Utend\u00f8rs: IP67<\/p>\n<\/li>\n<li class=\"\" data-start=\"1593\" data-end=\"1652\">\n<p class=\"\" data-start=\"1595\" data-end=\"1652\"><strong data-start=\"1595\" data-end=\"1607\">Materiale<\/strong>: Polykarbonat eller ABS avhengig av funksjon<\/p>\n<\/li>\n<li class=\"\" data-start=\"1653\" data-end=\"1719\">\n<p class=\"\" data-start=\"1655\" data-end=\"1719\"><strong data-start=\"1655\" data-end=\"1673\">Sertifiseringer<\/strong>: EN54-11, Marine Equipment Direktiv 96\/98\/EC<\/p>\n<\/li>\n<li class=\"\" data-start=\"1720\" data-end=\"1766\">\n<p class=\"\" data-start=\"1722\" data-end=\"1766\"><strong data-start=\"1722\" data-end=\"1740\">Kompatibilitet<\/strong>: XP95 Protocol Translator<\/p>\n<\/li>\n<li class=\"\" data-start=\"1767\" data-end=\"1829\">\n<p class=\"\" data-start=\"1769\" data-end=\"1829\"><strong data-start=\"1769\" data-end=\"1783\">Funksjoner<\/strong>: Tilbakestillbar, &quot;Plug and Play&quot;, overflatemontering<\/p>\n<\/li>\n<li class=\"\" data-start=\"1830\" data-end=\"1869\">\n<p class=\"\" data-start=\"1832\" data-end=\"1869\"><strong data-start=\"1832\" data-end=\"1843\">Garanti<\/strong>: Begrenset 10 \u00e5rs garanti<\/p>\n<\/li>\n<\/ul>","protected":false},"excerpt":{"rendered":"<p>Apollo 55100-021MAR konvensjonelle manuelle marinekallesignal er EN 54-11-sertifisert og har &quot;Plug and Play&quot;-terminaltilkoblinger for rask installasjon.<\/p>\n<p>Den er ideell for marine applikasjoner og har en kontinuitetskobling for kabeltesting f\u00f8r igangkj\u00f8ring.<\/p>","protected":false},"featured_media":149905,"template":"","meta":{"_acf_changed":false},"product_brand":[],"product_cat":[4749,1830,4828],"product_tag":[],"class_list":{"0":"post-149906","1":"product","2":"type-product","3":"status-publish","4":"has-post-thumbnail","6":"product_cat-orbis-serien","7":"product_cat-brandknappar","8":"product_cat-nodknappar","9":"pa_brands-apollo-fire-detectors","10":"tm-no-options","12":"first","13":"onbackorder","14":"sale","15":"taxable","16":"shipping-taxable","17":"purchasable","18":"product-type-simple"},"acf":[],"_links":{"self":[{"href":"https:\/\/secureus.se\/no\/wp-json\/wp\/v2\/product\/149906","targetHints":{"allow":["GET"]}}],"collection":[{"href":"https:\/\/secureus.se\/no\/wp-json\/wp\/v2\/product"}],"about":[{"href":"https:\/\/secureus.se\/no\/wp-json\/wp\/v2\/types\/product"}],"wp:featuredmedia":[{"embeddable":true,"href":"https:\/\/secureus.se\/no\/wp-json\/wp\/v2\/media\/149905"}],"wp:attachment":[{"href":"https:\/\/secureus.se\/no\/wp-json\/wp\/v2\/media?parent=149906"}],"wp:term":[{"taxonomy":"product_brand","embeddable":true,"href":"https:\/\/secureus.se\/no\/wp-json\/wp\/v2\/product_brand?post=149906"},{"taxonomy":"product_cat","embeddable":true,"href":"https:\/\/secureus.se\/no\/wp-json\/wp\/v2\/product_cat?post=149906"},{"taxonomy":"product_tag","embeddable":true,"href":"https:\/\/secureus.se\/no\/wp-json\/wp\/v2\/product_tag?post=149906"}],"curies":[{"name":"wp","href":"https:\/\/api.w.org\/{rel}","templated":true}]}}