{"id":149979,"date":"2025-04-03T14:11:22","date_gmt":"2025-04-03T12:11:22","guid":{"rendered":"https:\/\/secureus.se\/apollo-orb-ht-41018-mar-orbis-series-cs-marin-varmedetektor-med-blinkande-led-vit\/"},"modified":"2026-04-09T12:24:44","modified_gmt":"2026-04-09T10:24:44","slug":"apollo-orb-ht-41018-mar-orbis-series-cs-marin-varmedetektor-med-blinkande-led-vit","status":"publish","type":"product","link":"https:\/\/secureus.se\/no\/apollo-orb-ht-41018-mar-orbis-series-cs-marin-varmedetektor-med-blinkande-led-vit\/","title":{"rendered":"Apollo ORB-HT-41018-MAR Orbis Series CS marine varmedetektor med blinkende LED, hvit"},"content":{"rendered":"<h1>Apollo ORB-HT-41018-MAR Orbis Series CS Marine varmedetektor med blinkende LED<\/h1>\n<p class=\"\" data-start=\"445\" data-end=\"922\">Apollo ORB-HT-41018-MAR Orbis Series CS marine varmedetektor er en varmesensor som bruker en termistor for \u00e5 overv\u00e5ke omgivelseslufttemperaturen.<\/p>\n<p class=\"\" data-start=\"445\" data-end=\"922\">Det er spesielt nyttig i milj\u00f8er der r\u00f8ykvarslere er uegnet, for eksempel skitne eller r\u00f8ykfylte omr\u00e5der, samt for marin bruk.<\/p>\n<p class=\"\" data-start=\"445\" data-end=\"922\">Denne detektoren er et ideelt valg for hotellrom, sykehusavdelinger og andre omr\u00e5der hvor n\u00f8yaktig temperaturoverv\u00e5king er avgj\u00f8rende for \u00e5 sikre sikkerheten.<\/p>\n<p class=\"\" data-start=\"924\" data-end=\"1187\">Med blinkende lysdioder som varsler om behov for rengj\u00f8ring eller n\u00e5r avdriftskompensasjonen har n\u00e5dd sin grense, gj\u00f8r denne detektoren det enkelt \u00e5 holde den i optimal stand.<\/p>\n<p class=\"\" data-start=\"924\" data-end=\"1187\">Den er ogs\u00e5 kompatibel med de fleste konvensjonelle systemer og kan kobles til to-leder kabler.<\/p>\n<p class=\"\" data-start=\"1189\" data-end=\"1209\"><strong data-start=\"1189\" data-end=\"1208\">Spesifikasjoner<\/strong>:<\/p>\n<ul data-start=\"1210\" data-end=\"1841\">\n<li class=\"\" data-start=\"1210\" data-end=\"1236\">\n<p class=\"\" data-start=\"1212\" data-end=\"1236\"><strong data-start=\"1212\" data-end=\"1226\">Str\u00f8mkilde<\/strong>: 5\u201333V DC<\/p>\n<\/li>\n<li class=\"\" data-start=\"1237\" data-end=\"1263\">\n<p class=\"\" data-start=\"1239\" data-end=\"1263\"><strong data-start=\"1239\" data-end=\"1247\">M\u00e5le<\/strong>: \u00d897mm x 36mm<\/p>\n<\/li>\n<li class=\"\" data-start=\"1264\" data-end=\"1279\">\n<p class=\"\" data-start=\"1266\" data-end=\"1279\"><strong data-start=\"1266\" data-end=\"1274\">Farge<\/strong>: Hvit<\/p>\n<\/li>\n<li class=\"\" data-start=\"1280\" data-end=\"1296\">\n<p class=\"\" data-start=\"1282\" data-end=\"1296\"><strong data-start=\"1282\" data-end=\"1290\">Vekt<\/strong>: 80g<\/p>\n<\/li>\n<li class=\"\" data-start=\"1297\" data-end=\"1331\">\n<p class=\"\" data-start=\"1299\" data-end=\"1331\"><strong data-start=\"1299\" data-end=\"1313\">Temperatur<\/strong>: \u201340\u00b0C til +70\u00b0C<\/p>\n<\/li>\n<li class=\"\" data-start=\"1332\" data-end=\"1357\">\n<p class=\"\" data-start=\"1334\" data-end=\"1357\"><strong data-start=\"1334\" data-end=\"1347\">Fuktighet<\/strong>: 0\u201398% RH<\/p>\n<\/li>\n<li class=\"\" data-start=\"1358\" data-end=\"1398\">\n<p class=\"\" data-start=\"1360\" data-end=\"1398\"><strong data-start=\"1360\" data-end=\"1383\">Detekterbart medium<\/strong>: Brann (varme)<\/p>\n<\/li>\n<li class=\"\" data-start=\"1399\" data-end=\"1446\">\n<p class=\"\" data-start=\"1401\" data-end=\"1446\"><strong data-start=\"1401\" data-end=\"1421\">Sensingsteknologi<\/strong>: Termistor (varmesensor)<\/p>\n<\/li>\n<li class=\"\" data-start=\"1447\" data-end=\"1565\">\n<p class=\"\" data-start=\"1449\" data-end=\"1565\"><strong data-start=\"1449\" data-end=\"1463\">Funksjoner<\/strong>: DirtAlert (for rengj\u00f8ringsindikasjon), SensAlert (for driftsproblemer), blinkende LED for visuell status<\/p>\n<\/li>\n<li class=\"\" data-start=\"1566\" data-end=\"1647\">\n<p class=\"\" data-start=\"1568\" data-end=\"1647\"><strong data-start=\"1568\" data-end=\"1586\">Kompatibilitet<\/strong>: Apollo Series 65 og tidligere konvensjonelle detektorserier<\/p>\n<\/li>\n<li class=\"\" data-start=\"1648\" data-end=\"1687\">\n<p class=\"\" data-start=\"1650\" data-end=\"1687\"><strong data-start=\"1650\" data-end=\"1661\">Garanti<\/strong>: Begrenset 10 \u00e5rs garanti<\/p>\n<\/li>\n<li class=\"\" data-start=\"1688\" data-end=\"1779\">\n<p class=\"\" data-start=\"1690\" data-end=\"1779\"><strong data-start=\"1690\" data-end=\"1702\">IP-klasse<\/strong>: IP23D (Beskyttet mot inntrenging av gjenstander st\u00f8rre enn 12 mm og dryppende vann)<\/p>\n<\/li>\n<li class=\"\" data-start=\"1780\" data-end=\"1841\">\n<p class=\"\" data-start=\"1782\" data-end=\"1841\"><strong data-start=\"1782\" data-end=\"1800\">Sertifiseringer<\/strong>: EN 54-5, MED, DNV-GL, BV, CCS, KRS, CRS<\/p>\n<\/li>\n<\/ul>","protected":false},"excerpt":{"rendered":"<p>Apollo ORB-HT-41018-MAR Orbis Series CS marine varmedetektor med blinkende LED er designet for bruk i marine milj\u00f8er der r\u00f8ykvarslere ikke er egnet.<\/p>\n<p>Den har h\u00f8y f\u00f8lsomhet for temperaturendringer og inkluderer funksjoner for \u00e5 forbedre driftssikkerheten og redusere falske alarmer.<\/p>","protected":false},"featured_media":149978,"template":"","meta":{"_acf_changed":false},"product_brand":[],"product_cat":[4749,4157],"product_tag":[],"class_list":{"0":"post-149979","1":"product","2":"type-product","3":"status-publish","4":"has-post-thumbnail","6":"product_cat-orbis-serien","7":"product_cat-varmedetektor","8":"pa_brands-apollo-fire-detectors","9":"tm-no-options","11":"first","12":"instock","13":"sale","14":"taxable","15":"shipping-taxable","16":"purchasable","17":"product-type-simple"},"acf":[],"_links":{"self":[{"href":"https:\/\/secureus.se\/no\/wp-json\/wp\/v2\/product\/149979","targetHints":{"allow":["GET"]}}],"collection":[{"href":"https:\/\/secureus.se\/no\/wp-json\/wp\/v2\/product"}],"about":[{"href":"https:\/\/secureus.se\/no\/wp-json\/wp\/v2\/types\/product"}],"wp:featuredmedia":[{"embeddable":true,"href":"https:\/\/secureus.se\/no\/wp-json\/wp\/v2\/media\/149978"}],"wp:attachment":[{"href":"https:\/\/secureus.se\/no\/wp-json\/wp\/v2\/media?parent=149979"}],"wp:term":[{"taxonomy":"product_brand","embeddable":true,"href":"https:\/\/secureus.se\/no\/wp-json\/wp\/v2\/product_brand?post=149979"},{"taxonomy":"product_cat","embeddable":true,"href":"https:\/\/secureus.se\/no\/wp-json\/wp\/v2\/product_cat?post=149979"},{"taxonomy":"product_tag","embeddable":true,"href":"https:\/\/secureus.se\/no\/wp-json\/wp\/v2\/product_tag?post=149979"}],"curies":[{"name":"wp","href":"https:\/\/api.w.org\/{rel}","templated":true}]}}