{"id":149981,"date":"2025-04-03T14:11:21","date_gmt":"2025-04-03T12:11:21","guid":{"rendered":"https:\/\/secureus.se\/apollo-orb-ht-41004-mar-orbis-series-bs-marin-varmedetektor-vit\/"},"modified":"2026-04-23T13:14:13","modified_gmt":"2026-04-23T11:14:13","slug":"apollo-orb-ht-41004-mar-orbis-series-bs-marin-varmedetektor-vit","status":"publish","type":"product","link":"https:\/\/secureus.se\/no\/apollo-orb-ht-41004-mar-orbis-series-bs-marin-varmedetektor-vit\/","title":{"rendered":"Apollo ORB-HT-41004-MAR Orbis Series BS marine varmedetektor, hvit"},"content":{"rendered":"<h1>Apollo ORB-HT-41004-MAR Orbis Series BS marine varmedetektor<\/h1>\n<p class=\"\" data-start=\"404\" data-end=\"744\">Apollo ORB-HT-41004-MAR Orbis Series BS marine varmedetektor er designet for \u00e5 fungere i milj\u00f8er der r\u00f8ykdetektorer ikke er egnet, spesielt i skitne eller r\u00f8ykfylte omr\u00e5der.<\/p>\n<p class=\"\" data-start=\"404\" data-end=\"744\">Den bruker en termistor for \u00e5 m\u00e5le lufttemperaturen hvert sekund og sammenligner disse verdiene med forh\u00e5ndsinnstilte grenser for \u00e5 oppdage brann.<\/p>\n<p class=\"\" data-start=\"746\" data-end=\"1072\">Med en blinkende r\u00f8d LED ved oppstart bekrefter detektoren at den er operativ og fungerer effektivt.<\/p>\n<p class=\"\" data-start=\"746\" data-end=\"1072\">For \u00e5 forbedre p\u00e5liteligheten og redusere risikoen for falske alarmer er detektoren utstyrt med algoritmer som h\u00e5ndterer transienter og driftkompensasjon, samt DirtAlert, som varsler brukere n\u00e5r detektoren trenger vedlikehold.<\/p>\n<p class=\"\" data-start=\"1074\" data-end=\"1223\">Detektoren er en del av Orbis Marine-serien, som er spesielt designet for marine milj\u00f8er og har en IP23D-klassifisering for beskyttelse mot vanninntrenging.<\/p>\n<p class=\"\" data-start=\"1225\" data-end=\"1245\"><strong data-start=\"1225\" data-end=\"1244\">Spesifikasjoner<\/strong>:<\/p>\n<ul data-start=\"1246\" data-end=\"1751\">\n<li class=\"\" data-start=\"1246\" data-end=\"1272\">\n<p class=\"\" data-start=\"1248\" data-end=\"1272\"><strong data-start=\"1248\" data-end=\"1262\">Str\u00f8mkilde<\/strong>: 5\u201333V DC<\/p>\n<\/li>\n<li class=\"\" data-start=\"1273\" data-end=\"1299\">\n<p class=\"\" data-start=\"1275\" data-end=\"1299\"><strong data-start=\"1275\" data-end=\"1283\">M\u00e5le<\/strong>: \u00d897mm x 36mm<\/p>\n<\/li>\n<li class=\"\" data-start=\"1300\" data-end=\"1315\">\n<p class=\"\" data-start=\"1302\" data-end=\"1315\"><strong data-start=\"1302\" data-end=\"1310\">Farge<\/strong>: Hvit<\/p>\n<\/li>\n<li class=\"\" data-start=\"1316\" data-end=\"1332\">\n<p class=\"\" data-start=\"1318\" data-end=\"1332\"><strong data-start=\"1318\" data-end=\"1326\">Vekt<\/strong>: 70g<\/p>\n<\/li>\n<li class=\"\" data-start=\"1333\" data-end=\"1367\">\n<p class=\"\" data-start=\"1335\" data-end=\"1367\"><strong data-start=\"1335\" data-end=\"1349\">Temperatur<\/strong>: \u201340\u00b0C til +70\u00b0C<\/p>\n<\/li>\n<li class=\"\" data-start=\"1368\" data-end=\"1408\">\n<p class=\"\" data-start=\"1370\" data-end=\"1408\"><strong data-start=\"1370\" data-end=\"1383\">Fuktighet<\/strong>: 0\u201398% RH (uten kondens)<\/p>\n<\/li>\n<li class=\"\" data-start=\"1409\" data-end=\"1449\">\n<p class=\"\" data-start=\"1411\" data-end=\"1449\"><strong data-start=\"1411\" data-end=\"1434\">Detekterbart medium<\/strong>: Brann (varme)<\/p>\n<\/li>\n<li class=\"\" data-start=\"1450\" data-end=\"1483\">\n<p class=\"\" data-start=\"1452\" data-end=\"1483\"><strong data-start=\"1452\" data-end=\"1472\">Sensingsteknologi<\/strong>: Termistor<\/p>\n<\/li>\n<li class=\"\" data-start=\"1484\" data-end=\"1546\">\n<p class=\"\" data-start=\"1486\" data-end=\"1546\"><strong data-start=\"1486\" data-end=\"1500\">Funksjoner<\/strong>: DirtAlert, SensAlert, Blinkende LED, FastTest<\/p>\n<\/li>\n<li class=\"\" data-start=\"1547\" data-end=\"1607\">\n<p class=\"\" data-start=\"1549\" data-end=\"1607\"><strong data-start=\"1549\" data-end=\"1567\">Sertifiseringer<\/strong>: EN54-5, MED, DNV.GL, BV, CCS, KRS, CRS<\/p>\n<\/li>\n<li class=\"\" data-start=\"1608\" data-end=\"1689\">\n<p class=\"\" data-start=\"1610\" data-end=\"1689\"><strong data-start=\"1610\" data-end=\"1628\">Kompatibilitet<\/strong>: Apollo Series 65 og tidligere konvensjonelle detektorserier<\/p>\n<\/li>\n<li class=\"\" data-start=\"1690\" data-end=\"1711\">\n<p class=\"\" data-start=\"1692\" data-end=\"1711\"><strong data-start=\"1692\" data-end=\"1704\">IP-klasse<\/strong>: IP23D<\/p>\n<\/li>\n<li class=\"\" data-start=\"1712\" data-end=\"1751\">\n<p class=\"\" data-start=\"1714\" data-end=\"1751\"><strong data-start=\"1714\" data-end=\"1725\">Garanti<\/strong>: Begrenset 10 \u00e5rs garanti<\/p>\n<\/li>\n<\/ul>","protected":false},"excerpt":{"rendered":"<p>Apollo ORB-HT-41004-MAR Orbis Series BS marine varmedetektor med blinkende LED er en p\u00e5litelig l\u00f8sning for \u00e5 oppdage temperatur\u00f8kninger i milj\u00f8er der r\u00f8ykvarslere ikke er egnet.<\/p>\n<p>Den har et effektivt varmesensorsystem og gir visuell tilbakemelding via en blinkende r\u00f8d LED.<\/p>","protected":false},"featured_media":149980,"template":"","meta":{"_acf_changed":false},"product_brand":[],"product_cat":[4749,4157],"product_tag":[],"class_list":{"0":"post-149981","1":"product","2":"type-product","3":"status-publish","4":"has-post-thumbnail","6":"product_cat-orbis-serien","7":"product_cat-varmedetektor","8":"pa_brands-apollo-fire-detectors","9":"tm-no-options","11":"first","12":"instock","13":"taxable","14":"shipping-taxable","15":"purchasable","16":"product-type-simple"},"acf":[],"_links":{"self":[{"href":"https:\/\/secureus.se\/no\/wp-json\/wp\/v2\/product\/149981","targetHints":{"allow":["GET"]}}],"collection":[{"href":"https:\/\/secureus.se\/no\/wp-json\/wp\/v2\/product"}],"about":[{"href":"https:\/\/secureus.se\/no\/wp-json\/wp\/v2\/types\/product"}],"wp:featuredmedia":[{"embeddable":true,"href":"https:\/\/secureus.se\/no\/wp-json\/wp\/v2\/media\/149980"}],"wp:attachment":[{"href":"https:\/\/secureus.se\/no\/wp-json\/wp\/v2\/media?parent=149981"}],"wp:term":[{"taxonomy":"product_brand","embeddable":true,"href":"https:\/\/secureus.se\/no\/wp-json\/wp\/v2\/product_brand?post=149981"},{"taxonomy":"product_cat","embeddable":true,"href":"https:\/\/secureus.se\/no\/wp-json\/wp\/v2\/product_cat?post=149981"},{"taxonomy":"product_tag","embeddable":true,"href":"https:\/\/secureus.se\/no\/wp-json\/wp\/v2\/product_tag?post=149981"}],"curies":[{"name":"wp","href":"https:\/\/api.w.org\/{rel}","templated":true}]}}