{"id":149988,"date":"2025-04-03T14:11:17","date_gmt":"2025-04-03T12:11:17","guid":{"rendered":"https:\/\/secureus.se\/apollo-pp5025-orbis-series-kontinuitetsbrytare-marine-timesaver-base-vit\/"},"modified":"2026-04-16T15:32:39","modified_gmt":"2026-04-16T13:32:39","slug":"apollo-pp5025-orbis-series-kontinuitetsbrytare-marine-timesaver-base-vit","status":"publish","type":"product","link":"https:\/\/secureus.se\/no\/apollo-pp5025-orbis-series-kontinuitetsbrytare-marine-timesaver-base-vit\/","title":{"rendered":"Apollo PP5025 Orbis Series Continuity Switch Marine TimeSaver Base, Hvit"},"content":{"rendered":"<h1>Apollo PP5025 Orbis Series Continuity Switch Marine TimeSaver Base<\/h1>\n<p class=\"\" data-start=\"391\" data-end=\"833\">Apollo PP5025 Orbis Series Marine TimeSaver Base er en monteringsbase som gj\u00f8r installasjonen av Orbis Series detektorer rask og enkel.<\/p>\n<p class=\"\" data-start=\"391\" data-end=\"833\">Med et innovativt designkonsept tilbyr denne basen en \u00e5pen arbeidsflate med monteringshull for \u00e5 muliggj\u00f8re rask montering.<\/p>\n<p class=\"\" data-start=\"391\" data-end=\"833\">Den har to festepunkter og et LED-justeringsmerke som bidrar til \u00e5 sikre at alle detektorer er riktig installert med LED-ene vendt i samme retning.<\/p>\n<p class=\"\" data-start=\"835\" data-end=\"1200\">Den er utstyrt med en kabelavisoleringsguide for \u00e5 gj\u00f8re installasjonen enda enklere og for \u00e5 sikre at kablene er riktig forberedt.<\/p>\n<p class=\"\" data-start=\"835\" data-end=\"1200\">Dette gj\u00f8r TimeSaver Base til et effektivt valg for installasjon av b\u00e5de r\u00f8yk- og varmedetektorer i marine milj\u00f8er.<\/p>\n<p class=\"\" data-start=\"835\" data-end=\"1200\">Den er ogs\u00e5 godkjent i henhold til Marine Equipment Directive 2014\/90\/EU for bruk i marine applikasjoner.<\/p>\n<p class=\"\" data-start=\"1202\" data-end=\"1222\"><strong data-start=\"1202\" data-end=\"1221\">Spesifikasjoner<\/strong>:<\/p>\n<ul data-start=\"1223\" data-end=\"1528\">\n<li class=\"\" data-start=\"1223\" data-end=\"1241\">\n<p class=\"\" data-start=\"1225\" data-end=\"1241\"><strong data-start=\"1225\" data-end=\"1233\">Farge<\/strong>: S\u00f8lv<\/p>\n<\/li>\n<li class=\"\" data-start=\"1242\" data-end=\"1286\">\n<p class=\"\" data-start=\"1244\" data-end=\"1286\"><strong data-start=\"1244\" data-end=\"1252\">M\u00e5le<\/strong>: Standardst\u00f8rrelse for Orbis-serien<\/p>\n<\/li>\n<li class=\"\" data-start=\"1287\" data-end=\"1363\">\n<p class=\"\" data-start=\"1289\" data-end=\"1363\"><strong data-start=\"1289\" data-end=\"1303\">Funksjoner<\/strong>: To festepunkter, LED-justeringsmerke, kabelavisoleringsguide<\/p>\n<\/li>\n<li class=\"\" data-start=\"1364\" data-end=\"1415\">\n<p class=\"\" data-start=\"1366\" data-end=\"1415\"><strong data-start=\"1366\" data-end=\"1384\">Kompatibilitet<\/strong>: Varmedetektor, R\u00f8ykdetektor<\/p>\n<\/li>\n<li class=\"\" data-start=\"1416\" data-end=\"1488\">\n<p class=\"\" data-start=\"1418\" data-end=\"1488\"><strong data-start=\"1418\" data-end=\"1436\">Sertifiseringer<\/strong>: CE-merking, Marine Equipment Directive 2014\/90\/EU<\/p>\n<\/li>\n<li class=\"\" data-start=\"1489\" data-end=\"1528\">\n<p class=\"\" data-start=\"1491\" data-end=\"1528\"><strong data-start=\"1491\" data-end=\"1502\">Garanti<\/strong>: Begrenset 10 \u00e5rs garanti<\/p>\n<\/li>\n<\/ul>","protected":false},"excerpt":{"rendered":"<p>Apollo PP5025 Orbis Series Continuity Switch Marine TimeSaver Base er designet for enkel og rask installasjon av detektorer.<\/p>\n<p>Den har to festepunkter, et LED-justeringsmerke for korrekt installasjon og en kabelavisoleringsguide for effektivt arbeid.<\/p>","protected":false},"featured_media":149987,"template":"","meta":{"_acf_changed":false},"product_brand":[],"product_cat":[4749],"product_tag":[],"class_list":{"0":"post-149988","1":"product","2":"type-product","3":"status-publish","4":"has-post-thumbnail","6":"product_cat-orbis-serien","7":"pa_brands-apollo-fire-detectors","8":"tm-no-options","10":"first","11":"instock","12":"taxable","13":"shipping-taxable","14":"purchasable","15":"product-type-simple"},"acf":[],"_links":{"self":[{"href":"https:\/\/secureus.se\/no\/wp-json\/wp\/v2\/product\/149988","targetHints":{"allow":["GET"]}}],"collection":[{"href":"https:\/\/secureus.se\/no\/wp-json\/wp\/v2\/product"}],"about":[{"href":"https:\/\/secureus.se\/no\/wp-json\/wp\/v2\/types\/product"}],"wp:featuredmedia":[{"embeddable":true,"href":"https:\/\/secureus.se\/no\/wp-json\/wp\/v2\/media\/149987"}],"wp:attachment":[{"href":"https:\/\/secureus.se\/no\/wp-json\/wp\/v2\/media?parent=149988"}],"wp:term":[{"taxonomy":"product_brand","embeddable":true,"href":"https:\/\/secureus.se\/no\/wp-json\/wp\/v2\/product_brand?post=149988"},{"taxonomy":"product_cat","embeddable":true,"href":"https:\/\/secureus.se\/no\/wp-json\/wp\/v2\/product_cat?post=149988"},{"taxonomy":"product_tag","embeddable":true,"href":"https:\/\/secureus.se\/no\/wp-json\/wp\/v2\/product_tag?post=149988"}],"curies":[{"name":"wp","href":"https:\/\/api.w.org\/{rel}","templated":true}]}}