{"id":149990,"date":"2025-04-03T14:11:14","date_gmt":"2025-04-03T12:11:14","guid":{"rendered":"https:\/\/secureus.se\/apollo-orb-mb-00001-apo-orbis-series-kontinuitetsbrytare-timesaver-base-vit\/"},"modified":"2026-04-16T15:35:20","modified_gmt":"2026-04-16T13:35:20","slug":"apollo-orb-mb-00001-apo-orbis-series-kontinuitetsbrytare-timesaver-base-vit","status":"publish","type":"product","link":"https:\/\/secureus.se\/no\/apollo-orb-mb-00001-apo-orbis-series-kontinuitetsbrytare-timesaver-base-vit\/","title":{"rendered":"Apollo ORB-MB-00001-APO Orbis Series Kontinuitetsbryter TimeSaver Base, hvit"},"content":{"rendered":"<h1>Apollo ORB-MB-00001-APO Orbis Series Continuity Switch TimeSaver Base<\/h1>\n<p class=\"\" data-start=\"472\" data-end=\"897\">Apollo Orbis Continuity Switch TimeSaver Base er designet for \u00e5 optimalisere installasjonen av branndetektorer ved \u00e5 tilby en \u00e5pen arbeidsflate med monteringshull som muliggj\u00f8r rask og enkel montering.<\/p>\n<p class=\"\" data-start=\"472\" data-end=\"897\">Basen kommer med et LED-justeringsmerke, som lar installat\u00f8ren plassere detektorer riktig for \u00e5 sikre at LED-ene er orientert i riktig retning.<\/p>\n<p class=\"\" data-start=\"899\" data-end=\"1390\">TimeSaver Base er en perfekt l\u00f8sning for bruk med Apollo Series 65 og tidligere modeller av konvensjonelle detektorer.<\/p>\n<p class=\"\" data-start=\"899\" data-end=\"1390\">Den er designet for \u00e5 v\u00e6re b\u00e5de funksjonell og p\u00e5litelig med CE-merking og samsvar med gjeldende sikkerhetsstandarder.<\/p>\n<p class=\"\" data-start=\"899\" data-end=\"1390\">Sokkelen er laget av PC-materiale og har en dybde p\u00e5 20 mm, noe som gir en slitesterk og stabil installasjon.<\/p>\n<p class=\"\" data-start=\"899\" data-end=\"1390\">Med sine to festepunkter og robuste design kan den brukes i ulike sikkerhetssystemer for \u00e5 sikre effektiv deteksjon.<\/p>\n<p class=\"\" data-start=\"1392\" data-end=\"1422\"><strong data-start=\"1392\" data-end=\"1420\">Hovedfunksjoner:<\/strong><\/p>\n<ul data-start=\"1423\" data-end=\"1660\">\n<li class=\"\" data-start=\"1423\" data-end=\"1442\">\n<p class=\"\" data-start=\"1425\" data-end=\"1442\">To festepunkter<\/p>\n<\/li>\n<li class=\"\" data-start=\"1443\" data-end=\"1467\">\n<p class=\"\" data-start=\"1445\" data-end=\"1467\">LED-justeringsmerke<\/p>\n<\/li>\n<li class=\"\" data-start=\"1468\" data-end=\"1520\">\n<p class=\"\" data-start=\"1470\" data-end=\"1520\">St\u00f8ttede enheter: varmedetektor, r\u00f8ykdetektor<\/p>\n<\/li>\n<li class=\"\" data-start=\"1521\" data-end=\"1595\">\n<p class=\"\" data-start=\"1523\" data-end=\"1595\">Kompatibel med Apollo Series 65 og tidligere konvensjonelle detektorer<\/p>\n<\/li>\n<li class=\"\" data-start=\"1596\" data-end=\"1660\">\n<p class=\"\" data-start=\"1598\" data-end=\"1660\">CE-merket og sertifisert for bruk i sikkerhetssystemer<\/p>\n<\/li>\n<\/ul>\n<p class=\"\" data-start=\"1662\" data-end=\"1693\"><strong data-start=\"1662\" data-end=\"1691\">Tekniske spesifikasjoner:<\/strong><\/p>\n<ul data-start=\"1694\" data-end=\"1875\">\n<li class=\"\" data-start=\"1694\" data-end=\"1709\">\n<p class=\"\" data-start=\"1696\" data-end=\"1709\">Dybde: 20 mm<\/p>\n<\/li>\n<li class=\"\" data-start=\"1710\" data-end=\"1726\">\n<p class=\"\" data-start=\"1712\" data-end=\"1726\">Farge: S\u00f8lv<\/p>\n<\/li>\n<li class=\"\" data-start=\"1727\" data-end=\"1758\">\n<p class=\"\" data-start=\"1729\" data-end=\"1758\">Materiale: PC (polykarbonat)<\/p>\n<\/li>\n<li class=\"\" data-start=\"1759\" data-end=\"1801\">\n<p class=\"\" data-start=\"1761\" data-end=\"1801\">Sertifiseringer: CE-merking, i samsvar<\/p>\n<\/li>\n<li class=\"\" data-start=\"1802\" data-end=\"1875\">\n<p class=\"\" data-start=\"1804\" data-end=\"1875\">Kompatibilitet: Apollo Series 65 og tidligere konvensjonelle detektorer<\/p>\n<\/li>\n<\/ul>","protected":false},"excerpt":{"rendered":"<p>Apollo Orbis Continuity Switch TimeSaver Base tilbyr en effektiv l\u00f8sning for rask installasjon av branndetektorer.<\/p>\n<p>Med to festepunkter og LED-justeringsmerke gj\u00f8r den installasjonen enkel og rask. Den er kompatibel med Apollo Series 65 og tidligere konvensjonelle detektorer.<\/p>","protected":false},"featured_media":149989,"template":"","meta":{"_acf_changed":false},"product_brand":[],"product_cat":[4749],"product_tag":[],"class_list":{"0":"post-149990","1":"product","2":"type-product","3":"status-publish","4":"has-post-thumbnail","6":"product_cat-orbis-serien","7":"pa_brands-apollo-fire-detectors","8":"tm-no-options","10":"first","11":"instock","12":"taxable","13":"shipping-taxable","14":"purchasable","15":"product-type-simple"},"acf":[],"_links":{"self":[{"href":"https:\/\/secureus.se\/no\/wp-json\/wp\/v2\/product\/149990","targetHints":{"allow":["GET"]}}],"collection":[{"href":"https:\/\/secureus.se\/no\/wp-json\/wp\/v2\/product"}],"about":[{"href":"https:\/\/secureus.se\/no\/wp-json\/wp\/v2\/types\/product"}],"wp:featuredmedia":[{"embeddable":true,"href":"https:\/\/secureus.se\/no\/wp-json\/wp\/v2\/media\/149989"}],"wp:attachment":[{"href":"https:\/\/secureus.se\/no\/wp-json\/wp\/v2\/media?parent=149990"}],"wp:term":[{"taxonomy":"product_brand","embeddable":true,"href":"https:\/\/secureus.se\/no\/wp-json\/wp\/v2\/product_brand?post=149990"},{"taxonomy":"product_cat","embeddable":true,"href":"https:\/\/secureus.se\/no\/wp-json\/wp\/v2\/product_cat?post=149990"},{"taxonomy":"product_tag","embeddable":true,"href":"https:\/\/secureus.se\/no\/wp-json\/wp\/v2\/product_tag?post=149990"}],"curies":[{"name":"wp","href":"https:\/\/api.w.org\/{rel}","templated":true}]}}