{"id":149996,"date":"2025-04-03T14:11:10","date_gmt":"2025-04-03T12:11:10","guid":{"rendered":"https:\/\/secureus.se\/apollo-pp2632-orbis-series-optisk-rokdetektor-vit\/"},"modified":"2026-04-09T11:30:16","modified_gmt":"2026-04-09T09:30:16","slug":"apollo-pp2632-orbis-series-optisk-rokdetektor-vit","status":"publish","type":"product","link":"https:\/\/secureus.se\/no\/apollo-pp2632-orbis-series-optisk-rokdetektor-vit\/","title":{"rendered":"Apollo PP2632 Orbis-serien optisk r\u00f8ykdetektor, hvit"},"content":{"rendered":"<h1>Apollo PP2632 Orbis-serien optisk r\u00f8ykdetektor<\/h1>\n<p class=\"\" data-start=\"521\" data-end=\"960\">Apollo Orbis optiske r\u00f8ykdetektor er designet for \u00e5 forbedre branndeteksjonssystemer med sin avanserte teknologi og p\u00e5litelighet.<\/p>\n<p class=\"\" data-start=\"521\" data-end=\"960\">Ved \u00e5 bruke lysspredningsprinsippet gir det forbedret f\u00f8lsomhet for b\u00e5de svart og hvit r\u00f8yk.<\/p>\n<p class=\"\" data-start=\"521\" data-end=\"960\">En unik fordel med Orbis er dens evne til \u00e5 h\u00e5ndtere svart r\u00f8yk effektivt, noe som skiller den fra tradisjonelle r\u00f8ykdetektorer som har bedre ytelse for hvit r\u00f8yk.<\/p>\n<p class=\"\" data-start=\"962\" data-end=\"1352\">En annen betydelig funksjon er de forbig\u00e5ende avvisningsalgoritmene, som reduserer antall falske alarmer og sikrer at detektoren ikke reagerer p\u00e5 milj\u00f8endringer eller ikke-brannrelaterte fenomener.<\/p>\n<p class=\"\" data-start=\"962\" data-end=\"1352\">Den automatiske driftkompensasjonen og DirtAlert\u00ae-teknologien gj\u00f8r det enkelt \u00e5 identifisere skitne detektorer gjennom en gul blinkende LED, noe som gj\u00f8r vedlikeholdet raskt og effektivt.<\/p>\n<p class=\"\" data-start=\"1354\" data-end=\"1602\">Med en driftstemperatur p\u00e5 -40\u00b0C til +70\u00b0C og IP23D-klassifisering er denne detektoren p\u00e5litelig i b\u00e5de innend\u00f8rs og utend\u00f8rs milj\u00f8er.<\/p>\n<p class=\"\" data-start=\"1354\" data-end=\"1602\">Den har ogs\u00e5 lavt str\u00f8mforbruk og er kompatibel med Apollo Series 65 og tidligere konvensjonelle detektorer.<\/p>\n<p class=\"\" data-start=\"1604\" data-end=\"1634\"><strong data-start=\"1604\" data-end=\"1632\">Hovedfunksjoner:<\/strong><\/p>\n<ul data-start=\"1635\" data-end=\"2031\">\n<li class=\"\" data-start=\"1635\" data-end=\"1697\">\n<p class=\"\" data-start=\"1637\" data-end=\"1697\">Algoritmer for \u00e5 avvise transienter og redusere falske alarmer<\/p>\n<\/li>\n<li class=\"\" data-start=\"1698\" data-end=\"1792\">\n<p class=\"\" data-start=\"1700\" data-end=\"1792\">Automatisk avdriftskompensasjon med DirtAlert\u00ae for enkel identifikasjon av skittent detektorer<\/p>\n<\/li>\n<li class=\"\" data-start=\"1793\" data-end=\"1832\">\n<p class=\"\" data-start=\"1795\" data-end=\"1832\">Forbedret f\u00f8lsomhet for svart r\u00f8yk<\/p>\n<\/li>\n<li class=\"\" data-start=\"1833\" data-end=\"1898\">\n<p class=\"\" data-start=\"1835\" data-end=\"1898\">Forbedret ytelse for ulmende og raskt brennende branner<\/p>\n<\/li>\n<li class=\"\" data-start=\"1899\" data-end=\"1973\">\n<p class=\"\" data-start=\"1901\" data-end=\"1973\">Kompatibel med Apollo Series 65 og tidligere konvensjonelle detektorer<\/p>\n<\/li>\n<li class=\"\" data-start=\"1974\" data-end=\"2031\">\n<p class=\"\" data-start=\"1976\" data-end=\"2031\">CE-merket og samsvarer med EMC- og byggevaredirektiver<\/p>\n<\/li>\n<\/ul>\n<p class=\"\" data-start=\"2033\" data-end=\"2064\"><strong data-start=\"2033\" data-end=\"2062\">Tekniske spesifikasjoner:<\/strong><\/p>\n<ul data-start=\"2065\" data-end=\"2293\">\n<li class=\"\" data-start=\"2065\" data-end=\"2081\">\n<p class=\"\" data-start=\"2067\" data-end=\"2081\">Farge: S\u00f8lv<\/p>\n<\/li>\n<li class=\"\" data-start=\"2082\" data-end=\"2108\">\n<p class=\"\" data-start=\"2084\" data-end=\"2108\">Materiale: Polykarbonat<\/p>\n<\/li>\n<li class=\"\" data-start=\"2109\" data-end=\"2124\">\n<p class=\"\" data-start=\"2111\" data-end=\"2124\">H\u00f8yde: 31mm<\/p>\n<\/li>\n<li class=\"\" data-start=\"2125\" data-end=\"2144\">\n<p class=\"\" data-start=\"2127\" data-end=\"2144\">Diameter: 97 mm<\/p>\n<\/li>\n<li class=\"\" data-start=\"2145\" data-end=\"2170\">\n<p class=\"\" data-start=\"2147\" data-end=\"2170\">Vekt: 75 g (uten base)<\/p>\n<\/li>\n<li class=\"\" data-start=\"2171\" data-end=\"2203\">\n<p class=\"\" data-start=\"2173\" data-end=\"2203\">Str\u00f8mforsyning: 8,5\u201333V DC<\/p>\n<\/li>\n<li class=\"\" data-start=\"2204\" data-end=\"2242\">\n<p class=\"\" data-start=\"2206\" data-end=\"2242\">Driftstemperatur: -40\u00b0C til +70\u00b0C<\/p>\n<\/li>\n<li class=\"\" data-start=\"2243\" data-end=\"2271\">\n<p class=\"\" data-start=\"2245\" data-end=\"2271\">IP-klassifisering: IP23D<\/p>\n<\/li>\n<li class=\"\" data-start=\"2272\" data-end=\"2293\">\n<p class=\"\" data-start=\"2274\" data-end=\"2293\">Garantiperiode: 10 \u00e5r<\/p>\n<\/li>\n<\/ul>","protected":false},"excerpt":{"rendered":"<p>Den optiske r\u00f8ykvarsleren Apollo Orbis gir forbedret f\u00f8lsomhet for svart r\u00f8yk og reduserer risikoen for falske alarmer gjennom avanserte transiente avvisningsalgoritmer.<\/p>\n<p>Med DirtAlert\u00ae-teknologi for automatisk driftkompensasjon, advarer den med en gul blinkende LED om skitne detektorer.<\/p>\n<p>Ideell for tidlig varsling av ulmende branner.<\/p>","protected":false},"featured_media":149995,"template":"","meta":{"_acf_changed":false},"product_brand":[],"product_cat":[4749],"product_tag":[],"class_list":{"0":"post-149996","1":"product","2":"type-product","3":"status-publish","4":"has-post-thumbnail","6":"product_cat-orbis-serien","7":"pa_brands-apollo-fire-detectors","8":"tm-no-options","10":"first","11":"instock","12":"taxable","13":"shipping-taxable","14":"purchasable","15":"product-type-simple"},"acf":[],"_links":{"self":[{"href":"https:\/\/secureus.se\/no\/wp-json\/wp\/v2\/product\/149996","targetHints":{"allow":["GET"]}}],"collection":[{"href":"https:\/\/secureus.se\/no\/wp-json\/wp\/v2\/product"}],"about":[{"href":"https:\/\/secureus.se\/no\/wp-json\/wp\/v2\/types\/product"}],"wp:featuredmedia":[{"embeddable":true,"href":"https:\/\/secureus.se\/no\/wp-json\/wp\/v2\/media\/149995"}],"wp:attachment":[{"href":"https:\/\/secureus.se\/no\/wp-json\/wp\/v2\/media?parent=149996"}],"wp:term":[{"taxonomy":"product_brand","embeddable":true,"href":"https:\/\/secureus.se\/no\/wp-json\/wp\/v2\/product_brand?post=149996"},{"taxonomy":"product_cat","embeddable":true,"href":"https:\/\/secureus.se\/no\/wp-json\/wp\/v2\/product_cat?post=149996"},{"taxonomy":"product_tag","embeddable":true,"href":"https:\/\/secureus.se\/no\/wp-json\/wp\/v2\/product_tag?post=149996"}],"curies":[{"name":"wp","href":"https:\/\/api.w.org\/{rel}","templated":true}]}}