{"id":149998,"date":"2025-04-03T14:11:09","date_gmt":"2025-04-03T12:11:09","guid":{"rendered":"https:\/\/secureus.se\/apollo-pp2147-orbis-series-timesaver-detektorbas-med-rela\/"},"modified":"2026-04-09T11:30:26","modified_gmt":"2026-04-09T09:30:26","slug":"apollo-pp2147-orbis-series-timesaver-detektorbas-med-rela","status":"publish","type":"product","link":"https:\/\/secureus.se\/no\/apollo-pp2147-orbis-series-timesaver-detektorbas-med-rela\/","title":{"rendered":"Apollo PP2147 Orbis Series TimeSaver-detektorbase med rel\u00e9"},"content":{"rendered":"<h1>Apollo PP2147 Orbis Series TimeSaver-detektorbase med rel\u00e9<\/h1>\n<p class=\"\" data-start=\"501\" data-end=\"880\">Apollo Orbis TimeSaver-detektorbase med rel\u00e9 er designet for \u00e5 str\u00f8mlinjeforme installasjonen og driften av branndetektorer.<\/p>\n<p class=\"\" data-start=\"501\" data-end=\"880\">Basen er utstyrt med grupperte terminaler som forenkler kabling og installasjon, samt to festepunkter og et LED-justeringsmerke som gj\u00f8r det enkelt for installat\u00f8rer \u00e5 montere og kalibrere detektorer riktig.<\/p>\n<p class=\"\" data-start=\"882\" data-end=\"1308\">Rel\u00e9et p\u00e5 basen har en enpolet, spenningsfri vekselkontakt som aktiveres n\u00e5r detektoren g\u00e5r i alarmmodus.<\/p>\n<p class=\"\" data-start=\"882\" data-end=\"1308\">Dette muliggj\u00f8r tilkobling til eksternt utstyr og systemer, og releet forblir aktivert til detektoren tilbakestilles.<\/p>\n<p class=\"\" data-start=\"882\" data-end=\"1308\">Basen har ogs\u00e5 en kontinuitetskobling for \u00e5 lette spenningstesting av sonekabler f\u00f8r igangkj\u00f8ring, og sikrer at alle tilkoblinger fungerer som de skal f\u00f8r systemet settes i drift.<\/p>\n<p class=\"\" data-start=\"1310\" data-end=\"1522\">Basen er laget av polykarbonat, noe som gj\u00f8r den slitesterk og milj\u00f8vennlig.<\/p>\n<p class=\"\" data-start=\"1310\" data-end=\"1522\">Den er CE-merket og leveres med 10 \u00e5rs garanti, noe som sikrer langsiktig ytelse og p\u00e5litelighet til branndeteksjonssystemet.<\/p>\n<p class=\"\" data-start=\"1524\" data-end=\"1554\"><strong data-start=\"1524\" data-end=\"1552\">Hovedfunksjoner:<\/strong><\/p>\n<ul data-start=\"1555\" data-end=\"1960\">\n<li class=\"\" data-start=\"1555\" data-end=\"1604\">\n<p class=\"\" data-start=\"1557\" data-end=\"1604\">Grupperte terminaler for enkel kabling<\/p>\n<\/li>\n<li class=\"\" data-start=\"1605\" data-end=\"1672\">\n<p class=\"\" data-start=\"1607\" data-end=\"1672\">To festepunkter og LED-justeringsmerke for enkel installasjon<\/p>\n<\/li>\n<li class=\"\" data-start=\"1673\" data-end=\"1754\">\n<p class=\"\" data-start=\"1675\" data-end=\"1754\">Enpolet koblingskontakt for eksternt utstyr (kan veksle opp til 30V ved 1A)<\/p>\n<\/li>\n<li class=\"\" data-start=\"1755\" data-end=\"1811\">\n<p class=\"\" data-start=\"1757\" data-end=\"1811\">Veiledning for kabelavisolering og detektorl\u00e5semekanisme<\/p>\n<\/li>\n<li class=\"\" data-start=\"1812\" data-end=\"1886\">\n<p class=\"\" data-start=\"1814\" data-end=\"1886\">Kontinuitetsledd for spenningstesting av sonekabler f\u00f8r igangsetting<\/p>\n<\/li>\n<li class=\"\" data-start=\"1887\" data-end=\"1925\">\n<p class=\"\" data-start=\"1889\" data-end=\"1925\">CE-merking og milj\u00f8vennlig design<\/p>\n<\/li>\n<li class=\"\" data-start=\"1926\" data-end=\"1960\">\n<p class=\"\" data-start=\"1928\" data-end=\"1960\">Kompatibel med r\u00f8ykvarslere<\/p>\n<\/li>\n<\/ul>\n<p class=\"\" data-start=\"1962\" data-end=\"1993\"><strong data-start=\"1962\" data-end=\"1991\">Tekniske spesifikasjoner:<\/strong><\/p>\n<ul data-start=\"1994\" data-end=\"2130\">\n<li class=\"\" data-start=\"1994\" data-end=\"2011\">\n<p class=\"\" data-start=\"1996\" data-end=\"2011\">Dybde: 23,5 mm<\/p>\n<\/li>\n<li class=\"\" data-start=\"2012\" data-end=\"2028\">\n<p class=\"\" data-start=\"2014\" data-end=\"2028\">Farge: S\u00f8lv<\/p>\n<\/li>\n<li class=\"\" data-start=\"2029\" data-end=\"2056\">\n<p class=\"\" data-start=\"2031\" data-end=\"2056\">Materiale: Polykarbonat<\/p>\n<\/li>\n<li class=\"\" data-start=\"2057\" data-end=\"2078\">\n<p class=\"\" data-start=\"2059\" data-end=\"2078\">Garantiperiode: 10 \u00e5r<\/p>\n<\/li>\n<li class=\"\" data-start=\"2079\" data-end=\"2110\">\n<p class=\"\" data-start=\"2081\" data-end=\"2110\">Sertifiseringer: CE-merking<\/p>\n<\/li>\n<li class=\"\" data-start=\"2111\" data-end=\"2130\">\n<p class=\"\" data-start=\"2113\" data-end=\"2130\">Milj\u00f8vennlig: Ja<\/p>\n<\/li>\n<\/ul>","protected":false},"excerpt":{"rendered":"<p>Apollo Orbis TimeSaver-detektorbase med rel\u00e9 tilbyr en enkel og rask installasjonsl\u00f8sning med grupperte terminaler for kabling, to festepunkter og et LED-justeringsmerke.<\/p>\n<p>Rel\u00e9et aktiveres n\u00e5r detektoren g\u00e5r i alarmmodus, noe som muliggj\u00f8r enkel tilkobling av eksternt utstyr.<\/p>","protected":false},"featured_media":149997,"template":"","meta":{"_acf_changed":false},"product_brand":[],"product_cat":[4749],"product_tag":[],"class_list":{"0":"post-149998","1":"product","2":"type-product","3":"status-publish","4":"has-post-thumbnail","6":"product_cat-orbis-serien","7":"pa_brands-apollo-fire-detectors","8":"tm-no-options","10":"first","11":"instock","12":"taxable","13":"shipping-taxable","14":"purchasable","15":"product-type-simple"},"acf":[],"_links":{"self":[{"href":"https:\/\/secureus.se\/no\/wp-json\/wp\/v2\/product\/149998","targetHints":{"allow":["GET"]}}],"collection":[{"href":"https:\/\/secureus.se\/no\/wp-json\/wp\/v2\/product"}],"about":[{"href":"https:\/\/secureus.se\/no\/wp-json\/wp\/v2\/types\/product"}],"wp:featuredmedia":[{"embeddable":true,"href":"https:\/\/secureus.se\/no\/wp-json\/wp\/v2\/media\/149997"}],"wp:attachment":[{"href":"https:\/\/secureus.se\/no\/wp-json\/wp\/v2\/media?parent=149998"}],"wp:term":[{"taxonomy":"product_brand","embeddable":true,"href":"https:\/\/secureus.se\/no\/wp-json\/wp\/v2\/product_brand?post=149998"},{"taxonomy":"product_cat","embeddable":true,"href":"https:\/\/secureus.se\/no\/wp-json\/wp\/v2\/product_cat?post=149998"},{"taxonomy":"product_tag","embeddable":true,"href":"https:\/\/secureus.se\/no\/wp-json\/wp\/v2\/product_tag?post=149998"}],"curies":[{"name":"wp","href":"https:\/\/api.w.org\/{rel}","templated":true}]}}