{"id":150000,"date":"2025-04-03T14:11:09","date_gmt":"2025-04-03T12:11:09","guid":{"rendered":"https:\/\/secureus.se\/apollo-pp5037-orbis-series-egensaker-optisk-rokdetektor-vit\/"},"modified":"2026-04-16T15:36:21","modified_gmt":"2026-04-16T13:36:21","slug":"apollo-pp5037-orbis-series-egensaker-optisk-rokdetektor-vit","status":"publish","type":"product","link":"https:\/\/secureus.se\/no\/apollo-pp5037-orbis-series-egensaker-optisk-rokdetektor-vit\/","title":{"rendered":"Apollo PP5037 Orbis-serien egensikker optisk r\u00f8ykdetektor, hvit"},"content":{"rendered":"<h1>Apollo PP5037 Orbis-serien egensikker optisk r\u00f8ykdetektor<\/h1>\n<p class=\"\" data-start=\"469\" data-end=\"988\">Den optiske r\u00f8ykvarsleren Apollo Orbis IS er en h\u00f8yytelsesl\u00f8sning for p\u00e5litelig detektering av branner, spesielt for saktebrennende eller ulmende branner.<\/p>\n<p class=\"\" data-start=\"469\" data-end=\"988\">Ved \u00e5 bruke lysspredningsprinsippet m\u00e5ler den lys spredt av r\u00f8ykgasser, noe som gj\u00f8r den sv\u00e6rt effektiv til \u00e5 oppdage b\u00e5de svart og hvit r\u00f8yk.<\/p>\n<p class=\"\" data-start=\"469\" data-end=\"988\">Orbis IS-modellen tilbyr forbedret f\u00f8lsomhet for svart r\u00f8yk, noe som gj\u00f8r den overlegen standard optiske detektorer som er mer f\u00f8lsomme for hvit r\u00f8yk.<\/p>\n<p class=\"\" data-start=\"990\" data-end=\"1347\">En annen n\u00f8kkelfunksjon er algoritmene som bidrar til \u00e5 redusere falske alarmer ved \u00e5 filtrere ut transienter, og sikre at detektoren ikke reagerer p\u00e5 ikke-brannrelaterte fenomener som r\u00f8yk fra r\u00f8yking eller andre kilder.<\/p>\n<p class=\"\" data-start=\"990\" data-end=\"1347\">DirtAlert\u00ae-teknologi informerer om detektoren trenger rengj\u00f8ring, og SensAlert\u00ae varsler dersom detektoren ikke fungerer som den skal.<\/p>\n<p class=\"\" data-start=\"1349\" data-end=\"1675\">Med et driftstemperaturomr\u00e5de p\u00e5 -40\u00b0C til +70\u00b0C og IP23D-klassifisering, er denne detektoren p\u00e5litelig i b\u00e5de t\u00f8ffe og varierte milj\u00f8er.<\/p>\n<p class=\"\" data-start=\"1349\" data-end=\"1675\">Den er CE-merket, egensikker og oppfyller flere internasjonale sertifiseringer, noe som gj\u00f8r den perfekt for bruk i farlige milj\u00f8er som b\u00e5de landbaserte og marine installasjoner.<\/p>\n<p class=\"\" data-start=\"1677\" data-end=\"1707\"><strong data-start=\"1677\" data-end=\"1705\">Hovedfunksjoner:<\/strong><\/p>\n<ul data-start=\"1708\" data-end=\"2083\">\n<li class=\"\" data-start=\"1708\" data-end=\"1747\">\n<p class=\"\" data-start=\"1710\" data-end=\"1747\">Forbedret f\u00f8lsomhet for svart r\u00f8yk<\/p>\n<\/li>\n<li class=\"\" data-start=\"1748\" data-end=\"1820\">\n<p class=\"\" data-start=\"1750\" data-end=\"1820\">Reduserer falske alarmer gjennom avanserte algoritmer for forbig\u00e5ende administrasjon<\/p>\n<\/li>\n<li class=\"\" data-start=\"1821\" data-end=\"1893\">\n<p class=\"\" data-start=\"1823\" data-end=\"1893\">Inkluderer DirtAlert\u00ae for enkel identifikasjon av smussdetektorer<\/p>\n<\/li>\n<li class=\"\" data-start=\"1894\" data-end=\"1958\">\n<p class=\"\" data-start=\"1896\" data-end=\"1958\">SensAlert\u00ae for \u00e5 indikere om sensoren ikke fungerer som den skal<\/p>\n<\/li>\n<li class=\"\" data-start=\"1959\" data-end=\"2026\">\n<p class=\"\" data-start=\"1961\" data-end=\"2026\">CE-merket og egensikker for bruk i farlige milj\u00f8er<\/p>\n<\/li>\n<li class=\"\" data-start=\"2027\" data-end=\"2083\">\n<p class=\"\" data-start=\"2029\" data-end=\"2083\">Kompatibel med b\u00e5de innend\u00f8rs og utend\u00f8rs installasjoner<\/p>\n<\/li>\n<\/ul>\n<p class=\"\" data-start=\"2085\" data-end=\"2116\"><strong data-start=\"2085\" data-end=\"2114\">Tekniske spesifikasjoner:<\/strong><\/p>\n<ul data-start=\"2117\" data-end=\"2380\">\n<li class=\"\" data-start=\"2117\" data-end=\"2133\">\n<p class=\"\" data-start=\"2119\" data-end=\"2133\">Farge: S\u00f8lv<\/p>\n<\/li>\n<li class=\"\" data-start=\"2134\" data-end=\"2149\">\n<p class=\"\" data-start=\"2136\" data-end=\"2149\">H\u00f8yde: 42mm<\/p>\n<\/li>\n<li class=\"\" data-start=\"2150\" data-end=\"2170\">\n<p class=\"\" data-start=\"2152\" data-end=\"2170\">Diameter: 100 mm<\/p>\n<\/li>\n<li class=\"\" data-start=\"2171\" data-end=\"2196\">\n<p class=\"\" data-start=\"2173\" data-end=\"2196\">Vekt: 75 g (uten base)<\/p>\n<\/li>\n<li class=\"\" data-start=\"2197\" data-end=\"2225\">\n<p class=\"\" data-start=\"2199\" data-end=\"2225\">Str\u00f8mbeskrivelse: 28V DC<\/p>\n<\/li>\n<li class=\"\" data-start=\"2226\" data-end=\"2258\">\n<p class=\"\" data-start=\"2228\" data-end=\"2258\">Temperatur: -40\u00b0C til +70\u00b0C<\/p>\n<\/li>\n<li class=\"\" data-start=\"2259\" data-end=\"2287\">\n<p class=\"\" data-start=\"2261\" data-end=\"2287\">IP-klassifisering: IP23D<\/p>\n<\/li>\n<li class=\"\" data-start=\"2288\" data-end=\"2309\">\n<p class=\"\" data-start=\"2290\" data-end=\"2309\">Garantiperiode: 10 \u00e5r<\/p>\n<\/li>\n<li class=\"\" data-start=\"2310\" data-end=\"2380\">\n<p class=\"\" data-start=\"2312\" data-end=\"2380\">Sertifiseringer: CE-merke, ATEX, IECEx, MED, VdS, LPCB og mer<\/p>\n<\/li>\n<\/ul>","protected":false},"excerpt":{"rendered":"<p>Apollo Orbis egensikre optiske r\u00f8ykdetektor tilbyr forbedret f\u00f8lsomhet for svart r\u00f8yk og reduserer falske alarmer gjennom avanserte transiente h\u00e5ndteringsalgoritmer.<\/p>\n<p>Ideell for tidlig varsling av brann i b\u00e5de innend\u00f8rs og utend\u00f8rs milj\u00f8er.<\/p>","protected":false},"featured_media":149999,"template":"","meta":{"_acf_changed":false},"product_brand":[],"product_cat":[4749],"product_tag":[],"class_list":{"0":"post-150000","1":"product","2":"type-product","3":"status-publish","4":"has-post-thumbnail","6":"product_cat-orbis-serien","7":"pa_brands-apollo-fire-detectors","8":"tm-no-options","10":"first","11":"instock","12":"taxable","13":"shipping-taxable","14":"purchasable","15":"product-type-simple"},"acf":[],"_links":{"self":[{"href":"https:\/\/secureus.se\/no\/wp-json\/wp\/v2\/product\/150000","targetHints":{"allow":["GET"]}}],"collection":[{"href":"https:\/\/secureus.se\/no\/wp-json\/wp\/v2\/product"}],"about":[{"href":"https:\/\/secureus.se\/no\/wp-json\/wp\/v2\/types\/product"}],"wp:featuredmedia":[{"embeddable":true,"href":"https:\/\/secureus.se\/no\/wp-json\/wp\/v2\/media\/149999"}],"wp:attachment":[{"href":"https:\/\/secureus.se\/no\/wp-json\/wp\/v2\/media?parent=150000"}],"wp:term":[{"taxonomy":"product_brand","embeddable":true,"href":"https:\/\/secureus.se\/no\/wp-json\/wp\/v2\/product_brand?post=150000"},{"taxonomy":"product_cat","embeddable":true,"href":"https:\/\/secureus.se\/no\/wp-json\/wp\/v2\/product_cat?post=150000"},{"taxonomy":"product_tag","embeddable":true,"href":"https:\/\/secureus.se\/no\/wp-json\/wp\/v2\/product_tag?post=150000"}],"curies":[{"name":"wp","href":"https:\/\/api.w.org\/{rel}","templated":true}]}}