{"id":150002,"date":"2025-04-03T14:07:52","date_gmt":"2025-04-03T12:07:52","guid":{"rendered":"https:\/\/secureus.se\/apollo-55100-940apo-xp95-series-egenkontrollerad-manuell-anropspunkt\/"},"modified":"2026-04-16T15:37:31","modified_gmt":"2026-04-16T13:37:31","slug":"apollo-55100-940apo-xp95-series-egenkontrollerad-manuell-anropspunkt","status":"publish","type":"product","link":"https:\/\/secureus.se\/no\/apollo-55100-940apo-xp95-series-egenkontrollerad-manuell-anropspunkt\/","title":{"rendered":"Apollo 55100-940APO XP95-serien selvkontrollert manuell melder"},"content":{"rendered":"<h1>Apollo 55100-940APO XP95-serien selvkontrollert manuell melder<\/h1>\n<p>Apollo XP95 IS Manual Call Point (MCP) er en robust og p\u00e5litelig enhet designet for bruk i eksplosive atmosf\u00e6rer og farlige milj\u00f8er.<\/p>\n<p>Den opererer innenfor et spenningsomr\u00e5de p\u00e5 14-22 V DC og er utstyrt med en DIL-bryter for enkel adresseinnstilling.<\/p>\n<p>Ved aktivering rapporterer MCP raskt sin adresse til brannsentralen, og muliggj\u00f8r alarmstatus og posisjonsrapportering p\u00e5 mindre enn 0,2 sekunder.<\/p>\n<p>Den manuelle melderen har r\u00f8d alarm-LED som lyser ved aktivert, og tilbakestilling gj\u00f8res enkelt via en testtast og trykk p\u00e5 frontdekselet.<\/p>\n<p>For \u00e5 lette installasjonen har MCP en rekkeklemmel\u00f8sning for rask kabling, noe som reduserer installasjonstiden betydelig.<\/p>\n<p>Den er ogs\u00e5 designet for \u00e5 v\u00e6re vanntett og v\u00e6rbestandig (IP67), noe som gj\u00f8r den egnet for b\u00e5de innend\u00f8rs og utend\u00f8rs installasjoner.<\/p>\n<p>Apollo 55100-940APO er sertifisert i henhold til flere internasjonale standarder, inkludert ATEX og IECEx, og har 10 \u00e5rs garanti.<\/p>\n<p class=\"\" data-start=\"1606\" data-end=\"1636\"><strong data-start=\"1606\" data-end=\"1634\">Hovedfunksjoner:<\/strong><\/p>\n<ul data-start=\"1637\" data-end=\"1999\">\n<li class=\"\" data-start=\"1637\" data-end=\"1676\">\n<p class=\"\" data-start=\"1639\" data-end=\"1676\">Vanntett og v\u00e6rbestandig (IP67)<\/p>\n<\/li>\n<li class=\"\" data-start=\"1677\" data-end=\"1744\">\n<p class=\"\" data-start=\"1679\" data-end=\"1744\">Designet for bruk i eksplosive atmosf\u00e6rer (ATEX, IECEx)<\/p>\n<\/li>\n<li class=\"\" data-start=\"1745\" data-end=\"1808\">\n<p class=\"\" data-start=\"1747\" data-end=\"1808\">&quot;Plug and Play&quot;-terminaltilkoblinger for rask installasjon<\/p>\n<\/li>\n<li class=\"\" data-start=\"1809\" data-end=\"1852\">\n<p class=\"\" data-start=\"1811\" data-end=\"1852\">R\u00f8d alarm-LED for enkel statusindikasjon<\/p>\n<\/li>\n<li class=\"\" data-start=\"1853\" data-end=\"1908\">\n<p class=\"\" data-start=\"1855\" data-end=\"1908\">Adresserapportering ved aktivering for rask respons<\/p>\n<\/li>\n<li class=\"\" data-start=\"1909\" data-end=\"1940\">\n<p class=\"\" data-start=\"1911\" data-end=\"1940\">Tilbakestilles via testn\u00f8kkel<\/p>\n<\/li>\n<li class=\"\" data-start=\"1941\" data-end=\"1999\">\n<p class=\"\" data-start=\"1943\" data-end=\"1999\">Kompatibel med b\u00e5de innend\u00f8rs og utend\u00f8rs installasjoner<\/p>\n<\/li>\n<\/ul>\n<p class=\"\" data-start=\"2001\" data-end=\"2032\"><strong data-start=\"2001\" data-end=\"2030\">Tekniske spesifikasjoner:<\/strong><\/p>\n<ul data-start=\"2033\" data-end=\"2340\">\n<li class=\"\" data-start=\"2033\" data-end=\"2046\">\n<p class=\"\" data-start=\"2035\" data-end=\"2046\">Farge: R\u00f8d<\/p>\n<\/li>\n<li class=\"\" data-start=\"2047\" data-end=\"2082\">\n<p class=\"\" data-start=\"2049\" data-end=\"2082\">Dimensjoner: 99 mm x 94,5 mm x 73,5 mm<\/p>\n<\/li>\n<li class=\"\" data-start=\"2083\" data-end=\"2098\">\n<p class=\"\" data-start=\"2085\" data-end=\"2098\">Vekt: 240g<\/p>\n<\/li>\n<li class=\"\" data-start=\"2099\" data-end=\"2125\">\n<p class=\"\" data-start=\"2101\" data-end=\"2125\">Materiale: Polykarbonat<\/p>\n<\/li>\n<li class=\"\" data-start=\"2126\" data-end=\"2160\">\n<p class=\"\" data-start=\"2128\" data-end=\"2160\">Spenningsomr\u00e5de: 14-22 V DC<\/p>\n<\/li>\n<li class=\"\" data-start=\"2161\" data-end=\"2227\">\n<p class=\"\" data-start=\"2163\" data-end=\"2227\">Driftstemperatur: -20\u00b0C til +70\u00b0C (T5), -20\u00b0C til +60\u00b0C (T4)<\/p>\n<\/li>\n<li class=\"\" data-start=\"2228\" data-end=\"2255\">\n<p class=\"\" data-start=\"2230\" data-end=\"2255\">IP-klassifisering: IP67<\/p>\n<\/li>\n<li class=\"\" data-start=\"2256\" data-end=\"2318\">\n<p class=\"\" data-start=\"2258\" data-end=\"2318\">Sertifiseringer: CE-merke, ATEX, IECEx, MED, UL og mer<\/p>\n<\/li>\n<li class=\"\" data-start=\"2319\" data-end=\"2340\">\n<p class=\"\" data-start=\"2321\" data-end=\"2340\">Garantiperiode: 10 \u00e5r<\/p>\n<\/li>\n<\/ul>","protected":false},"excerpt":{"rendered":"<p>Apollo XP95-serien egensikkert manuell melder (MCP) er designet for bruk i potensielt eksplosive atmosf\u00e6rer.<\/p>\n<p>Den er vanntett (IP67) og v\u00e6rbestandig, med &quot;Plug and Play&quot;-terminaltilkoblinger for rask installasjon.<\/p>\n<p>N\u00e5r den er aktivert, rapporterer den adressen sin og gir rask respons til kontrollpanelet.<\/p>","protected":false},"featured_media":150001,"template":"","meta":{"_acf_changed":false},"product_brand":[],"product_cat":[4751,4748],"product_tag":[],"class_list":{"0":"post-150002","1":"product","2":"type-product","3":"status-publish","4":"has-post-thumbnail","6":"product_cat-xp95-serien","7":"product_cat-discovery-serien","8":"pa_brands-apollo-fire-detectors","9":"tm-no-options","11":"first","12":"instock","13":"taxable","14":"shipping-taxable","15":"purchasable","16":"product-type-simple"},"acf":[],"_links":{"self":[{"href":"https:\/\/secureus.se\/no\/wp-json\/wp\/v2\/product\/150002","targetHints":{"allow":["GET"]}}],"collection":[{"href":"https:\/\/secureus.se\/no\/wp-json\/wp\/v2\/product"}],"about":[{"href":"https:\/\/secureus.se\/no\/wp-json\/wp\/v2\/types\/product"}],"wp:featuredmedia":[{"embeddable":true,"href":"https:\/\/secureus.se\/no\/wp-json\/wp\/v2\/media\/150001"}],"wp:attachment":[{"href":"https:\/\/secureus.se\/no\/wp-json\/wp\/v2\/media?parent=150002"}],"wp:term":[{"taxonomy":"product_brand","embeddable":true,"href":"https:\/\/secureus.se\/no\/wp-json\/wp\/v2\/product_brand?post=150002"},{"taxonomy":"product_cat","embeddable":true,"href":"https:\/\/secureus.se\/no\/wp-json\/wp\/v2\/product_cat?post=150002"},{"taxonomy":"product_tag","embeddable":true,"href":"https:\/\/secureus.se\/no\/wp-json\/wp\/v2\/product_tag?post=150002"}],"curies":[{"name":"wp","href":"https:\/\/api.w.org\/{rel}","templated":true}]}}