{"id":150008,"date":"2025-04-03T14:07:48","date_gmt":"2025-04-03T12:07:48","guid":{"rendered":"https:\/\/secureus.se\/apollo-55000-001apo-xp95-series-isolerande-hogtalar-for-oppet-omrade-100db-a-inomhusbruk-en-54-3-kompatibel-rod\/"},"modified":"2026-04-01T15:54:58","modified_gmt":"2026-04-01T13:54:58","slug":"apollo-55000-001apo-xp95-series-isolerande-hogtalar-for-oppet-omrade-100db-a-inomhusbruk-en-54-3-kompatibel-rod","status":"publish","type":"product","link":"https:\/\/secureus.se\/no\/apollo-55000-001apo-xp95-series-isolerande-hogtalar-for-oppet-omrade-100db-a-inomhusbruk-en-54-3-kompatibel-rod\/","title":{"rendered":"Apollo 55000-001APO XP95-serien \u00e5pent omr\u00e5de isolerende h\u00f8yttaler 100dB A, innend\u00f8rs bruk, EN 54-3 kompatibel, r\u00f8d"},"content":{"rendered":"<h1>Apollo 55000-001APO XP95-serien \u00e5pent omr\u00e5de isolerende h\u00f8yttaler 100dB A, innend\u00f8rs bruk, EN 54-3 kompatibel, r\u00f8d<\/h1>\n<p class=\"\" data-start=\"494\" data-end=\"923\">Apollo XP95 Series Isolating Speaker er en lydvarslingsl\u00f8sning av h\u00f8y kvalitet for \u00e5pne omr\u00e5der, designet for \u00e5 koble til XP95 og Discovery-systemer.<\/p>\n<p class=\"\" data-start=\"494\" data-end=\"923\">Den tilbyr tre valgbare toner: Apollo, slow whoop og DIN, noe som gj\u00f8r det mulig \u00e5 tilpasse varselsignaler for ulike typer brannalarmsystemer.<\/p>\n<p class=\"\" data-start=\"494\" data-end=\"923\">Den kan justere lydniv\u00e5et til enten 92dB(A) eller 100dB(A) avhengig av behov.<\/p>\n<p class=\"\" data-start=\"925\" data-end=\"1300\">Den isolerte bassen (4\u2033) gj\u00f8r den ideell for bruk der lyden m\u00e5 spres over store omr\u00e5der.<\/p>\n<p class=\"\" data-start=\"925\" data-end=\"1300\">Produktet er EN 54-3-kompatibelt og er bygget for \u00e5 gi p\u00e5litelig ytelse selv i krevende milj\u00f8er.<\/p>\n<p class=\"\" data-start=\"925\" data-end=\"1300\">Den er enkel \u00e5 installere med sin &quot;Plug and Play&quot;-tilkobling og kan synkroniseres med andre enheter p\u00e5 samme sl\u00f8yfe for \u00e5 sikre at alarmtoner ikke blandes sammen.<\/p>\n<p data-start=\"925\" data-end=\"1300\">Den r\u00f8de finishen gj\u00f8r det enkelt \u00e5 identifisere i n\u00f8dstilfeller, og med sin 10 \u00e5rs garanti gir den langvarig sikkerhet for ethvert brannalarmsystem.<\/p>\n<p class=\"\" data-start=\"1451\" data-end=\"1481\"><strong data-start=\"1451\" data-end=\"1479\">Hovedfunksjoner:<\/strong><\/p>\n<ul data-start=\"1482\" data-end=\"1752\">\n<li class=\"\" data-start=\"1482\" data-end=\"1527\">\n<p class=\"\" data-start=\"1484\" data-end=\"1527\">Valgbare volumniv\u00e5er: 92dB(A) og 100dB(A)<\/p>\n<\/li>\n<li class=\"\" data-start=\"1528\" data-end=\"1572\">\n<p class=\"\" data-start=\"1530\" data-end=\"1572\">Tre toner: Apollo, slow whoop og DIN<\/p>\n<\/li>\n<li class=\"\" data-start=\"1573\" data-end=\"1634\">\n<p class=\"\" data-start=\"1575\" data-end=\"1634\">Synkronisering av toner for \u00e5 unng\u00e5 \u00e5 blande alarmer<\/p>\n<\/li>\n<li class=\"\" data-start=\"1635\" data-end=\"1657\">\n<p class=\"\" data-start=\"1637\" data-end=\"1657\">EN 54-3-kompatibel<\/p>\n<\/li>\n<li class=\"\" data-start=\"1658\" data-end=\"1677\">\n<p class=\"\" data-start=\"1660\" data-end=\"1677\">Isolert 4&quot; sokkel<\/p>\n<\/li>\n<li class=\"\" data-start=\"1678\" data-end=\"1720\">\n<p class=\"\" data-start=\"1680\" data-end=\"1720\">Fungerer med XP95 og Discovery-systemer<\/p>\n<\/li>\n<li class=\"\" data-start=\"1721\" data-end=\"1752\">\n<p class=\"\" data-start=\"1723\" data-end=\"1752\">CE-merket og 10 \u00e5rs garanti<\/p>\n<\/li>\n<\/ul>\n<p class=\"\" data-start=\"1754\" data-end=\"1785\"><strong data-start=\"1754\" data-end=\"1783\">Tekniske spesifikasjoner:<\/strong><\/p>\n<ul data-start=\"1786\" data-end=\"2029\">\n<li class=\"\" data-start=\"1786\" data-end=\"1799\">\n<p class=\"\" data-start=\"1788\" data-end=\"1799\">Farge: R\u00f8d<\/p>\n<\/li>\n<li class=\"\" data-start=\"1800\" data-end=\"1844\">\n<p class=\"\" data-start=\"1802\" data-end=\"1844\">Dimensjoner: 104 mm (diameter) x 97,5 mm (h\u00f8yde)<\/p>\n<\/li>\n<li class=\"\" data-start=\"1845\" data-end=\"1860\">\n<p class=\"\" data-start=\"1847\" data-end=\"1860\">Vekt: 225g<\/p>\n<\/li>\n<li class=\"\" data-start=\"1861\" data-end=\"1889\">\n<p class=\"\" data-start=\"1863\" data-end=\"1889\">Str\u00f8mforsyning: 28V DC<\/p>\n<\/li>\n<li class=\"\" data-start=\"1890\" data-end=\"1910\">\n<p class=\"\" data-start=\"1892\" data-end=\"1910\">Lydniv\u00e5: 100 dB<\/p>\n<\/li>\n<li class=\"\" data-start=\"1911\" data-end=\"1952\">\n<p class=\"\" data-start=\"1913\" data-end=\"1952\">Temperaturomr\u00e5de: -10\u00b0C til +55\u00b0C<\/p>\n<\/li>\n<li class=\"\" data-start=\"1953\" data-end=\"1980\">\n<p class=\"\" data-start=\"1955\" data-end=\"1980\">IP-klassifisering: IP65<\/p>\n<\/li>\n<li class=\"\" data-start=\"1981\" data-end=\"2007\">\n<p class=\"\" data-start=\"1983\" data-end=\"2007\">Materiale: Polykarbonat<\/p>\n<\/li>\n<li class=\"\" data-start=\"2008\" data-end=\"2029\">\n<p class=\"\" data-start=\"2010\" data-end=\"2029\">Garantiperiode: 10 \u00e5r<\/p>\n<\/li>\n<\/ul>","protected":false},"excerpt":{"rendered":"<p>Apollo XP95-seriens isolerende h\u00f8yttalere tilbyr valgbare volumniv\u00e5er (92dB(A) og 100dB(A)) og en 4&quot; isolert bassh\u00f8yttaler for bruk i \u00e5pne omr\u00e5der.<\/p>\n<p>Den er EN 54-17-kompatibel og fungerer p\u00e5 b\u00e5de Discovery- og XP95-systemer.<\/p>","protected":false},"featured_media":150007,"template":"","meta":{"_acf_changed":false},"product_brand":[],"product_cat":[4751,4748],"product_tag":[],"class_list":{"0":"post-150008","1":"product","2":"type-product","3":"status-publish","4":"has-post-thumbnail","6":"product_cat-xp95-serien","7":"product_cat-discovery-serien","8":"pa_brands-apollo-fire-detectors","9":"tm-no-options","11":"first","12":"instock","13":"sale","14":"taxable","15":"shipping-taxable","16":"purchasable","17":"product-type-simple"},"acf":[],"_links":{"self":[{"href":"https:\/\/secureus.se\/no\/wp-json\/wp\/v2\/product\/150008","targetHints":{"allow":["GET"]}}],"collection":[{"href":"https:\/\/secureus.se\/no\/wp-json\/wp\/v2\/product"}],"about":[{"href":"https:\/\/secureus.se\/no\/wp-json\/wp\/v2\/types\/product"}],"wp:featuredmedia":[{"embeddable":true,"href":"https:\/\/secureus.se\/no\/wp-json\/wp\/v2\/media\/150007"}],"wp:attachment":[{"href":"https:\/\/secureus.se\/no\/wp-json\/wp\/v2\/media?parent=150008"}],"wp:term":[{"taxonomy":"product_brand","embeddable":true,"href":"https:\/\/secureus.se\/no\/wp-json\/wp\/v2\/product_brand?post=150008"},{"taxonomy":"product_cat","embeddable":true,"href":"https:\/\/secureus.se\/no\/wp-json\/wp\/v2\/product_cat?post=150008"},{"taxonomy":"product_tag","embeddable":true,"href":"https:\/\/secureus.se\/no\/wp-json\/wp\/v2\/product_tag?post=150008"}],"curies":[{"name":"wp","href":"https:\/\/api.w.org\/{rel}","templated":true}]}}