{"id":150010,"date":"2025-04-03T14:07:47","date_gmt":"2025-04-03T12:07:47","guid":{"rendered":"https:\/\/secureus.se\/apollo-45681-276apo-xp95-series-monteringsbas-for-kompletterande-flertonljudgivare-85db-a-inomhusbruk-en54-3-kompatibel-vit\/"},"modified":"2026-04-16T15:39:37","modified_gmt":"2026-04-16T13:39:37","slug":"apollo-45681-276apo-xp95-series-monteringsbas-for-kompletterande-flertonljudgivare-85db-a-inomhusbruk-en54-3-kompatibel-vit","status":"publish","type":"product","link":"https:\/\/secureus.se\/no\/apollo-45681-276apo-xp95-series-monteringsbas-for-kompletterande-flertonljudgivare-85db-a-inomhusbruk-en54-3-kompatibel-vit\/","title":{"rendered":"Apollo 45681-276APO XP95-serien, monteringsbase for supplerende multitone ekkolodd 85dB A, innend\u00f8rs bruk, EN54-3 kompatibel, hvit"},"content":{"rendered":"<h1>Apollo 45681-276APO XP95-serien, monteringsbase for supplerende multitone ekkolodd 85dB A, innend\u00f8rs bruk, EN54-3 kompatibel, hvit<\/h1>\n<p class=\"\" data-start=\"554\" data-end=\"996\">Apollo XP95 tilleggsbaselydgiver er en ekkolodd for lokal bruk designet for innend\u00f8rsmilj\u00f8er.<\/p>\n<p class=\"\" data-start=\"554\" data-end=\"996\">Den er kompatibel med XP95, Discovery og Soteria detektorer og styres av kontrollpanelet via sl\u00f8yfedrift.<\/p>\n<p class=\"\" data-start=\"554\" data-end=\"996\">Lydsenderen har et garantert lydniv\u00e5 p\u00e5 85 dB(A) p\u00e5 1 meters avstand, og den bruker kun 3 mA str\u00f8m, noe som gj\u00f8r det mulig \u00e5 koble opp til 126 lydsendere til samme sl\u00f8yfe.<\/p>\n<p class=\"\" data-start=\"998\" data-end=\"1400\">Denne enheten er utstyrt med en justerbar volumkontroll som lar lydniv\u00e5et stilles inn fra 70 dB(A) til 85 dB(A). Lydsignalet er en vekslende tone p\u00e5 990 Hz og 630 Hz i 0,5 sekunder hver, noe som gj\u00f8r det effektivt for varsling i ulike n\u00f8dsituasjoner.<\/p>\n<p class=\"\" data-start=\"998\" data-end=\"1400\">Fordi enheten reagerer p\u00e5 signaler fra den tilh\u00f8rende detektoren eller beaconen, krever den ikke sin egen adresse, noe som forenkler installasjonen.<\/p>\n<p class=\"\" data-start=\"1402\" data-end=\"1565\">Med et driftstemperaturomr\u00e5de p\u00e5 -20\u00b0C til +60\u00b0C og en IP23D-klassifisering er denne lydsenderen p\u00e5litelig og robust for bruk i en rekke innend\u00f8rsmilj\u00f8er.<\/p>\n<p class=\"\" data-start=\"1567\" data-end=\"1597\"><strong data-start=\"1567\" data-end=\"1595\">Hovedfunksjoner:<\/strong><\/p>\n<ul data-start=\"1598\" data-end=\"1906\">\n<li class=\"\" data-start=\"1598\" data-end=\"1641\">\n<p class=\"\" data-start=\"1600\" data-end=\"1641\">Lydniv\u00e5: 85 dB(A) p\u00e5 1 meters avstand<\/p>\n<\/li>\n<li class=\"\" data-start=\"1642\" data-end=\"1668\">\n<p class=\"\" data-start=\"1644\" data-end=\"1668\">Str\u00f8mforbruk: 3 mA<\/p>\n<\/li>\n<li class=\"\" data-start=\"1669\" data-end=\"1722\">\n<p class=\"\" data-start=\"1671\" data-end=\"1722\">Sl\u00f8yfedrevet, krever ingen ekstern str\u00f8mforsyning<\/p>\n<\/li>\n<li class=\"\" data-start=\"1723\" data-end=\"1770\">\n<p class=\"\" data-start=\"1725\" data-end=\"1770\">Justerbart volum fra 70 dB(A) til 85 dB(A)<\/p>\n<\/li>\n<li class=\"\" data-start=\"1771\" data-end=\"1816\">\n<p class=\"\" data-start=\"1773\" data-end=\"1816\">Vekslende tonefrekvenser: 990 Hz og 630 Hz<\/p>\n<\/li>\n<li class=\"\" data-start=\"1817\" data-end=\"1870\">\n<p class=\"\" data-start=\"1819\" data-end=\"1870\">Kompatibel med XP95, Discovery og Soteria-systemer<\/p>\n<\/li>\n<li class=\"\" data-start=\"1871\" data-end=\"1906\">\n<p class=\"\" data-start=\"1873\" data-end=\"1906\">CE-merket og EN 54-3-kompatibel<\/p>\n<\/li>\n<\/ul>\n<p class=\"\" data-start=\"1908\" data-end=\"1939\"><strong data-start=\"1908\" data-end=\"1937\">Tekniske spesifikasjoner:<\/strong><\/p>\n<ul data-start=\"1940\" data-end=\"2161\">\n<li class=\"\" data-start=\"1940\" data-end=\"1953\">\n<p class=\"\" data-start=\"1942\" data-end=\"1953\">Farge: Hvit<\/p>\n<\/li>\n<li class=\"\" data-start=\"1954\" data-end=\"1996\">\n<p class=\"\" data-start=\"1956\" data-end=\"1996\">Dimensjoner: 115 mm (diameter) x 38 mm (h\u00f8yde)<\/p>\n<\/li>\n<li class=\"\" data-start=\"1997\" data-end=\"2012\">\n<p class=\"\" data-start=\"1999\" data-end=\"2012\">Vekt: 140g<\/p>\n<\/li>\n<li class=\"\" data-start=\"2013\" data-end=\"2041\">\n<p class=\"\" data-start=\"2015\" data-end=\"2041\">Str\u00f8mforsyning: 28V DC<\/p>\n<\/li>\n<li class=\"\" data-start=\"2042\" data-end=\"2083\">\n<p class=\"\" data-start=\"2044\" data-end=\"2083\">Temperaturomr\u00e5de: -20\u00b0C til +60\u00b0C<\/p>\n<\/li>\n<li class=\"\" data-start=\"2084\" data-end=\"2112\">\n<p class=\"\" data-start=\"2086\" data-end=\"2112\">IP-klassifisering: IP23D<\/p>\n<\/li>\n<li class=\"\" data-start=\"2113\" data-end=\"2139\">\n<p class=\"\" data-start=\"2115\" data-end=\"2139\">Materiale: Polykarbonat<\/p>\n<\/li>\n<li class=\"\" data-start=\"2140\" data-end=\"2161\">\n<p class=\"\" data-start=\"2142\" data-end=\"2161\">Garantiperiode: 10 \u00e5r<\/p>\n<\/li>\n<\/ul>","protected":false},"excerpt":{"rendered":"<p>Apollo XP95 monteringssokkel for komplement\u00e6re flertonelydgivere tilbyr et lydniv\u00e5 p\u00e5 85 dB(A) p\u00e5 1 meters avstand, med et str\u00f8mforbruk p\u00e5 kun 3 mA.<\/p>\n<p>Designet for innend\u00f8rs bruk, fungerer denne bassen i XP95, Discovery og Soteria-systemer og har en justerbar volumkontroll.<\/p>","protected":false},"featured_media":150009,"template":"","meta":{"_acf_changed":false},"product_brand":[],"product_cat":[4751],"product_tag":[],"class_list":{"0":"post-150010","1":"product","2":"type-product","3":"status-publish","4":"has-post-thumbnail","6":"product_cat-xp95-serien","7":"pa_brands-apollo-fire-detectors","8":"tm-no-options","10":"first","11":"instock","12":"taxable","13":"shipping-taxable","14":"purchasable","15":"product-type-simple"},"acf":[],"_links":{"self":[{"href":"https:\/\/secureus.se\/no\/wp-json\/wp\/v2\/product\/150010","targetHints":{"allow":["GET"]}}],"collection":[{"href":"https:\/\/secureus.se\/no\/wp-json\/wp\/v2\/product"}],"about":[{"href":"https:\/\/secureus.se\/no\/wp-json\/wp\/v2\/types\/product"}],"wp:featuredmedia":[{"embeddable":true,"href":"https:\/\/secureus.se\/no\/wp-json\/wp\/v2\/media\/150009"}],"wp:attachment":[{"href":"https:\/\/secureus.se\/no\/wp-json\/wp\/v2\/media?parent=150010"}],"wp:term":[{"taxonomy":"product_brand","embeddable":true,"href":"https:\/\/secureus.se\/no\/wp-json\/wp\/v2\/product_brand?post=150010"},{"taxonomy":"product_cat","embeddable":true,"href":"https:\/\/secureus.se\/no\/wp-json\/wp\/v2\/product_cat?post=150010"},{"taxonomy":"product_tag","embeddable":true,"href":"https:\/\/secureus.se\/no\/wp-json\/wp\/v2\/product_tag?post=150010"}],"curies":[{"name":"wp","href":"https:\/\/api.w.org\/{rel}","templated":true}]}}