{"id":150012,"date":"2025-04-03T14:07:44","date_gmt":"2025-04-03T12:07:44","guid":{"rendered":"https:\/\/secureus.se\/apollo-45681-331apo-xp95-series-loop-powered-sounder-beacon-base-91db-a-rod-blixt-och-vit-kropp\/"},"modified":"2026-04-16T15:40:54","modified_gmt":"2026-04-16T13:40:54","slug":"apollo-45681-331apo-xp95-series-loop-powered-sounder-beacon-base-91db-a-rod-blixt-och-vit-kropp","status":"publish","type":"product","link":"https:\/\/secureus.se\/no\/apollo-45681-331apo-xp95-series-loop-powered-sounder-beacon-base-91db-a-rod-blixt-och-vit-kropp\/","title":{"rendered":"Apollo 45681-331APO XP95-serien sl\u00f8yfedrevet ekkoloddfyrbase 91dB A, r\u00f8d blink og hvit kropp"},"content":{"rendered":"<h1>Apollo 45681-331APO XP95-serien sl\u00f8yfedrevet ekkoloddfyrbase 91dB A, r\u00f8d blink og hvit kropp<\/h1>\n<p>Apollo XP95 Sounder Beacon Base er et sl\u00f8yfedrevet h\u00f8rbart signal og visuell indikator som kombineres med en standard monteringsbase for detektorer.<\/p>\n<p>Den er designet for \u00e5 signalisere brannalarm i lukkede rom og tilbyr et lydniv\u00e5 p\u00e5 91 dB(A) samt en visuell indikator som blinker en gang i sekundet.<\/p>\n<p>Lys- og lydsignaler kan synkroniseres for \u00e5 indikere advarsler og evakuering, for \u00e5 sikre at signalene er klare og konsistente.<\/p>\n<p>Denne enheten kan adresseres b\u00e5de individuelt og i grupper, noe som gj\u00f8r det enkelt \u00e5 administrere store installasjoner og lage effektive varslingssystemer.<\/p>\n<p>I tillegg tilbyr den en unik selvtest for b\u00e5de akustiske og visuelle indikatorer, som letter b\u00e5de installasjon og vedlikehold.<\/p>\n<p>Sounder Beacon Base er designet for bruk med XP95 og Discovery-systemer og fungerer optimalt n\u00e5r den er koblet til kontrollpaneler med passende programvare.<\/p>\n<p>Med et driftstemperaturomr\u00e5de p\u00e5 -20\u00b0C til +60\u00b0C og en IP21C-klassifisering, er den robust nok for innend\u00f8rs bruk i de fleste milj\u00f8er og leveres med 10 \u00e5rs garanti for langvarig ytelse.<\/p>\n<p class=\"\" data-start=\"1624\" data-end=\"1654\"><strong data-start=\"1624\" data-end=\"1652\">Hovedfunksjoner:<\/strong><\/p>\n<ul data-start=\"1655\" data-end=\"1907\">\n<li class=\"\" data-start=\"1655\" data-end=\"1677\">\n<p class=\"\" data-start=\"1657\" data-end=\"1677\">Lydniv\u00e5: 91 dB(A)<\/p>\n<\/li>\n<li class=\"\" data-start=\"1678\" data-end=\"1726\">\n<p class=\"\" data-start=\"1680\" data-end=\"1726\">Visuell indikator blinker en gang i sekundet<\/p>\n<\/li>\n<li class=\"\" data-start=\"1727\" data-end=\"1785\">\n<p class=\"\" data-start=\"1729\" data-end=\"1785\">Synkronisering av alarmtoner og visuell indikator blinker<\/p>\n<\/li>\n<li class=\"\" data-start=\"1786\" data-end=\"1822\">\n<p class=\"\" data-start=\"1788\" data-end=\"1822\">Individuell og gruppeadressering<\/p>\n<\/li>\n<li class=\"\" data-start=\"1823\" data-end=\"1873\">\n<p class=\"\" data-start=\"1825\" data-end=\"1873\">Unik selvtest for lyd og visuell indikator<\/p>\n<\/li>\n<li class=\"\" data-start=\"1874\" data-end=\"1907\">\n<p class=\"\" data-start=\"1876\" data-end=\"1907\">CE-merket og EN 54-3-kompatibel<\/p>\n<\/li>\n<\/ul>\n<p class=\"\" data-start=\"1909\" data-end=\"1940\"><strong data-start=\"1909\" data-end=\"1938\">Tekniske spesifikasjoner:<\/strong><\/p>\n<ul data-start=\"1941\" data-end=\"2151\">\n<li class=\"\" data-start=\"1941\" data-end=\"1974\">\n<p class=\"\" data-start=\"1943\" data-end=\"1974\">Farge: R\u00f8d blink og hvit kropp<\/p>\n<\/li>\n<li class=\"\" data-start=\"1975\" data-end=\"1990\">\n<p class=\"\" data-start=\"1977\" data-end=\"1990\">Dybde: 38 mm<\/p>\n<\/li>\n<li class=\"\" data-start=\"1991\" data-end=\"2006\">\n<p class=\"\" data-start=\"1993\" data-end=\"2006\">Vekt: 160g<\/p>\n<\/li>\n<li class=\"\" data-start=\"2007\" data-end=\"2035\">\n<p class=\"\" data-start=\"2009\" data-end=\"2035\">Str\u00f8mbeskrivelse: 28V DC<\/p>\n<\/li>\n<li class=\"\" data-start=\"2036\" data-end=\"2058\">\n<p class=\"\" data-start=\"2038\" data-end=\"2058\">Lydniv\u00e5: 91 dB(A)<\/p>\n<\/li>\n<li class=\"\" data-start=\"2059\" data-end=\"2100\">\n<p class=\"\" data-start=\"2061\" data-end=\"2100\">Temperaturomr\u00e5de: -20\u00b0C til +60\u00b0C<\/p>\n<\/li>\n<li class=\"\" data-start=\"2101\" data-end=\"2129\">\n<p class=\"\" data-start=\"2103\" data-end=\"2129\">IP-klassifisering: IP21C<\/p>\n<\/li>\n<\/ul>","protected":false},"excerpt":{"rendered":"<p>Apollo XP95 sl\u00f8yfedrevet ekkoloddfyrbase tilbyr et lydniv\u00e5 p\u00e5 91dB(A) og en visuell indikator som blinker hvert sekund.<\/p>\n<p>Den er ideell for \u00e5 signalisere brannalarm i lukkede rom og kan synkroniseres med andre alarmtoner og lys.<\/p>","protected":false},"featured_media":150011,"template":"","meta":{"_acf_changed":false},"product_brand":[],"product_cat":[4751],"product_tag":[],"class_list":{"0":"post-150012","1":"product","2":"type-product","3":"status-publish","4":"has-post-thumbnail","6":"product_cat-xp95-serien","7":"pa_brands-apollo-fire-detectors","8":"tm-no-options","10":"first","11":"instock","12":"taxable","13":"shipping-taxable","14":"purchasable","15":"product-type-simple"},"acf":[],"_links":{"self":[{"href":"https:\/\/secureus.se\/no\/wp-json\/wp\/v2\/product\/150012","targetHints":{"allow":["GET"]}}],"collection":[{"href":"https:\/\/secureus.se\/no\/wp-json\/wp\/v2\/product"}],"about":[{"href":"https:\/\/secureus.se\/no\/wp-json\/wp\/v2\/types\/product"}],"wp:featuredmedia":[{"embeddable":true,"href":"https:\/\/secureus.se\/no\/wp-json\/wp\/v2\/media\/150011"}],"wp:attachment":[{"href":"https:\/\/secureus.se\/no\/wp-json\/wp\/v2\/media?parent=150012"}],"wp:term":[{"taxonomy":"product_brand","embeddable":true,"href":"https:\/\/secureus.se\/no\/wp-json\/wp\/v2\/product_brand?post=150012"},{"taxonomy":"product_cat","embeddable":true,"href":"https:\/\/secureus.se\/no\/wp-json\/wp\/v2\/product_cat?post=150012"},{"taxonomy":"product_tag","embeddable":true,"href":"https:\/\/secureus.se\/no\/wp-json\/wp\/v2\/product_tag?post=150012"}],"curies":[{"name":"wp","href":"https:\/\/api.w.org\/{rel}","templated":true}]}}