{"id":150018,"date":"2025-04-03T14:07:39","date_gmt":"2025-04-03T12:07:39","guid":{"rendered":"https:\/\/secureus.se\/apollo-55000-660apo-xp95-series-optisk-rokdetektor-svart\/"},"modified":"2026-04-16T15:42:16","modified_gmt":"2026-04-16T13:42:16","slug":"apollo-55000-660apo-xp95-series-optisk-rokdetektor-svart","status":"publish","type":"product","link":"https:\/\/secureus.se\/no\/apollo-55000-660apo-xp95-series-optisk-rokdetektor-svart\/","title":{"rendered":"Apollo 55000-660APO XP95-serien, optisk r\u00f8ykvarsler, svart"},"content":{"rendered":"<h1>Apollo 55000-660APO XP95-serien, optisk r\u00f8ykvarsler, svart<\/h1>\n<p>Den optiske r\u00f8ykvarsleren Apollo XP95 (55000-660APO) bruker lysspredningsprinsippet for p\u00e5litelig \u00e5 oppdage r\u00f8yk i omr\u00e5der der det er sannsynlig at branner som brenner sakte eller ulmer.<\/p>\n<p>Den har en kalibrert f\u00f8lsomhet som lar den reagere raskt p\u00e5 r\u00f8yk mens den filtrerer ut forstyrrelser for\u00e5rsaket av vind eller endringer i atmosf\u00e6risk trykk, noe som gj\u00f8r den ideell for bruk i r\u00f8mningsveier.<\/p>\n<p class=\"\" data-start=\"925\" data-end=\"1286\">Detektoren er koblet til et to-tr\u00e5ds sl\u00f8yfesystem og bruker digital kommunikasjon (XP95, Discovery og CoreProtocol\u00ae) for \u00e5 garantere stabilitet og h\u00f8y immunitet mot interferens, noe som er avgj\u00f8rende i st\u00f8rre systemer hvor livssikkerhet er viktig.<\/p>\n<p class=\"\" data-start=\"925\" data-end=\"1286\">Et LED-lys p\u00e5 enheten gir visuell indikasjon p\u00e5 systemstatus og er hvit i standby og r\u00f8d i alarm.<\/p>\n<p class=\"\" data-start=\"1288\" data-end=\"1558\">Med et driftstemperaturomr\u00e5de p\u00e5 -20\u00b0C til +60\u00b0C og en design som gj\u00f8r den egnet for b\u00e5de innend\u00f8rs og utend\u00f8rs bruk, er den ideell for b\u00e5de kommersielle og industrielle milj\u00f8er.<\/p>\n<p class=\"\" data-start=\"1288\" data-end=\"1558\">Den er ogs\u00e5 CE-merket og oppfyller internasjonale sikkerhetsstandarder for branndetektorer.<\/p>\n<p class=\"\" data-start=\"1560\" data-end=\"1590\"><strong data-start=\"1560\" data-end=\"1588\">Hovedfunksjoner:<\/strong><\/p>\n<ul data-start=\"1591\" data-end=\"1852\">\n<li class=\"\" data-start=\"1591\" data-end=\"1664\">\n<p class=\"\" data-start=\"1593\" data-end=\"1664\">P\u00e5litelig branndeteksjon i temperaturomr\u00e5der fra -20\u00b0C til +60\u00b0C<\/p>\n<\/li>\n<li class=\"\" data-start=\"1665\" data-end=\"1697\">\n<p class=\"\" data-start=\"1667\" data-end=\"1697\">Ideell for r\u00f8mningsveier<\/p>\n<\/li>\n<li class=\"\" data-start=\"1698\" data-end=\"1742\">\n<p class=\"\" data-start=\"1700\" data-end=\"1742\">Up\u00e5virket av vind og atmosf\u00e6risk trykk<\/p>\n<\/li>\n<li class=\"\" data-start=\"1743\" data-end=\"1792\">\n<p class=\"\" data-start=\"1745\" data-end=\"1792\">LED-indikator (hvit i standby, r\u00f8d i alarm)<\/p>\n<\/li>\n<li class=\"\" data-start=\"1793\" data-end=\"1852\">\n<p class=\"\" data-start=\"1795\" data-end=\"1852\">Kompatibel med XP95, Discovery og CoreProtocol\u00ae-systemer<\/p>\n<\/li>\n<\/ul>\n<p class=\"\" data-start=\"1854\" data-end=\"1885\"><strong data-start=\"1854\" data-end=\"1883\">Tekniske spesifikasjoner:<\/strong><\/p>\n<ul data-start=\"1886\" data-end=\"2139\">\n<li class=\"\" data-start=\"1886\" data-end=\"1901\">\n<p class=\"\" data-start=\"1888\" data-end=\"1901\">Farge: Sort<\/p>\n<\/li>\n<li class=\"\" data-start=\"1902\" data-end=\"1922\">\n<p class=\"\" data-start=\"1904\" data-end=\"1922\">Diameter: 100 mm<\/p>\n<\/li>\n<li class=\"\" data-start=\"1923\" data-end=\"1938\">\n<p class=\"\" data-start=\"1925\" data-end=\"1938\">H\u00f8yde: 42mm<\/p>\n<\/li>\n<li class=\"\" data-start=\"1939\" data-end=\"1954\">\n<p class=\"\" data-start=\"1941\" data-end=\"1954\">Vekt: 105g<\/p>\n<\/li>\n<li class=\"\" data-start=\"1955\" data-end=\"1983\">\n<p class=\"\" data-start=\"1957\" data-end=\"1983\">Str\u00f8mforsyning: 28V DC<\/p>\n<\/li>\n<li class=\"\" data-start=\"1984\" data-end=\"2046\">\n<p class=\"\" data-start=\"1986\" data-end=\"2046\">Kalibrert for \u00e5 gi en analog verdi p\u00e5 25\u00b17 i ren luft<\/p>\n<\/li>\n<li class=\"\" data-start=\"2047\" data-end=\"2088\">\n<p class=\"\" data-start=\"2049\" data-end=\"2088\">Temperaturomr\u00e5de: -20\u00b0C til +60\u00b0C<\/p>\n<\/li>\n<li class=\"\" data-start=\"2089\" data-end=\"2117\">\n<p class=\"\" data-start=\"2091\" data-end=\"2117\">IP-klassifisering: IP23D<\/p>\n<\/li>\n<li class=\"\" data-start=\"2118\" data-end=\"2139\">\n<p class=\"\" data-start=\"2120\" data-end=\"2139\">Garantiperiode: 10 \u00e5r<\/p>\n<\/li>\n<\/ul>","protected":false},"excerpt":{"rendered":"<p>Den optiske r\u00f8ykdetektoren Apollo XP95 gir p\u00e5litelig branndeteksjon over et bredt temperaturomr\u00e5de fra -20\u00b0C til 60\u00b0C.<\/p>\n<p>Den er spesielt god for r\u00f8mningsveier og er up\u00e5virket av vind eller atmosf\u00e6risk trykk, noe som gj\u00f8r den sv\u00e6rt effektiv selv i vanskelige milj\u00f8er.<\/p>","protected":false},"featured_media":150017,"template":"","meta":{"_acf_changed":false},"product_brand":[],"product_cat":[4751],"product_tag":[],"class_list":{"0":"post-150018","1":"product","2":"type-product","3":"status-publish","4":"has-post-thumbnail","6":"product_cat-xp95-serien","7":"pa_brands-apollo-fire-detectors","8":"tm-no-options","10":"first","11":"onbackorder","12":"taxable","13":"shipping-taxable","14":"purchasable","15":"product-type-simple"},"acf":[],"_links":{"self":[{"href":"https:\/\/secureus.se\/no\/wp-json\/wp\/v2\/product\/150018","targetHints":{"allow":["GET"]}}],"collection":[{"href":"https:\/\/secureus.se\/no\/wp-json\/wp\/v2\/product"}],"about":[{"href":"https:\/\/secureus.se\/no\/wp-json\/wp\/v2\/types\/product"}],"wp:featuredmedia":[{"embeddable":true,"href":"https:\/\/secureus.se\/no\/wp-json\/wp\/v2\/media\/150017"}],"wp:attachment":[{"href":"https:\/\/secureus.se\/no\/wp-json\/wp\/v2\/media?parent=150018"}],"wp:term":[{"taxonomy":"product_brand","embeddable":true,"href":"https:\/\/secureus.se\/no\/wp-json\/wp\/v2\/product_brand?post=150018"},{"taxonomy":"product_cat","embeddable":true,"href":"https:\/\/secureus.se\/no\/wp-json\/wp\/v2\/product_cat?post=150018"},{"taxonomy":"product_tag","embeddable":true,"href":"https:\/\/secureus.se\/no\/wp-json\/wp\/v2\/product_tag?post=150018"}],"curies":[{"name":"wp","href":"https:\/\/api.w.org\/{rel}","templated":true}]}}