{"id":150038,"date":"2025-04-03T13:35:21","date_gmt":"2025-04-03T11:35:21","guid":{"rendered":"https:\/\/secureus.se\/apollo-55000-760apo-xp95-series-isolerande-din-skena-mini-switch-monitor-module\/"},"modified":"2026-05-06T14:12:25","modified_gmt":"2026-05-06T12:12:25","slug":"apollo-55000-760apo-xp95-series-isolerande-din-skena-mini-switch-monitor-module","status":"publish","type":"product","link":"https:\/\/secureus.se\/no\/apollo-55000-760apo-xp95-series-isolerande-din-skena-mini-switch-monitor-module\/","title":{"rendered":"Apollo 55000-760APO XP95-serien, isolerende DIN-skinne minibrytermonitormodul"},"content":{"rendered":"<h1>Apollo 55000-760APO XP95-serien, isolerende DIN-skinne minibrytermonitormodul<\/h1>\n<p>Apollo 55000-760APO XP95 Mini Switch Monitor Module er en kompakt l\u00f8sning for overv\u00e5king av en eller flere spenningsfrie kontakter.<\/p>\n<p>Det er spesielt nyttig der plassen er begrenset, siden modulen kun m\u00e5ler 39 mm x 39 mm x 20 mm.<\/p>\n<p>Den kan ogs\u00e5 monteres p\u00e5 en DIN-skinne for enkel installasjon.<\/p>\n<p>Enheten er kompatibel med Apollo XP95, Discovery og CoreProtocol-systemer og tilbyr tre statusindikatorer for \u00e5 vise normal-, feil- og alarmstatus.<\/p>\n<p>Denne enheten er ogs\u00e5 utstyrt med kortslutningsisolator og kan brukes til b\u00e5de prioriterte og ikke-prioriterte systemer.<\/p>\n<p>Den inkluderer ogs\u00e5 en forsinket alarmstatus (&quot;pre-alarm&quot;) som gj\u00f8r at potensielle alarmer kan unders\u00f8kes og reduserer risikoen for falske alarmer.<\/p>\n<p>Med CE-merke og VdS-sertifisering er dette en p\u00e5litelig komponent for avanserte brannalarmsystemer.<\/p>","protected":false},"excerpt":{"rendered":"<p>Apollo 55000-760APO XP95 Series Mini Switch Monitor Module er en kompakt enhet som overv\u00e5ker en eller flere enpolede, spenningsfrie kontakter og rapporterer status til brannsentralen.<\/p>\n<p>Den er designet for bruk der det er begrenset plass og kan monteres p\u00e5 en DIN-skinne.<\/p>","protected":false},"featured_media":150037,"template":"","meta":{"_acf_changed":false},"product_brand":[],"product_cat":[4751],"product_tag":[],"class_list":{"0":"post-150038","1":"product","2":"type-product","3":"status-publish","4":"has-post-thumbnail","6":"product_cat-xp95-serien","7":"pa_brands-apollo-fire-detectors","8":"tm-no-options","10":"first","11":"instock","12":"sale","13":"taxable","14":"shipping-taxable","15":"purchasable","16":"product-type-simple"},"acf":[],"_links":{"self":[{"href":"https:\/\/secureus.se\/no\/wp-json\/wp\/v2\/product\/150038","targetHints":{"allow":["GET"]}}],"collection":[{"href":"https:\/\/secureus.se\/no\/wp-json\/wp\/v2\/product"}],"about":[{"href":"https:\/\/secureus.se\/no\/wp-json\/wp\/v2\/types\/product"}],"wp:featuredmedia":[{"embeddable":true,"href":"https:\/\/secureus.se\/no\/wp-json\/wp\/v2\/media\/150037"}],"wp:attachment":[{"href":"https:\/\/secureus.se\/no\/wp-json\/wp\/v2\/media?parent=150038"}],"wp:term":[{"taxonomy":"product_brand","embeddable":true,"href":"https:\/\/secureus.se\/no\/wp-json\/wp\/v2\/product_brand?post=150038"},{"taxonomy":"product_cat","embeddable":true,"href":"https:\/\/secureus.se\/no\/wp-json\/wp\/v2\/product_cat?post=150038"},{"taxonomy":"product_tag","embeddable":true,"href":"https:\/\/secureus.se\/no\/wp-json\/wp\/v2\/product_tag?post=150038"}],"curies":[{"name":"wp","href":"https:\/\/api.w.org\/{rel}","templated":true}]}}