{"id":150040,"date":"2025-04-03T13:35:18","date_gmt":"2025-04-03T11:35:18","guid":{"rendered":"https:\/\/secureus.se\/apollo-45681-218apo-tillbehorssats-for-monteringsbox-for-dackhuvud-vit\/"},"modified":"2026-04-09T11:31:32","modified_gmt":"2026-04-09T09:31:32","slug":"apollo-45681-218apo-tillbehorssats-for-monteringsbox-for-dackhuvud-vit","status":"publish","type":"product","link":"https:\/\/secureus.se\/no\/apollo-45681-218apo-tillbehorssats-for-monteringsbox-for-dackhuvud-vit\/","title":{"rendered":"Apollo 45681-218APO Dekkhodemonteringsboks tilbeh\u00f8rssett, hvit"},"content":{"rendered":"<h1>Apollo 45681-218APO Dekkhodemonteringsboks tilbeh\u00f8rssett, hvit<\/h1>\n<p>Apollo 45681-218APO XP95-seriens tilbeh\u00f8rssett er en n\u00f8dvendig komponent for \u00e5 installere dekkshodemonteringsbokser.<\/p>\n<p>Dette settet gir effektiv og sikker kabelf\u00f8ring gjennom seks kabelgjennomf\u00f8ringer designet for M20 kabelgjennomf\u00f8ringer.<\/p>\n<p>Den er perfekt for \u00e5 tillate installasjon av dypere baser eller lydgivere i brannsikkerhetssystemet ditt.<\/p>\n<p>Settet monteres enkelt p\u00e5 en sikker overflate ved hjelp av to 5,4 mm hull, noe som gir en p\u00e5litelig og holdbar installasjon.<\/p>\n<p>Den elegante hvite finishen p\u00e5 settet passer diskret inn i alle typer installasjoner og gir et profesjonelt utseende.<\/p>\n<p>Med sin CE-merking og h\u00f8ykvalitets materialvalg (polykarbonat), er dette settet et utmerket valg for brannsikkerhetsfagfolk.<\/p>","protected":false},"excerpt":{"rendered":"<p>Apollo 45681-218APO Deck Head Mounting Box Accessory Kit er designet for \u00e5 lette installasjonen av monteringsbokser for brannsikkerhetssystemer.<\/p>\n<p>Den har seks kabelinnf\u00f8ringer for M20 kabelgjennomf\u00f8ringer og er festet til monteringsflaten via to 5,4 mm hull.<\/p>","protected":false},"featured_media":150039,"template":"","meta":{"_acf_changed":false},"product_brand":[],"product_cat":[4751],"product_tag":[],"class_list":{"0":"post-150040","1":"product","2":"type-product","3":"status-publish","4":"has-post-thumbnail","6":"product_cat-xp95-serien","7":"pa_brands-apollo-fire-detectors","8":"tm-no-options","10":"first","11":"instock","12":"taxable","13":"shipping-taxable","14":"purchasable","15":"product-type-simple"},"acf":[],"_links":{"self":[{"href":"https:\/\/secureus.se\/no\/wp-json\/wp\/v2\/product\/150040","targetHints":{"allow":["GET"]}}],"collection":[{"href":"https:\/\/secureus.se\/no\/wp-json\/wp\/v2\/product"}],"about":[{"href":"https:\/\/secureus.se\/no\/wp-json\/wp\/v2\/types\/product"}],"wp:featuredmedia":[{"embeddable":true,"href":"https:\/\/secureus.se\/no\/wp-json\/wp\/v2\/media\/150039"}],"wp:attachment":[{"href":"https:\/\/secureus.se\/no\/wp-json\/wp\/v2\/media?parent=150040"}],"wp:term":[{"taxonomy":"product_brand","embeddable":true,"href":"https:\/\/secureus.se\/no\/wp-json\/wp\/v2\/product_brand?post=150040"},{"taxonomy":"product_cat","embeddable":true,"href":"https:\/\/secureus.se\/no\/wp-json\/wp\/v2\/product_cat?post=150040"},{"taxonomy":"product_tag","embeddable":true,"href":"https:\/\/secureus.se\/no\/wp-json\/wp\/v2\/product_tag?post=150040"}],"curies":[{"name":"wp","href":"https:\/\/api.w.org\/{rel}","templated":true}]}}