{"id":150042,"date":"2025-04-03T13:35:17","date_gmt":"2025-04-03T11:35:17","guid":{"rendered":"https:\/\/secureus.se\/apollo-45682-800apo-xpert-series-universellt-adresskort-for-baser-25-st\/"},"modified":"2026-04-16T15:50:48","modified_gmt":"2026-04-16T13:50:48","slug":"apollo-45682-800apo-xpert-series-universellt-adresskort-for-baser-25-st","status":"publish","type":"product","link":"https:\/\/secureus.se\/no\/apollo-45682-800apo-xpert-series-universellt-adresskort-for-baser-25-st\/","title":{"rendered":"Apollo 45682-800APO Xpert Series, universal adressekort for baser, 25 stk."},"content":{"rendered":"<h1>Apollo 45682-800APO Xpert Series, universelt base adressekort<\/h1>\n<p class=\"\" data-start=\"441\" data-end=\"897\">Apollo 45682-800APO Xpert Series Universal Address Card er designet for \u00e5 gi enkel installasjon og betjening for b\u00e5de Xpert 7 og Xpert 8 baser.<\/p>\n<p class=\"\" data-start=\"441\" data-end=\"897\">Med opptil 8 pips kan du opprette valgfrie adresser ved \u00e5 fjerne pips, slik at du kan tilpasse adressen for hver detektor.<\/p>\n<p class=\"\" data-start=\"441\" data-end=\"897\">En ekstra pipetone (128-bit) er inkludert for CoreProtocol-systemer og kan fjernes eller forlates p\u00e5 plass n\u00e5r kortet brukes med XP95- eller Discovery-enheter.<\/p>\n<p class=\"\" data-start=\"899\" data-end=\"1185\">Adressen forblir den samme, selv n\u00e5r detektorer skiftes ut, noe som gir langsiktig stabilitet i systemet.<\/p>\n<p class=\"\" data-start=\"899\" data-end=\"1185\">Tavlen har h\u00f8y toleranse for justering av r\u00f8rkontaktdiameter (\u00d81,7 mm \u2013 2 mm) og har en ekstra ledning p\u00e5 adresser\u00f8rene for \u00e5 forenkle montering og fremskynde igangkj\u00f8ring.<\/p>\n<p class=\"\" data-start=\"1187\" data-end=\"1330\">Dette universelle adressekortet gj\u00f8r installasjonen jevnere og raskere og er et must for profesjonelle installasjoner av brannvernsystem.<\/p>","protected":false},"excerpt":{"rendered":"<p>Apollo 45682-800APO Xpert Series Universal Address Card gir fleksibilitet ved installasjon og konfigurering av Xpert 7- og Xpert 8-baser.<\/p>\n<p>Det muliggj\u00f8r rask og enkel installasjon med justerbare pips for \u00e5 lage hvilken som helst adresse.<\/p>","protected":false},"featured_media":150041,"template":"","meta":{"_acf_changed":false},"product_brand":[],"product_cat":[4751],"product_tag":[],"class_list":{"0":"post-150042","1":"product","2":"type-product","3":"status-publish","4":"has-post-thumbnail","6":"product_cat-xp95-serien","7":"pa_brands-apollo-fire-detectors","8":"tm-no-options","10":"first","11":"instock","12":"taxable","13":"shipping-taxable","14":"purchasable","15":"product-type-simple"},"acf":[],"_links":{"self":[{"href":"https:\/\/secureus.se\/no\/wp-json\/wp\/v2\/product\/150042","targetHints":{"allow":["GET"]}}],"collection":[{"href":"https:\/\/secureus.se\/no\/wp-json\/wp\/v2\/product"}],"about":[{"href":"https:\/\/secureus.se\/no\/wp-json\/wp\/v2\/types\/product"}],"wp:featuredmedia":[{"embeddable":true,"href":"https:\/\/secureus.se\/no\/wp-json\/wp\/v2\/media\/150041"}],"wp:attachment":[{"href":"https:\/\/secureus.se\/no\/wp-json\/wp\/v2\/media?parent=150042"}],"wp:term":[{"taxonomy":"product_brand","embeddable":true,"href":"https:\/\/secureus.se\/no\/wp-json\/wp\/v2\/product_brand?post=150042"},{"taxonomy":"product_cat","embeddable":true,"href":"https:\/\/secureus.se\/no\/wp-json\/wp\/v2\/product_cat?post=150042"},{"taxonomy":"product_tag","embeddable":true,"href":"https:\/\/secureus.se\/no\/wp-json\/wp\/v2\/product_tag?post=150042"}],"curies":[{"name":"wp","href":"https:\/\/api.w.org\/{rel}","templated":true}]}}