{"id":150058,"date":"2025-04-03T13:23:13","date_gmt":"2025-04-03T11:23:13","guid":{"rendered":"https:\/\/secureus.se\/apollo-45681-209apo-xpert-7-series-intelligent-djupdetektormonteringsbas-vit\/"},"modified":"2026-05-06T14:14:54","modified_gmt":"2026-05-06T12:14:54","slug":"apollo-45681-209apo-xpert-7-series-intelligent-djupdetektormonteringsbas-vit","status":"publish","type":"product","link":"https:\/\/secureus.se\/no\/apollo-45681-209apo-xpert-7-series-intelligent-djupdetektormonteringsbas-vit\/","title":{"rendered":"Apollo 45681-209APO Xpert 7 Series Intelligent Depth Detector Monteringsbase, hvit"},"content":{"rendered":"<h1>Apollo 45681-209APO Xpert 7 Series Intelligent Depth Detector Monteringsbase, hvit<\/h1>\n<p>Apollo 45681-209APO XP95 Series Xpert 7 Intelligent Depth Detector Mounting Base tilbyr en p\u00e5litelig og effektiv l\u00f8sning for \u00e5 forbedre installasjonen og driften av branndetektorer.<\/p>\n<p>Den er utstyrt med XPERT-adressering for enkel og presis konfigurasjon av systemet. L\u00e5sefunksjonen forhindrer uautorisert fjerning av detektoren, og sikrer at systemet ditt forblir sikkert og p\u00e5litelig.<\/p>\n<p>Monteringsbasen gir ogs\u00e5 mulighet for overflatemontert kabling, noe som gj\u00f8r installasjonen jevnere og mer fleksibel.<\/p>\n<p>Laget av polykarbonat (PC) og med en elegant hvit finish, er denne monteringsbasen b\u00e5de slitesterk og estetisk tiltalende.<\/p>\n<p>Med en produktdiameter p\u00e5 100 mm og 10 \u00e5rs garanti er denne basen en langsiktig l\u00f8sning for brannsikkerhetsinstallasjoner.<\/p>","protected":false},"excerpt":{"rendered":"<p>Apollo 45681-209APO XP95 Series Xpert 7 Intelligent Depth Detector Mounting Base er designet for \u00e5 forbedre ytelsen til branndeteksjonssystemer og muliggj\u00f8re enkel installasjon og betjening.<\/p>\n<p>Den har XPERT-adressering og en l\u00e5sefunksjon for \u00e5 forhindre uautorisert fjerning av detektoren.<\/p>","protected":false},"featured_media":150057,"template":"","meta":{"_acf_changed":false},"product_brand":[],"product_cat":[4751],"product_tag":[],"class_list":{"0":"post-150058","1":"product","2":"type-product","3":"status-publish","4":"has-post-thumbnail","6":"product_cat-xp95-serien","7":"pa_brands-apollo-fire-detectors","8":"tm-no-options","10":"first","11":"instock","12":"sale","13":"taxable","14":"shipping-taxable","15":"purchasable","16":"product-type-simple"},"acf":[],"_links":{"self":[{"href":"https:\/\/secureus.se\/no\/wp-json\/wp\/v2\/product\/150058","targetHints":{"allow":["GET"]}}],"collection":[{"href":"https:\/\/secureus.se\/no\/wp-json\/wp\/v2\/product"}],"about":[{"href":"https:\/\/secureus.se\/no\/wp-json\/wp\/v2\/types\/product"}],"wp:featuredmedia":[{"embeddable":true,"href":"https:\/\/secureus.se\/no\/wp-json\/wp\/v2\/media\/150057"}],"wp:attachment":[{"href":"https:\/\/secureus.se\/no\/wp-json\/wp\/v2\/media?parent=150058"}],"wp:term":[{"taxonomy":"product_brand","embeddable":true,"href":"https:\/\/secureus.se\/no\/wp-json\/wp\/v2\/product_brand?post=150058"},{"taxonomy":"product_cat","embeddable":true,"href":"https:\/\/secureus.se\/no\/wp-json\/wp\/v2\/product_cat?post=150058"},{"taxonomy":"product_tag","embeddable":true,"href":"https:\/\/secureus.se\/no\/wp-json\/wp\/v2\/product_tag?post=150058"}],"curies":[{"name":"wp","href":"https:\/\/api.w.org\/{rel}","templated":true}]}}