{"id":150060,"date":"2025-04-03T13:23:11","date_gmt":"2025-04-03T11:23:11","guid":{"rendered":"https:\/\/secureus.se\/apollo-55000-005apo-xp95-series-isolerande-ljudfyr-for-oppen-miljo-100-db-a-for-anvandning-inomhus-en-54-3-kompatibel-rod-blixt-och-rod-kropp\/"},"modified":"2026-04-16T16:00:31","modified_gmt":"2026-04-16T14:00:31","slug":"apollo-55000-005apo-xp95-series-isolerande-ljudfyr-for-oppen-miljo-100-db-a-for-anvandning-inomhus-en-54-3-kompatibel-rod-blixt-och-rod-kropp","status":"publish","type":"product","link":"https:\/\/secureus.se\/no\/apollo-55000-005apo-xp95-series-isolerande-ljudfyr-for-oppen-miljo-100-db-a-for-anvandning-inomhus-en-54-3-kompatibel-rod-blixt-och-rod-kropp\/","title":{"rendered":"Apollo 55000-005APO XP95-serien, lydisolerende fyr i \u00e5pent milj\u00f8 100 dB A, for innend\u00f8rs bruk, EN 54-3-kompatibel, r\u00f8dt blits og r\u00f8dt legeme"},"content":{"rendered":"<h1>Apollo 55000-005APO XP95-serien, lydisolerende fyr i \u00e5pent milj\u00f8 100 dB A, for innend\u00f8rs bruk, EN 54-3-kompatibel, r\u00f8dt blits og r\u00f8dt legeme<\/h1>\n<p class=\"\" data-start=\"431\" data-end=\"815\">Apollo 55000-005APO XP95 Series Open Environment Isolating Sound Beacon er en avansert enhet som kommer med b\u00e5de h\u00f8rbare og visuelle advarsler, noe som gj\u00f8r den ideell for bruk i \u00e5pne rom der flere enheter kan trenge \u00e5 h\u00f8res samtidig.<\/p>\n<p class=\"\" data-start=\"431\" data-end=\"815\">Med et lydniv\u00e5 p\u00e5 100 dB (A) og r\u00f8dt blink s\u00f8rger denne enheten for at brannalarmen er godt h\u00f8rbar og synlig.<\/p>\n<p class=\"\" data-start=\"817\" data-end=\"1173\">Enheten er sl\u00f8yfedrevet og krever ikke ekstern str\u00f8mforsyning. Den fungerer ved 17\u201328 V DC og er polaritetssensitiv.<\/p>\n<p class=\"\" data-start=\"817\" data-end=\"1173\">Lydsignalet kan justeres til et volum p\u00e5 enten 92 dB (A) eller 100 dB (A), og det er utstyrt med tre valgbare toner: Apollo, Slow-whoop og DIN. Ved behov kan b\u00e5de lydsignaler og blitssynkronisering aktiveres via kontrollpanelet.<\/p>\n<p class=\"\" data-start=\"1175\" data-end=\"1427\">Enheten er ogs\u00e5 kompatibel med XP95, Discovery og CoreProtocol-systemer, og kan adresseres individuelt eller som en gruppe.<\/p>\n<p class=\"\" data-start=\"1175\" data-end=\"1427\">Den er IP65-klassifisert for \u00e5 beskytte mot st\u00f8v og vanninntrenging, noe som gj\u00f8r den perfekt for b\u00e5de innend\u00f8rs bruk og t\u00f8ffere milj\u00f8er.<\/p>","protected":false},"excerpt":{"rendered":"<p>Apollo 55000-005APO XP95 Series Open Environment Sounder er designet for \u00e5 gi h\u00f8rbar og visuell varsling av brann i \u00e5pne rom.<\/p>\n<p>Den har et lydniv\u00e5 p\u00e5 100 dB (A) og r\u00f8dt blits, og er EN 54-3-kompatibel.<\/p>","protected":false},"featured_media":150059,"template":"","meta":{"_acf_changed":false},"product_brand":[],"product_cat":[4751,4748],"product_tag":[],"class_list":{"0":"post-150060","1":"product","2":"type-product","3":"status-publish","4":"has-post-thumbnail","6":"product_cat-xp95-serien","7":"product_cat-discovery-serien","8":"pa_brands-apollo-fire-detectors","9":"tm-no-options","11":"first","12":"instock","13":"taxable","14":"shipping-taxable","15":"purchasable","16":"product-type-simple"},"acf":[],"_links":{"self":[{"href":"https:\/\/secureus.se\/no\/wp-json\/wp\/v2\/product\/150060","targetHints":{"allow":["GET"]}}],"collection":[{"href":"https:\/\/secureus.se\/no\/wp-json\/wp\/v2\/product"}],"about":[{"href":"https:\/\/secureus.se\/no\/wp-json\/wp\/v2\/types\/product"}],"wp:featuredmedia":[{"embeddable":true,"href":"https:\/\/secureus.se\/no\/wp-json\/wp\/v2\/media\/150059"}],"wp:attachment":[{"href":"https:\/\/secureus.se\/no\/wp-json\/wp\/v2\/media?parent=150060"}],"wp:term":[{"taxonomy":"product_brand","embeddable":true,"href":"https:\/\/secureus.se\/no\/wp-json\/wp\/v2\/product_brand?post=150060"},{"taxonomy":"product_cat","embeddable":true,"href":"https:\/\/secureus.se\/no\/wp-json\/wp\/v2\/product_cat?post=150060"},{"taxonomy":"product_tag","embeddable":true,"href":"https:\/\/secureus.se\/no\/wp-json\/wp\/v2\/product_tag?post=150060"}],"curies":[{"name":"wp","href":"https:\/\/api.w.org\/{rel}","templated":true}]}}