{"id":150064,"date":"2025-04-03T13:23:09","date_gmt":"2025-04-03T11:23:09","guid":{"rendered":"https:\/\/secureus.se\/apollo-45681-277apo-xp95-series-isolerande-2-tons-ljuddampare-monteringsbas-91db-a-inomhusbruk-en54-3-kompatibel-vit\/"},"modified":"2026-03-27T18:11:10","modified_gmt":"2026-03-27T17:11:10","slug":"apollo-45681-277apo-xp95-series-isolerande-2-tons-ljuddampare-monteringsbas-91db-a-inomhusbruk-en54-3-kompatibel-vit","status":"publish","type":"product","link":"https:\/\/secureus.se\/no\/apollo-45681-277apo-xp95-series-isolerande-2-tons-ljuddampare-monteringsbas-91db-a-inomhusbruk-en54-3-kompatibel-vit\/","title":{"rendered":"Apollo 45681-277APO XP95-serien, 2-tone isolerende lyddemper monteringsbase 91dB A, innend\u00f8rs bruk, EN54-3 kompatibel, hvit"},"content":{"rendered":"<h1>Apollo 45681-277APO XP95-serien, 2-tone isolerende lyddemper monteringsbase 91dB A, innend\u00f8rs bruk, EN54-3 kompatibel<\/h1>\n<p>Apollo 45681-277APO XP95 Series isolerende 2-tone lyddemper monteringsbase er designet for \u00e5 levere kraftige h\u00f8rbare varsler i brannalarmsystemer, med et lydniv\u00e5 p\u00e5 91dB A.<\/p>\n<p>Lyddemperen har to toner og to volumomr\u00e5der (55-75 dB(A) og 75-91 dB(A)), som gir fleksibilitet i hvordan signalene kan h\u00f8res i ulike milj\u00f8er.<\/p>\n<p>Monteringsbasen er utstyrt med en isolator for \u00e5 forhindre at systemet p\u00e5virkes av kortslutninger, og sikrer p\u00e5litelig drift under alle forhold.<\/p>\n<p>Enheten kan adresseres b\u00e5de individuelt eller gjennom gruppeadressekontroll, slik at flere sirener kan kontrolleres samtidig, og den har en innebygd akustisk selvtestfunksjon for \u00e5 sikre funksjonalitet.<\/p>\n<p>Denne lyddemperen er designet for innend\u00f8rs bruk, og fungerer med Apollo XP95, Discovery og CoreProtocol-systemer og er EN54-3-kompatibel, noe som gj\u00f8r den til en p\u00e5litelig l\u00f8sning for brannalarminstallasjoner der h\u00f8rbar og visuell varsling er avgj\u00f8rende.<\/p>","protected":false},"excerpt":{"rendered":"<p>Apollo 45681-277APO XP95 Series isolerende 2-tone lyddemper monteringsbase er en p\u00e5litelig og effektiv l\u00f8sning for \u00e5 gi h\u00f8rbare varsler i brannalarmsystemer.<\/p>\n<p>Den har et st\u00f8yniv\u00e5 p\u00e5 91dB A og er designet for innend\u00f8rs bruk, med funksjoner som gruppe- og individuell adressering.<\/p>","protected":false},"featured_media":150063,"template":"","meta":{"_acf_changed":false},"product_brand":[],"product_cat":[4751],"product_tag":[],"class_list":{"0":"post-150064","1":"product","2":"type-product","3":"status-publish","4":"has-post-thumbnail","6":"product_cat-xp95-serien","7":"pa_brands-apollo-fire-detectors","8":"tm-no-options","10":"first","11":"instock","12":"sale","13":"taxable","14":"shipping-taxable","15":"purchasable","16":"product-type-simple"},"acf":[],"_links":{"self":[{"href":"https:\/\/secureus.se\/no\/wp-json\/wp\/v2\/product\/150064","targetHints":{"allow":["GET"]}}],"collection":[{"href":"https:\/\/secureus.se\/no\/wp-json\/wp\/v2\/product"}],"about":[{"href":"https:\/\/secureus.se\/no\/wp-json\/wp\/v2\/types\/product"}],"wp:featuredmedia":[{"embeddable":true,"href":"https:\/\/secureus.se\/no\/wp-json\/wp\/v2\/media\/150063"}],"wp:attachment":[{"href":"https:\/\/secureus.se\/no\/wp-json\/wp\/v2\/media?parent=150064"}],"wp:term":[{"taxonomy":"product_brand","embeddable":true,"href":"https:\/\/secureus.se\/no\/wp-json\/wp\/v2\/product_brand?post=150064"},{"taxonomy":"product_cat","embeddable":true,"href":"https:\/\/secureus.se\/no\/wp-json\/wp\/v2\/product_cat?post=150064"},{"taxonomy":"product_tag","embeddable":true,"href":"https:\/\/secureus.se\/no\/wp-json\/wp\/v2\/product_tag?post=150064"}],"curies":[{"name":"wp","href":"https:\/\/api.w.org\/{rel}","templated":true}]}}