{"id":150068,"date":"2025-04-03T12:59:55","date_gmt":"2025-04-03T10:59:55","guid":{"rendered":"https:\/\/secureus.se\/system-sensor-2351tem-a-flerkriteriedetektor-for-optiskt-och-termiskt-brandlarm-analogt-adresserbart-vit\/"},"modified":"2026-04-01T15:52:48","modified_gmt":"2026-04-01T13:52:48","slug":"system-sensor-2351tem-a-flerkriteriedetektor-for-optiskt-och-termiskt-brandlarm-analogt-adresserbart-vit","status":"publish","type":"product","link":"https:\/\/secureus.se\/no\/system-sensor-2351tem-a-flerkriteriedetektor-for-optiskt-och-termiskt-brandlarm-analogt-adresserbart-vit\/","title":{"rendered":"Systemsensor 2351TEM-A Multikriteriedetektor for optisk og termisk brannalarm, analog adresserbar, hvit"},"content":{"rendered":"<h1>Systemsensor 2351TEM-A Multikriteriedetektor for optisk og termisk brannalarm, analog adresserbar<\/h1>\n<p class=\"\" data-start=\"524\" data-end=\"1015\">System Sensor 2351TEM-A er en fotoelektrisk r\u00f8yk- og termisk detektor som kombinerer b\u00e5de optisk og termisk deteksjonsteknologi.<\/p>\n<p class=\"\" data-start=\"524\" data-end=\"1015\">Den er utstyrt med et optisk kammer og et termisk element som kontinuerlig overv\u00e5kes av en innebygd prosessor.<\/p>\n<p class=\"\" data-start=\"524\" data-end=\"1015\">Den avanserte prosessoren bruker algoritmer utviklet for n\u00f8yaktig \u00e5 oppdage brann, og minimerer risikoen for falske alarmer.<\/p>\n<p class=\"\" data-start=\"524\" data-end=\"1015\">Alarmer signaliseres f\u00f8rst n\u00e5r prosessoren er sikker p\u00e5 at en begynnende brann er oppdaget.<\/p>\n<p class=\"\" data-start=\"1017\" data-end=\"1496\">Detektoren er programmerbar og tilbyr funksjoner som automatisk driftkompensasjon og programmerbar f\u00f8lsomhet (lav, middels, h\u00f8y), som sikrer at den alltid yter optimalt i milj\u00f8et den er installert i.<\/p>\n<p class=\"\" data-start=\"1017\" data-end=\"1496\">For \u00e5 forenkle vedlikeholdet kan en h\u00e5ndholdt testenhet brukes til \u00e5 lese datoen for siste vedlikehold, forurensningsniv\u00e5et og verdien av varmeelementet.<\/p>\n<p class=\"\" data-start=\"1017\" data-end=\"1496\">Den har ogs\u00e5 en tofarget LED som indikerer detektorstatus (gr\u00f8nn for normal drift, r\u00f8d for alarm).<\/p>\n<p class=\"\" data-start=\"1498\" data-end=\"1754\">Med et bredt driftsspenningsomr\u00e5de p\u00e5 8-30VDC og bakoverkompatibilitet med serie 100-baser, kan 2351TEM-A enkelt integreres i eksisterende systemer.<\/p>\n<p class=\"\" data-start=\"1498\" data-end=\"1754\">Den er godkjent i henhold til EN54-7 og EN54-5, noe som gj\u00f8r den til en sikker og p\u00e5litelig l\u00f8sning for brannalarmer.<\/p>","protected":false},"excerpt":{"rendered":"<p>System Sensor 2351TEM-A er en multifunksjons branndetektor som kombinerer optisk og termisk deteksjon for \u00e5 sikre h\u00f8y sikkerhet.<\/p>\n<p>Den tilbyr avansert avdriftskompensasjon og er adresserbar, noe som gj\u00f8r den perfekt for b\u00e5de nye installasjoner og oppgraderinger.<\/p>","protected":false},"featured_media":150067,"template":"","meta":{"_acf_changed":false},"product_brand":[],"product_cat":[4754,3373],"product_tag":[],"class_list":{"0":"post-150068","1":"product","2":"type-product","3":"status-publish","4":"has-post-thumbnail","6":"product_cat-system-sensor-300-serien","7":"product_cat-rokdetektorer","8":"pa_brands-system-sensor","9":"tm-no-options","11":"first","12":"onbackorder","13":"sale","14":"taxable","15":"shipping-taxable","16":"purchasable","17":"product-type-simple"},"acf":[],"_links":{"self":[{"href":"https:\/\/secureus.se\/no\/wp-json\/wp\/v2\/product\/150068","targetHints":{"allow":["GET"]}}],"collection":[{"href":"https:\/\/secureus.se\/no\/wp-json\/wp\/v2\/product"}],"about":[{"href":"https:\/\/secureus.se\/no\/wp-json\/wp\/v2\/types\/product"}],"wp:featuredmedia":[{"embeddable":true,"href":"https:\/\/secureus.se\/no\/wp-json\/wp\/v2\/media\/150067"}],"wp:attachment":[{"href":"https:\/\/secureus.se\/no\/wp-json\/wp\/v2\/media?parent=150068"}],"wp:term":[{"taxonomy":"product_brand","embeddable":true,"href":"https:\/\/secureus.se\/no\/wp-json\/wp\/v2\/product_brand?post=150068"},{"taxonomy":"product_cat","embeddable":true,"href":"https:\/\/secureus.se\/no\/wp-json\/wp\/v2\/product_cat?post=150068"},{"taxonomy":"product_tag","embeddable":true,"href":"https:\/\/secureus.se\/no\/wp-json\/wp\/v2\/product_tag?post=150068"}],"curies":[{"name":"wp","href":"https:\/\/api.w.org\/{rel}","templated":true}]}}