{"id":150070,"date":"2025-04-03T12:50:27","date_gmt":"2025-04-03T10:50:27","guid":{"rendered":"https:\/\/secureus.se\/detektorsock-470r-hog-b401dgr\/"},"modified":"2026-03-26T11:06:15","modified_gmt":"2026-03-26T10:06:15","slug":"detektorsock-470r-hog-b401dgr","status":"publish","type":"product","link":"https:\/\/secureus.se\/no\/detektorsock-470r-hog-b401dgr\/","title":{"rendered":"DETEKTORSOKK. 470R H\u00d8Y B401DGR"},"content":{"rendered":"<h1>DETEKTORSOKK. 470R H\u00d8Y B401DGR<\/h1>\n<p class=\"\" data-start=\"419\" data-end=\"733\">B401DGR er en robust detektorbase som er en del av System Sensors 300-serie.<\/p>\n<p class=\"\" data-start=\"419\" data-end=\"733\">Den er spesielt designet for bruk med detektorer som krever en 470 ohm alarmmotstand.<\/p>\n<p class=\"\" data-start=\"419\" data-end=\"733\">Basen har en h\u00f8yde p\u00e5 26 mm og er laget av slitesterkt ABS-materiale som gir langvarig bruk og h\u00f8y slitestyrke.<\/p>\n<p class=\"\" data-start=\"735\" data-end=\"1076\">Den er utstyrt med en terminaltilkobling som st\u00f8tter kabler med en tykkelse mellom 0,4 til 2 mm\u00b2.<\/p>\n<p class=\"\" data-start=\"735\" data-end=\"1076\">I tillegg har stikkontakten en funksjon for \u00e5 koble til en indikator for en skjult detektor, noe som forbedrer deteksjonskapasiteten og brukervennligheten.<\/p>\n<p class=\"\" data-start=\"735\" data-end=\"1076\">Fargen p\u00e5 understellet passer godt til RAL 9016, som gir et rent og n\u00f8ytralt design.<\/p>","protected":false},"excerpt":{"rendered":"<p>B401DGR er en h\u00f8ydetektorbase for 300-serien, designet for \u00e5 inkludere en 470 ohm alarmmotstand.<\/p>\n<p>Den er 26 mm h\u00f8y og gir mulighet for \u00e5 koble til en skjult detektorindikator.<\/p>","protected":false},"featured_media":150069,"template":"","meta":{"_acf_changed":false},"product_brand":[],"product_cat":[4754],"product_tag":[],"class_list":{"0":"post-150070","1":"product","2":"type-product","3":"status-publish","4":"has-post-thumbnail","6":"product_cat-system-sensor-300-serien","7":"tm-no-options","9":"first","10":"instock","11":"sale","12":"taxable","13":"shipping-taxable","14":"purchasable","15":"product-type-simple"},"acf":[],"_links":{"self":[{"href":"https:\/\/secureus.se\/no\/wp-json\/wp\/v2\/product\/150070","targetHints":{"allow":["GET"]}}],"collection":[{"href":"https:\/\/secureus.se\/no\/wp-json\/wp\/v2\/product"}],"about":[{"href":"https:\/\/secureus.se\/no\/wp-json\/wp\/v2\/types\/product"}],"wp:featuredmedia":[{"embeddable":true,"href":"https:\/\/secureus.se\/no\/wp-json\/wp\/v2\/media\/150069"}],"wp:attachment":[{"href":"https:\/\/secureus.se\/no\/wp-json\/wp\/v2\/media?parent=150070"}],"wp:term":[{"taxonomy":"product_brand","embeddable":true,"href":"https:\/\/secureus.se\/no\/wp-json\/wp\/v2\/product_brand?post=150070"},{"taxonomy":"product_cat","embeddable":true,"href":"https:\/\/secureus.se\/no\/wp-json\/wp\/v2\/product_cat?post=150070"},{"taxonomy":"product_tag","embeddable":true,"href":"https:\/\/secureus.se\/no\/wp-json\/wp\/v2\/product_tag?post=150070"}],"curies":[{"name":"wp","href":"https:\/\/api.w.org\/{rel}","templated":true}]}}