{"id":150082,"date":"2025-04-03T12:22:17","date_gmt":"2025-04-03T10:22:17","guid":{"rendered":"https:\/\/secureus.se\/system-sensor-eco1005t-a-eco-varmedetektor-58\/"},"modified":"2026-04-09T11:32:10","modified_gmt":"2026-04-09T09:32:10","slug":"system-sensor-eco1005t-a-eco-varmedetektor-58","status":"publish","type":"product","link":"https:\/\/secureus.se\/no\/system-sensor-eco1005t-a-eco-varmedetektor-58\/","title":{"rendered":"Systemsensor ECO1005T En ECO varmedetektor, 58\u00b0"},"content":{"rendered":"<h1>Systemsensor ECO1005T En ECO varmedetektor, 58\u00b0<\/h1>\n<p class=\"\" data-start=\"466\" data-end=\"866\">Systemsensor ECO1005T A er en effektiv og p\u00e5litelig varmedetektor som er en del av ECO1000-serien.<\/p>\n<p class=\"\" data-start=\"466\" data-end=\"866\">Med en driftstemperatur p\u00e5 58\u00b0C er den spesielt egnet for milj\u00f8er hvor temperaturendringer kan v\u00e6re raske, som kj\u00f8kken.<\/p>\n<p class=\"\" data-start=\"466\" data-end=\"866\">Den kombinerer et topp moderne termisk element med en applikasjonsspesifikk integrert krets (ASIC) for \u00e5 sikre rask og n\u00f8yaktig branndeteksjon.<\/p>\n<p class=\"\" data-start=\"868\" data-end=\"1222\">En av de avanserte funksjonene til ECO1005T A er den laserbaserte h\u00e5ndholdte fjerntestenheten som lar detektoren testes eksternt uten behov for fysisk tilgang til enheten.<\/p>\n<p class=\"\" data-start=\"868\" data-end=\"1222\">Dette gj\u00f8r vedlikeholdet b\u00e5de enkelt og effektivt. En innebygd LED gir et lokalt alarmsignal som forblir tent til detektoren tilbakestilles ved str\u00f8mbrudd.<\/p>\n<p class=\"\" data-start=\"1224\" data-end=\"1568\">Detektoren fungerer med b\u00e5de 12V og 24VDC-systemer og har lavt str\u00f8mforbruk, noe som gj\u00f8r den kostnadseffektiv og holdbar.<\/p>\n<p class=\"\" data-start=\"1224\" data-end=\"1568\">Den er godkjent i henhold til EN54-5:2000 Klasse A2S og tilbyr en utvidet garanti for ekstra trygghet.<\/p>\n<p class=\"\" data-start=\"1224\" data-end=\"1568\">ECO1005T A er kompatibel med en rekke baser, noe som gj\u00f8r den fleksibel og enkel \u00e5 integrere i ulike brannalarmsystemer.<\/p>","protected":false},"excerpt":{"rendered":"<p>ECO1005T A er en avansert varmedetektor med en driftstemperatur p\u00e5 58\u00b0C.<\/p>\n<p>Den bruker en applikasjonsspesifikk integrert krets (ASIC) og et termisk element for rask og n\u00f8yaktig branndeteksjon.<\/p>\n<p>Lavt str\u00f8mforbruk og lett \u00e5 vedlikeholde.<\/p>","protected":false},"featured_media":150081,"template":"","meta":{"_acf_changed":false},"product_brand":[],"product_cat":[4755,4157],"product_tag":[],"class_list":{"0":"post-150082","1":"product","2":"type-product","3":"status-publish","4":"has-post-thumbnail","6":"product_cat-eco-1000-serien","7":"product_cat-varmedetektor","8":"pa_brands-system-sensor","9":"tm-no-options","11":"first","12":"instock","13":"taxable","14":"shipping-taxable","15":"purchasable","16":"product-type-simple"},"acf":[],"_links":{"self":[{"href":"https:\/\/secureus.se\/no\/wp-json\/wp\/v2\/product\/150082","targetHints":{"allow":["GET"]}}],"collection":[{"href":"https:\/\/secureus.se\/no\/wp-json\/wp\/v2\/product"}],"about":[{"href":"https:\/\/secureus.se\/no\/wp-json\/wp\/v2\/types\/product"}],"wp:featuredmedia":[{"embeddable":true,"href":"https:\/\/secureus.se\/no\/wp-json\/wp\/v2\/media\/150081"}],"wp:attachment":[{"href":"https:\/\/secureus.se\/no\/wp-json\/wp\/v2\/media?parent=150082"}],"wp:term":[{"taxonomy":"product_brand","embeddable":true,"href":"https:\/\/secureus.se\/no\/wp-json\/wp\/v2\/product_brand?post=150082"},{"taxonomy":"product_cat","embeddable":true,"href":"https:\/\/secureus.se\/no\/wp-json\/wp\/v2\/product_cat?post=150082"},{"taxonomy":"product_tag","embeddable":true,"href":"https:\/\/secureus.se\/no\/wp-json\/wp\/v2\/product_tag?post=150082"}],"curies":[{"name":"wp","href":"https:\/\/api.w.org\/{rel}","templated":true}]}}