{"id":150084,"date":"2025-04-03T12:22:13","date_gmt":"2025-04-03T10:22:13","guid":{"rendered":"https:\/\/secureus.se\/honeywell-eco1000rtu-a-lasertestenhet-for-detektorer-i-300-och-eco1000-serien\/"},"modified":"2026-04-23T13:28:40","modified_gmt":"2026-04-23T11:28:40","slug":"honeywell-eco1000rtu-a-lasertestenhet-for-detektorer-i-300-och-eco1000-serien","status":"publish","type":"product","link":"https:\/\/secureus.se\/no\/honeywell-eco1000rtu-a-lasertestenhet-for-detektorer-i-300-och-eco1000-serien\/","title":{"rendered":"Honeywell ECO1000RTU-A lasertestenhet for detektorer i 300- og Eco1000-serien"},"content":{"rendered":"<h1>Honeywell ECO1000RTU-A lasertestenhet for detektorer i 300- og Eco1000-serien<\/h1>\n<p class=\"\" data-start=\"504\" data-end=\"889\">Honeywell ECO1000RTU-A er en avansert lasertestenhet designet for \u00e5 fungere med b\u00e5de 300-serien og ECO1000-serien detektorer.<\/p>\n<p class=\"\" data-start=\"504\" data-end=\"889\">Enheten bruker laserbasert teknologi for \u00e5 sende et kodet signal som gj\u00f8r at detektorer kan testes eksternt.<\/p>\n<p class=\"\" data-start=\"504\" data-end=\"889\">Dette eliminerer behovet for fysisk tilgang til detektoren, sparer tid og forenkler vedlikeholdet.<\/p>\n<p class=\"\" data-start=\"891\" data-end=\"1301\">Den fungerer med b\u00e5de 12V og 24VDC-systemer, og lar brukere enkelt sjekke at detektorene fungerer som de skal.<\/p>\n<p class=\"\" data-start=\"891\" data-end=\"1301\">Det finnes ogs\u00e5 alternativer for ekstern LED som lar brukeren f\u00e5 en visuell indikasjon p\u00e5 detektorstatus p\u00e5 avstand.<\/p>\n<p class=\"\" data-start=\"891\" data-end=\"1301\">Lasertesteren er kompatibel med en rekke detektorbaser og er et uunnv\u00e6rlig verkt\u00f8y for effektivt og n\u00f8yaktig vedlikehold av branndetektorer.<\/p>","protected":false},"excerpt":{"rendered":"<p>ECO1000RTU-A er en lasertestenhet som brukes til \u00e5 fjernteste b\u00e5de 300-serien og ECO1000-serien detektorer.<\/p>\n<p>Den er ideell for \u00e5 sikre at detektorer fungerer som de skal uten behov for fysisk tilgang.<\/p>","protected":false},"featured_media":150083,"template":"","meta":{"_acf_changed":false},"product_brand":[],"product_cat":[4755,4754],"product_tag":[],"class_list":{"0":"post-150084","1":"product","2":"type-product","3":"status-publish","4":"has-post-thumbnail","6":"product_cat-eco-1000-serien","7":"product_cat-system-sensor-300-serien","8":"pa_brands-honeywell","9":"tm-no-options","11":"first","12":"instock","13":"sale","14":"taxable","15":"shipping-taxable","16":"purchasable","17":"product-type-simple"},"acf":[],"_links":{"self":[{"href":"https:\/\/secureus.se\/no\/wp-json\/wp\/v2\/product\/150084","targetHints":{"allow":["GET"]}}],"collection":[{"href":"https:\/\/secureus.se\/no\/wp-json\/wp\/v2\/product"}],"about":[{"href":"https:\/\/secureus.se\/no\/wp-json\/wp\/v2\/types\/product"}],"wp:featuredmedia":[{"embeddable":true,"href":"https:\/\/secureus.se\/no\/wp-json\/wp\/v2\/media\/150083"}],"wp:attachment":[{"href":"https:\/\/secureus.se\/no\/wp-json\/wp\/v2\/media?parent=150084"}],"wp:term":[{"taxonomy":"product_brand","embeddable":true,"href":"https:\/\/secureus.se\/no\/wp-json\/wp\/v2\/product_brand?post=150084"},{"taxonomy":"product_cat","embeddable":true,"href":"https:\/\/secureus.se\/no\/wp-json\/wp\/v2\/product_cat?post=150084"},{"taxonomy":"product_tag","embeddable":true,"href":"https:\/\/secureus.se\/no\/wp-json\/wp\/v2\/product_tag?post=150084"}],"curies":[{"name":"wp","href":"https:\/\/api.w.org\/{rel}","templated":true}]}}