{"id":150091,"date":"2025-04-14T16:17:21","date_gmt":"2025-04-14T14:17:21","guid":{"rendered":"https:\/\/secureus.se\/motorlas-step-352-vanster-komplett-sats\/"},"modified":"2026-04-08T15:10:31","modified_gmt":"2026-04-08T13:10:31","slug":"motorlas-step-352-vanster-komplett-sats","status":"publish","type":"product","link":"https:\/\/secureus.se\/no\/motorlas-step-352-vanster-komplett-sats\/","title":{"rendered":"Motorl\u00e5s STEP 352 Venstre komplett sett"},"content":{"rendered":"<div><\/div>\n<p>STEP 352 er en motorl\u00e5s som er utviklet for \u00e5 sikre sikker l\u00e5sing hele d\u00f8gnet. Motorl\u00e5sen er utviklet for h\u00f8yfrekvent bruk og kan h\u00e5ndtere flere millioner \u00e5pninger, som ogs\u00e5 skjer like raskt som et elektrisk slag. Dette gir en unik mulighet til \u00e5 oppn\u00e5 h\u00f8yere sikkerhet der det trengs, og dermed oppn\u00e5 riktig l\u00e5sing av s\u00e5rbare og viktige d\u00f8rer.<\/p>\n<div><\/div>\n<div>STEP 352 er utstyrt med krokbolt og automatisk stempel. Den automatiske sylinderen gj\u00f8r at du kan utstyre d\u00f8ren din med trekkh\u00e5ndtak p\u00e5 utsiden, da reserve\u00e5pning kan gj\u00f8res med n\u00f8kkel fra utsiden, i kombinasjon med evakuering iht. SS-EN 179:2008 fra innsiden. L\u00e5sen kan derfor med fordel brukes i en alarmert r\u00f8mningsvei.<\/div>\n<div><\/div>\n<div>L\u00e5sen kan kombinere krav til evakuering, gjeninnflytting, brannsikring og tilgjengelighetskrav, samtidig som den gir d\u00f8rmilj\u00f8et betydelig h\u00f8yere inntrengningsmotstand. Den solide l\u00e5sen s\u00f8rger for at d\u00f8ren virkelig er l\u00e5st, ikke bare holdes lukket.<\/div>\n<div><\/div>\n<div>STEP 352 er utstyrt med STEPs unike automatiske stempel. N\u00e5r d\u00f8ren \u00e5pnes elektrisk, kan det automatiske stempelet foldes, og dermed \u00e5pnes med automatisk d\u00f8rdrift. Umiddelbart etter at d\u00f8ren er \u00e5pnet, forlenges det automatiske stempelet, l\u00e5ses i posisjon og fungerer akkurat som et vanlig fallstempel igjen.<\/div>\n<div><\/div>\n<div>L\u00e5sen har dobbel blokkering hvor krokboltblokkeringen ogs\u00e5 er blokkert. Posisjonen til l\u00e5sen leses av en optisk sensor slik at du kan v\u00e6re trygg p\u00e5 at den virkelig er l\u00e5st. L\u00e5sen er fullstendig beskyttet mot tilgang og sikrer dermed beskyttelse mot manipulasjon.<\/div>\n<div><\/div>\n<div>STEP 352 er utstyrt med FreeDrive\u00ae, v\u00e5r unike og patenterte teknologi som kobler helt ut l\u00e5sens motor og girkasse hver gang d\u00f8ren l\u00e5ses opp mekanisk.<\/div>\n<div>Dette minimerer slitasje ved bruk av h\u00e5ndtak, knott, n\u00f8kkel eller r\u00f8mningsbeslag.<\/div>\n<div><\/div>\n<div><b>Artikkelen inneholder:<\/b><\/div>\n<div>\n<ul>\n<li>Motorl\u00e5s ST352-L<\/li>\n<li>Styreenhet 300C<\/li>\n<li>Rammeoverf\u00f8ring ST1283<\/li>\n<li>Tilkoblingskabel ST0916H 10m<\/li>\n<li>Endeplate ST2009-15<\/li>\n<li>Borbeskyttelse ST1199<\/li>\n<li>Magnetisk kontakt ST0910<\/li>\n<li>Skrue og koblingssett ST1192<\/li>\n<\/ul>\n<\/div>\n<div><\/div>\n<div><b>Kjennetegn:<\/b><\/div>\n<div>\n<ul>\n<li>Ikke reversibel<\/li>\n<li>L\u00e5ser opp p\u00e5 mindre enn 0,1 sekund<\/li>\n<li>50 mm dordybde<\/li>\n<li>Moderne stempelplassering<\/li>\n<li>Med unikt automatisk stempel<\/li>\n<li>Begge kontrollere h\u00e5ndterer gjenhus<\/li>\n<li>FreeDrive\u00ae-teknologi<\/li>\n<li>Inngrepssikker l\u00e5seteknologi<\/li>\n<li>Kryptert kommunikasjon OSDP AES-128<\/li>\n<li>Garanterer \u00e5pning til tross for stripetrykk p\u00e5 opptil 80 kg<\/li>\n<li>Evakuering og gjenbesetting sikres sammen med STEP Exit n\u00f8devakueringsbeslag<\/li>\n<li>Designet for bruk i h\u00f8yfrekvente d\u00f8rer<\/li>\n<\/ul>\n<\/div>\n<div><\/div>\n<div><b>Trekk:<\/b><\/div>\n<div>\n<ul>\n<li>Krokbolten og automatisk stempel l\u00e5ses\/l\u00e5ses opp elektrisk via \u00e5pningssignal fra adgangssystem, kodel\u00e5s, albuebryter eller lignende.<\/li>\n<li>Krokbolten og automatisk stempel l\u00e5ses\/l\u00e5ses opp mekanisk via sylinderroeren fra innsiden og utsiden<\/li>\n<li>Det automatiske stempelet trekkes tilbake mekanisk via sylinderroeren med et trykk fra innsiden og utsiden.<\/li>\n<li>Normal passering skjer via \u00e5pningssignal fra adgangssystem, kodel\u00e5s, albuebryter eller lignende fra inn- og utsiden.<\/li>\n<\/ul>\n<\/div>\n<div><\/div>","protected":false},"excerpt":{"rendered":"<p>STEP 352 er en motorl\u00e5s som er utviklet for \u00e5 sikre sikker l\u00e5sing hele d\u00f8gnet. Motorl\u00e5sen er utviklet for h\u00f8yfrekvent bruk og t\u00e5ler flere millioner \u00e5pninger, som ogs\u00e5 forekommer<\/p>","protected":false},"featured_media":150090,"template":"","meta":{"_acf_changed":false},"product_brand":[],"product_cat":[2874],"product_tag":[],"class_list":{"0":"post-150091","1":"product","2":"type-product","3":"status-publish","4":"has-post-thumbnail","6":"product_cat-motorlas","7":"pa_brands-step","8":"tm-no-options","10":"first","11":"instock","12":"sale","13":"taxable","14":"shipping-taxable","15":"purchasable","16":"product-type-simple"},"acf":[],"_links":{"self":[{"href":"https:\/\/secureus.se\/no\/wp-json\/wp\/v2\/product\/150091","targetHints":{"allow":["GET"]}}],"collection":[{"href":"https:\/\/secureus.se\/no\/wp-json\/wp\/v2\/product"}],"about":[{"href":"https:\/\/secureus.se\/no\/wp-json\/wp\/v2\/types\/product"}],"wp:featuredmedia":[{"embeddable":true,"href":"https:\/\/secureus.se\/no\/wp-json\/wp\/v2\/media\/150090"}],"wp:attachment":[{"href":"https:\/\/secureus.se\/no\/wp-json\/wp\/v2\/media?parent=150091"}],"wp:term":[{"taxonomy":"product_brand","embeddable":true,"href":"https:\/\/secureus.se\/no\/wp-json\/wp\/v2\/product_brand?post=150091"},{"taxonomy":"product_cat","embeddable":true,"href":"https:\/\/secureus.se\/no\/wp-json\/wp\/v2\/product_cat?post=150091"},{"taxonomy":"product_tag","embeddable":true,"href":"https:\/\/secureus.se\/no\/wp-json\/wp\/v2\/product_tag?post=150091"}],"curies":[{"name":"wp","href":"https:\/\/api.w.org\/{rel}","templated":true}]}}