{"id":150100,"date":"2025-04-14T16:17:23","date_gmt":"2025-04-14T14:17:23","guid":{"rendered":"https:\/\/secureus.se\/motorlas-step-352s-split-hoger-komplett-sats\/"},"modified":"2026-04-08T15:08:18","modified_gmt":"2026-04-08T13:08:18","slug":"motorlas-step-352s-split-hoger-komplett-sats","status":"publish","type":"product","link":"https:\/\/secureus.se\/no\/motorlas-step-352s-split-hoger-komplett-sats\/","title":{"rendered":"Motorl\u00e5s STEP 352S Delt H\u00f8yre Komplett sett"},"content":{"rendered":"<p>\nSTEP 352S er en motorl\u00e5s med innebygd splitfunksjon og automatisk sylinder designet for \u00e5 erstatte deadbolt-l\u00e5ser i skallbeskyttelse og dermed skape sikker l\u00e5sing hele d\u00f8gnet. L\u00e5sen er designet for et h\u00f8yfrekvent d\u00f8rmilj\u00f8 med d\u00f8rautomatikk, og kan h\u00e5ndtere flere millioner \u00e5pninger! Oppfyller kravene til l\u00e5sklasse 2A og 2B i henhold til SSF 3522.<\/p>\n<div>L\u00e5sen kan kombinere alle krav til evakuering, gjeninntreden, brannsikring og tilgjengelighet, samtidig som den gir d\u00f8rmilj\u00f8et betydelig h\u00f8yere inntrengningsmotstand. STEP 352S er utstyrt med en solid krokbolt som virkelig s\u00f8rger for at d\u00f8ren l\u00e5ses, mens en innebygd splitfunksjon s\u00f8rger for usl\u00e5elig brukervennlighet.<\/div>\n<div><\/div>\n<div>Den innebygde splittfunksjonen muliggj\u00f8r mekanisk \u00e5pning fra innsiden uten \u00e5pningsknapp. L\u00e5sen har alarmbypass (by-pass funksjon) slik at &quot;Godkjent passasje&quot; kan oppn\u00e5s. Dette gir d\u00f8rmilj\u00f8et usl\u00e5elig brukervennlighet.<\/div>\n<div><\/div>\n<div>STEP 352S er utstyrt med STEPs unike automatiske stempel. N\u00e5r d\u00f8ren \u00e5pnes elektrisk, kan det automatiske stempelet foldes, og dermed \u00e5pnes med automatisk d\u00f8rdrift. Umiddelbart etter at d\u00f8ren er \u00e5pnet, forlenges det automatiske stempelet, l\u00e5ses i posisjon og fungerer akkurat som et vanlig fallstempel igjen.<\/div>\n<div>STEP 352S er derfor tilpasset spesielt for d\u00f8rmilj\u00f8er hvor man \u00f8nsker \u00f8kt tilgjengelighet.<\/div>\n<div><\/div>\n<div>L\u00e5sen har dobbel blokkering hvor krokboltblokkeringen ogs\u00e5 er blokkert. Posisjonen til l\u00e5sen leses av en optisk sensor slik at du kan v\u00e6re trygg p\u00e5 at den virkelig er l\u00e5st. L\u00e5sen er fullstendig beskyttet mot tilgang og sikrer dermed beskyttelse mot manipulasjon.<\/div>\n<div><\/div>\n<div>STEP 352S er utstyrt med FreeDrive\u00ae, v\u00e5r unike og patenterte teknologi som kobler helt ut l\u00e5sens motor og girkasse hver gang d\u00f8ren l\u00e5ses opp mekanisk.<\/div>\n<div><\/div>\n<div>Mange svenske d\u00f8rmilj\u00f8er er i dag utstyrt med l\u00e5ser som kan h\u00e5ndtere evakuering, gjeninnflytting, brann- og tilgjengelighetskrav, men til prisen av lav innbruddssikkerhet. Dette inneb\u00e6rer utvendige og innvendige skallbeskyttelsesd\u00f8rer i tusenvis av byg\u00e5rder, sykehus, behandlingshjem og kriminalomsorg, for \u00e5 nevne noen.<\/div>\n<div>Med STEP 352S motorl\u00e5s trenger du ikke g\u00e5 p\u00e5 akkord med inntrengningsbeskyttelse. I stedet kan du s\u00f8rge for en kombinasjon av alle kravene ovenfor i en og samme l\u00e5s, og ogs\u00e5 plassere den i et d\u00f8rmilj\u00f8 som brukes hyppig.<\/p>\n<p><b>Artikkelen inneholder:<\/b><\/div>\n<div>\n<ul>\n<li>Motorl\u00e5s ST352S Splitt H\u00f8yre<\/li>\n<li>ST300C kontrollenhet<\/li>\n<li>Rammeoverf\u00f8ring ST1283<\/li>\n<li>Tilkoblingskabel ST0916H 10m<\/li>\n<li>Trykkstifter ST1088-50 og ST1088-57<\/li>\n<li>Endeplate ST2009-15<\/li>\n<li>Borbeskyttelse ST1199<\/li>\n<li>Magnetisk kontakt ST0910<\/li>\n<li>Skrue og koblingssett ST1192<\/li>\n<\/ul>\n<\/div>\n<div><b>Kjennetegn:<\/b><\/p>\n<ul>\n<li>Ikke reversibel<\/li>\n<li>L\u00e5ser opp p\u00e5 mindre enn 0,1 sekund<\/li>\n<li>Moderne stempelplassering<\/li>\n<li>Begge kontrollere h\u00e5ndterer gjenhus<\/li>\n<li>FreeDrive\u00ae-teknologi<\/li>\n<li>Inngrepssikker l\u00e5seteknologi<\/li>\n<li>50 mm dordybde<\/li>\n<li>Kryptert kommunikasjon AES-128<\/li>\n<li>Garanterer \u00e5pning til tross for stripetrykk p\u00e5 opptil 80 kg<\/li>\n<li>Tilkobling til motorl\u00e5s skjer via RS-485<\/li>\n<li>Innebygd delt spindel<\/li>\n<li>Evakuering og re-entry sikres sammen med STEP Exit n\u00f8devakueringstilbeh\u00f8r. Sertifisert i henhold til SS-EN 179:2008<\/li>\n<li>Sertifisert for innbruddssikring i l\u00e5sklasse 2A og 2B i henhold til SSF 3522<\/li>\n<li>Sertifisert i brannbeskyttelsesklasse E\/EI120 i henhold til SS-EN 14846:2008<\/li>\n<li>Sertifisert i klasse L for korrosjon, temperaturer og fuktighet, som tilsvarer h\u00f8ye krav i henhold til SS-EN 14846<\/li>\n<li>Designet for bruk i h\u00f8yfrekvente d\u00f8rer<\/li>\n<li>Med unikt automatisk stempel<\/li>\n<\/ul>\n<\/div>\n<div><b>Trekk:<\/b><\/p>\n<ul>\n<li>Krokbolten og automatisk sylinderl\u00e5s\/l\u00e5s opp elektrisk via \u00e5pningssignal fra adgangssystem, kodel\u00e5s, trykknapp eller lignende.<\/li>\n<li>Krokbolten og automatisk stempel l\u00e5ses\/l\u00e5ses opp mekanisk via en trykknapp fra innsiden (splittfunksjon)<\/li>\n<li>Det automatiske stempelet trekkes inn mekanisk via skyvestangen med et trykk fra innsiden og utsiden.<\/li>\n<li>Normal passasje gj\u00f8res med et dytt fra innsiden<\/li>\n<li>Justerbar mekanisk delt side. Bytte av sider gj\u00f8res mekanisk p\u00e5 l\u00e5sehuset<\/li>\n<\/ul>\n<\/div>","protected":false},"excerpt":{"rendered":"<p>STEP 352S er en motorl\u00e5s med innebygd splitfunksjon og automatisk sylinder designet for \u00e5 erstatte deadbolt-l\u00e5ser i skallbeskyttelse og dermed skape sikker l\u00e5sing hele d\u00f8gnet. L\u00e5sen er designet for en<\/p>","protected":false},"featured_media":150099,"template":"","meta":{"_acf_changed":false},"product_brand":[],"product_cat":[2874],"product_tag":[],"class_list":{"0":"post-150100","1":"product","2":"type-product","3":"status-publish","4":"has-post-thumbnail","6":"product_cat-motorlas","7":"pa_brands-step","8":"tm-no-options","10":"first","11":"instock","12":"sale","13":"taxable","14":"shipping-taxable","15":"purchasable","16":"product-type-simple"},"acf":[],"_links":{"self":[{"href":"https:\/\/secureus.se\/no\/wp-json\/wp\/v2\/product\/150100","targetHints":{"allow":["GET"]}}],"collection":[{"href":"https:\/\/secureus.se\/no\/wp-json\/wp\/v2\/product"}],"about":[{"href":"https:\/\/secureus.se\/no\/wp-json\/wp\/v2\/types\/product"}],"wp:featuredmedia":[{"embeddable":true,"href":"https:\/\/secureus.se\/no\/wp-json\/wp\/v2\/media\/150099"}],"wp:attachment":[{"href":"https:\/\/secureus.se\/no\/wp-json\/wp\/v2\/media?parent=150100"}],"wp:term":[{"taxonomy":"product_brand","embeddable":true,"href":"https:\/\/secureus.se\/no\/wp-json\/wp\/v2\/product_brand?post=150100"},{"taxonomy":"product_cat","embeddable":true,"href":"https:\/\/secureus.se\/no\/wp-json\/wp\/v2\/product_cat?post=150100"},{"taxonomy":"product_tag","embeddable":true,"href":"https:\/\/secureus.se\/no\/wp-json\/wp\/v2\/product_tag?post=150100"}],"curies":[{"name":"wp","href":"https:\/\/api.w.org\/{rel}","templated":true}]}}