{"id":151355,"date":"2025-04-14T13:25:24","date_gmt":"2025-04-14T11:25:24","guid":{"rendered":"https:\/\/secureus.se\/microsd-minneskort-64gb-securex-card-pro-series\/"},"modified":"2026-03-19T16:00:02","modified_gmt":"2026-03-19T15:00:02","slug":"microsd-minneskort-64gb-securex-card-pro-series","status":"publish","type":"product","link":"https:\/\/secureus.se\/no\/microsd-minneskort-64gb-securex-card-pro-series\/","title":{"rendered":"MicroSD-minnekort 64GB - SecureX Card Pro Series"},"content":{"rendered":"<h4 class=\"\" data-start=\"480\" data-end=\"538\"><strong data-start=\"485\" data-end=\"538\">MicroSD-minnekort 64GB - SecureX Card Pro Series<\/strong><\/h4>\n<p class=\"\" data-start=\"540\" data-end=\"788\">SecureX Card Pro Series MicroSD-minnekort 64GB er et profesjonelt lagringskort optimalisert for h\u00f8yytelsesenheter som overv\u00e5kingskameraer, bil-DVR-er, GPS-systemer, smarttelefoner og annen teknologi hvor p\u00e5litelig og rask datalagring er avgj\u00f8rende.<\/p>\n<p class=\"\" data-start=\"790\" data-end=\"1117\">Med st\u00f8tte til <strong data-start=\"803\" data-end=\"833\">U3 og klasse 10 hastighet<\/strong> sikrer rask lesing og skriving, noe som gj\u00f8r kortet ideelt for kontinuerlig videoopptak og h\u00f8yoppl\u00f8selig materiale. Takket v\u00e6re bred kompatibilitet og robust design kan kortet operere i temperaturer fra <strong data-start=\"1049\" data-end=\"1069\">-25\u00b0C til +80\u00b0C<\/strong>, noe som gj\u00f8r den p\u00e5litelig selv i t\u00f8ffe milj\u00f8er.<\/p>\n<hr class=\"\" data-start=\"1194\" data-end=\"1197\" \/>\n<h4 class=\"\" data-start=\"1199\" data-end=\"1221\">\u2705 <strong data-start=\"1206\" data-end=\"1221\">Kjennetegn:<\/strong><\/h4>\n<ul data-start=\"1223\" data-end=\"1538\">\n<li class=\"\" data-start=\"1223\" data-end=\"1254\">\n<p class=\"\" data-start=\"1225\" data-end=\"1254\"><strong data-start=\"1225\" data-end=\"1247\">Lagringskapasitet:<\/strong> 64 GB<\/p>\n<\/li>\n<li class=\"\" data-start=\"1255\" data-end=\"1326\">\n<p class=\"\" data-start=\"1257\" data-end=\"1326\"><strong data-start=\"1257\" data-end=\"1277\">Fartsklasse:<\/strong> U3 \/ Klasse 10 \u2013 for rask og stabil ytelse<\/p>\n<\/li>\n<li class=\"\" data-start=\"1327\" data-end=\"1405\">\n<p class=\"\" data-start=\"1329\" data-end=\"1405\"><strong data-start=\"1329\" data-end=\"1349\">Kompatibel med:<\/strong> IP-kameraer, DVR-er, GPS, smarttelefoner, medisinsk teknologi, etc.<\/p>\n<\/li>\n<li class=\"\" data-start=\"1406\" data-end=\"1447\">\n<p class=\"\" data-start=\"1408\" data-end=\"1447\"><strong data-start=\"1408\" data-end=\"1428\">Driftstemperatur:<\/strong> -25\u00b0C til +80\u00b0C<\/p>\n<\/li>\n<li class=\"\" data-start=\"1448\" data-end=\"1469\">\n<p class=\"\" data-start=\"1450\" data-end=\"1469\"><strong data-start=\"1450\" data-end=\"1462\">Garanti:<\/strong> 5 \u00e5r<\/p>\n<\/li>\n<li class=\"\" data-start=\"1470\" data-end=\"1500\">\n<p class=\"\" data-start=\"1472\" data-end=\"1500\"><strong data-start=\"1472\" data-end=\"1495\">Adapter inkludert:<\/strong> Ja<\/p>\n<\/li>\n<li class=\"\" data-start=\"1501\" data-end=\"1538\">\n<p class=\"\" data-start=\"1503\" data-end=\"1538\"><strong data-start=\"1503\" data-end=\"1522\">Sertifiseringer:<\/strong> CE, FCC, RoHS<\/p>\n<\/li>\n<\/ul>\n<hr class=\"\" data-start=\"1540\" data-end=\"1543\" \/>\n<p class=\"\" data-start=\"1545\" data-end=\"1678\">En kompakt, men kraftig oppbevaringsl\u00f8sning fra <strong data-start=\"1591\" data-end=\"1618\">SecureX Card Pro Series<\/strong> \u2013 laget for de som krever p\u00e5litelig ytelse d\u00f8gnet rundt.<\/p>","protected":false},"excerpt":{"rendered":"<p><strong data-start=\"195\" data-end=\"248\">MicroSD-minnekort 64GB - SecureX Card Pro Series<\/strong><br data-start=\"248\" data-end=\"251\" \/>Kompakt, raskt og p\u00e5litelig minnekort for overv\u00e5king og andre krevende bruksomr\u00e5der. Klasse 10, U3-hastighet og 5 \u00e5rs garanti \u2013 stabil lagring du kan stole p\u00e5.<\/p>","protected":false},"featured_media":163061,"template":"","meta":{"_acf_changed":false},"product_brand":[],"product_cat":[3260],"product_tag":[],"class_list":{"0":"post-151355","1":"product","2":"type-product","3":"status-publish","4":"has-post-thumbnail","6":"product_cat-micro-sd-minneskort","7":"product_shipping_class-postnord-varubrev","8":"tm-no-options","10":"first","11":"instock","12":"sale","13":"taxable","14":"shipping-taxable","15":"purchasable","16":"product-type-simple"},"acf":[],"_links":{"self":[{"href":"https:\/\/secureus.se\/no\/wp-json\/wp\/v2\/product\/151355","targetHints":{"allow":["GET"]}}],"collection":[{"href":"https:\/\/secureus.se\/no\/wp-json\/wp\/v2\/product"}],"about":[{"href":"https:\/\/secureus.se\/no\/wp-json\/wp\/v2\/types\/product"}],"wp:featuredmedia":[{"embeddable":true,"href":"https:\/\/secureus.se\/no\/wp-json\/wp\/v2\/media\/163061"}],"wp:attachment":[{"href":"https:\/\/secureus.se\/no\/wp-json\/wp\/v2\/media?parent=151355"}],"wp:term":[{"taxonomy":"product_brand","embeddable":true,"href":"https:\/\/secureus.se\/no\/wp-json\/wp\/v2\/product_brand?post=151355"},{"taxonomy":"product_cat","embeddable":true,"href":"https:\/\/secureus.se\/no\/wp-json\/wp\/v2\/product_cat?post=151355"},{"taxonomy":"product_tag","embeddable":true,"href":"https:\/\/secureus.se\/no\/wp-json\/wp\/v2\/product_tag?post=151355"}],"curies":[{"name":"wp","href":"https:\/\/api.w.org\/{rel}","templated":true}]}}