{"id":151447,"date":"2023-09-27T18:04:31","date_gmt":"2023-09-27T16:04:31","guid":{"rendered":"https:\/\/secureus.se\/blindstolpe-510-2\/"},"modified":"2026-04-23T12:22:40","modified_gmt":"2026-04-23T10:22:40","slug":"blindstolpe-510","status":"publish","type":"product","link":"https:\/\/secureus.se\/no\/blindstolpe-510\/","title":{"rendered":"Blindstang 510"},"content":{"rendered":"<div>ASSA ABLOY 510 er en blind sluttplate som brukes n\u00e5r d\u00f8rseksjonen mangler mekanisk l\u00e5s og elektrisk sluttplate, men karmen er forberedt for elektrisk sluttplate. Navnet p\u00e5 blindstolpen, samt dimensjonene, er det samme som monteringsstolpen for elektriske endeplater med samme navn.<\/div>\n<div><b>Kjennetegn:<\/b><\/div>\n<div>\n<ul>\n<li>Bredde: 35 mm<\/li>\n<li>H\u00f8yde: 180 mm<\/li>\n<\/ul>\n<\/div>","protected":false},"excerpt":{"rendered":"<h5><a href=\"https:\/\/elslutblecksguiden.se\/\" target=\"_blank\" rel=\"noopener\">Veiledning for ASSA Elektriske l\u00e5ser, motorl\u00e5ser, Elektriske sluttplater og erstatningsguide<\/a><\/h5>","protected":false},"featured_media":139210,"template":"","meta":{"_acf_changed":false},"product_brand":[],"product_cat":[4735],"product_tag":[2967],"class_list":{"0":"post-151447","1":"product","2":"type-product","3":"status-publish","4":"has-post-thumbnail","6":"product_cat-monteringsstolpe","7":"product_tag-rg-assa-abloy","8":"product_shipping_class-tunga-paket","9":"pa_brands-abloy","10":"tm-no-options","12":"first","13":"instock","14":"sale","15":"taxable","16":"shipping-taxable","17":"purchasable","18":"product-type-simple"},"acf":[],"_links":{"self":[{"href":"https:\/\/secureus.se\/no\/wp-json\/wp\/v2\/product\/151447","targetHints":{"allow":["GET"]}}],"collection":[{"href":"https:\/\/secureus.se\/no\/wp-json\/wp\/v2\/product"}],"about":[{"href":"https:\/\/secureus.se\/no\/wp-json\/wp\/v2\/types\/product"}],"wp:featuredmedia":[{"embeddable":true,"href":"https:\/\/secureus.se\/no\/wp-json\/wp\/v2\/media\/139210"}],"wp:attachment":[{"href":"https:\/\/secureus.se\/no\/wp-json\/wp\/v2\/media?parent=151447"}],"wp:term":[{"taxonomy":"product_brand","embeddable":true,"href":"https:\/\/secureus.se\/no\/wp-json\/wp\/v2\/product_brand?post=151447"},{"taxonomy":"product_cat","embeddable":true,"href":"https:\/\/secureus.se\/no\/wp-json\/wp\/v2\/product_cat?post=151447"},{"taxonomy":"product_tag","embeddable":true,"href":"https:\/\/secureus.se\/no\/wp-json\/wp\/v2\/product_tag?post=151447"}],"curies":[{"name":"wp","href":"https:\/\/api.w.org\/{rel}","templated":true}]}}